{"id":22,"date":"2016-09-20T21:36:25","date_gmt":"2016-09-20T19:36:25","guid":{"rendered":"https:\/\/yourtextiledreams.com\/?page_id=22"},"modified":"2025-10-19T17:38:14","modified_gmt":"2025-10-19T16:38:14","slug":"terms","status":"publish","type":"page","link":"https:\/\/textilbogyo.hu\/en_gb\/terms\/","title":{"rendered":"\u00c1SZF"},"content":{"rendered":"<p><strong>WEB\u00c1RUH\u00c1Z TERM\u00c9KEI<\/strong><\/p>\n<p>Web\u00e1ruh\u00e1zamban a term\u00e9kek k\u00e9szleten vannak. K\u00fcl\u00f6n jelzem azokat a term\u00e9keket, amelyek m\u00e1r elfogytak, viszont k\u00e9rhetsz bel\u0151l\u00fck \u00fajat, vagy hasonl\u00f3t.<\/p>\n<p><strong>RENDEL\u00c9SI LEHET\u0150S\u00c9G<\/strong><\/p>\n<p>Amennyiben saj\u00e1t elk\u00e9pzel\u00e9sed van egy adott alkot\u00e1sommal kapcsolatban, vagy m\u00e1s m\u00e9retet, sz\u00ednvil\u00e1got szeretn\u00e9l, akkor el\u0151zetes egyeztet\u00e9s alapj\u00e1n sz\u00edvesen elk\u00e9sz\u00edtem sz\u00e1modra. Az elk\u00e9sz\u00fclt term\u00e9kr\u0151l f\u00e9nyk\u00e9pet k\u00fcld\u00f6k. A rendel\u00e9sedet a v\u00e9tel\u00e1r \u00e9s a sz\u00e1ll\u00edt\u00e1si k\u00f6lts\u00e9g kiegyenl\u00edt\u00e9s\u00e9t k\u00f6vet\u0151en kezdem el k\u00e9sz\u00edteni. Egy term\u00e9kb\u0151l t\u00f6bb darabot is el tudok k\u00e9sz\u00edteni.<\/p>\n<p><strong>CSERE, VISSZAT\u00c9R\u00cdT\u00c9S \u00c9S SZAVATOSS\u00c1G<\/strong><\/p>\n<p><strong>Csere \u00e9s visszat\u00e9r\u00edt\u00e9s:<\/strong><\/p>\n<p>A megv\u00e1s\u00e1rolt term\u00e9ket 14 napon bel\u00fcl van lehet\u0151s\u00e9ged cser\u00e9lni vagy visszak\u00fcldeni. Mindk\u00e9t esetben kiz\u00e1r\u00f3lag s\u00e9rtetlen \u00e9s eredeti \u00e1llapotban visszak\u00fcld\u00f6tt term\u00e9ket tudok elfogadni, sz\u00e1mla ellen\u00e9ben.<\/p>\n<p>Visszak\u00fcld\u00e9s eset\u00e9n k\u00e9rlek, vedd fel velem a kapcsolatot a banszegi.zsuzsa@gmail.com\u00a0e-mail c\u00edmen.<\/p>\n<p><strong>Szavatoss\u00e1g:<\/strong><\/p>\n<p>Minden \u00e9kszerre 1 h\u00f3nap szavatoss\u00e1g vonatkozik. Hiba eset\u00e9ben 1 h\u00f3napon bel\u00fcl t\u00e9r\u00edt\u00e9smentesen megjav\u00edtom a v\u00e1s\u00e1rolt \u00e9kszert. A nem rendeltet\u00e9sszer\u0171 haszn\u00e1latb\u00f3l ered\u0151 hib\u00e1k\u00e9rt, s\u00e9r\u00fcl\u00e9sek\u00e9rt nem v\u00e1llalok felel\u0151ss\u00e9get, ebben az esetben az ingyenes jav\u00edt\u00e1s lehet\u0151s\u00e9ge \u00e9rv\u00e9ny\u00e9t veszti. K\u00e9rlek, hogy v\u00edzben ne hord az \u00e9kszereket.<\/p>\n<p>A textilbogy\u00f3\u00a0 \u00e9kszerek divat\u00e9kszerek. A 151\/2003. korm\u00e1nyrendelet alapj\u00e1n az \u00e9kszerek nem min\u0151s\u00fclnek tart\u00f3s fogyaszt\u00e1si cikknek, ez\u00e9rt ezekre a term\u00e9kekre garancia nem vonatkozik. Viszont szavatoss\u00e1got v\u00e1llalok az alkot\u00e1si folyamat sor\u00e1n keletkezett hib\u00e1kra. Szavatoss\u00e1g eset\u00e9n az Elad\u00f3 az\u00e9rt v\u00e1llal felel\u0151ss\u00e9get, hogy elad\u00e1skor hib\u00e1tlan term\u00e9ket adott \u00e1t a Vev\u0151nek, azaz nincs a term\u00e9knek olyan rejtett hib\u00e1ja, ami csak k\u00e9s\u0151bb fog kider\u00fclni. Szavatoss\u00e1gi ig\u00e9nyed az ellen\u00e9rt\u00e9k megfizet\u00e9s\u00e9t igazol\u00f3 bizonylattal (sz\u00e1mla) \u00e9rv\u00e9nyes\u00edtheted.<\/p>\n<p>Szavatoss\u00e1g nem \u00e9rv\u00e9nyes\u00edthet\u0151 az al\u00e1bbi esetekben:<\/p>\n<ul>\n<li>Nem rendeltet\u00e9sszer\u0171 haszn\u00e1lat, a fogyaszt\u00f3 hib\u00e1j\u00e1b\u00f3l vagy durva, gondatlan kezel\u00e9s miatt bek\u00f6vetkezett s\u00e9r\u00fcl\u00e9sek (t\u00f6r\u00e9s, szakad\u00e1s, v\u00edzzel val\u00f3 \u00e9rintkez\u00e9s, elsz\u00ednez\u0151d\u00e9s, stb.).<\/li>\n<li>Er\u0151s vegyszerek, vegyi anyagok (pl.: parf\u00fcm, hajlakk, szappan, egy\u00e9b kozmetikumok) hat\u00e1s\u00e1ra az \u00e9kszer fel\u00fclet\u00e9n bek\u00f6vetkezett elv\u00e1ltoz\u00e1s (elsz\u00ednez\u0151d\u00e9s).<\/li>\n<li>Mindennapi haszn\u00e1latb\u00f3l ad\u00f3d\u00f3 s\u00e9r\u00fcl\u00e9sek (anyag szakad\u00e1s)<\/li>\n<\/ul>\n<p><strong>HASZN\u00c1LATI \u00daTMUTAT\u00d3<\/strong><\/p>\n<p>\u00c9kszereim, \u00f6veim mindennapos haszn\u00e1latra alkalmasak.<\/p>\n<p>Rendeltet\u00e9sszer\u0171 haszn\u00e1latra vonatkoz\u00f3 szab\u00e1lyok:<\/p>\n<p><strong>Ne haszn\u00e1ld az al\u00e1bbi esetekben:<\/strong><\/p>\n<ul>\n<li>Fizikai jelleg\u0171 munkav\u00e9gz\u00e9skor<\/li>\n<li>Sportol\u00e1s, intenz\u00edv mozg\u00e1st ig\u00e9nyl\u0151 szabadid\u0151s tev\u00e9kenys\u00e9g sor\u00e1n<\/li>\n<li>\u00dasz\u00e1s, f\u00fcrd\u00e9s, zuhanyoz\u00e1s, mosogat\u00e1s k\u00f6zben<\/li>\n<li>Gy\u00f3gyf\u00fcrd\u0151ben, uszod\u00e1ban, strandon, szaun\u00e1z\u00e1s vagy szol\u00e1rium k\u00f6zben<\/li>\n<\/ul>\n<p><strong>\u00d3vni kell az al\u00e1bbiakt\u00f3l:<\/strong><\/p>\n<ul>\n<li>Vegyi anyagokkal, tiszt\u00edt\u00f3szerekkel val\u00f3 \u00e9rintkez\u00e9st\u0151l<\/li>\n<li>Er\u0151s napf\u00e9nyt\u0151l, egy\u00e9b er\u0151s h\u0151hat\u00e1st\u00f3l, nedvess\u00e9gt\u0151l, mechanikai hat\u00e1sokt\u00f3l<\/li>\n<li>B\u00e1rmilyen kr\u00e9mt\u0151l, kozmetikumt\u00f3l, parf\u00fcmt\u0151l<\/li>\n<\/ul>\n<p><strong>Tiszt\u00edt\u00e1s:<\/strong> Az \u00e9kszerek, \u00f6vek enyh\u00e9n nedves, puha ruh\u00e1val, kend\u0151vel tiszt\u00edthat\u00f3ak.<\/p>\n<p><a href=\"https:\/\/textilbogyo.hu\/wp-content\/uploads\/ALTALANOS-SZERZODESI-FELTETELEK-2025.10.20..pdf\">\u00c1LTAL\u00c1NOS SZERZ\u0150D\u00c9SI FELT\u00c9TELEK 2025.10.20.<\/a><\/p>","protected":false},"excerpt":{"rendered":"<p>WEB\u00c1RUH\u00c1Z TERM\u00c9KEI Web\u00e1ruh\u00e1zamban a term\u00e9kek k\u00e9szleten vannak. K\u00fcl\u00f6n jelzem azokat a term\u00e9keket, amelyek m\u00e1r elfogytak, viszont k\u00e9rhetsz bel\u0151l\u00fck \u00fajat, vagy hasonl\u00f3t. RENDEL\u00c9SI LEHET\u0150S\u00c9G Amennyiben saj\u00e1t elk\u00e9pzel\u00e9sed van egy adott alkot\u00e1sommal kapcsolatban, vagy m\u00e1s m\u00e9retet, sz\u00ednvil\u00e1got szeretn\u00e9l, akkor el\u0151zetes egyeztet\u00e9s alapj\u00e1n &hellip; <a href=\"https:\/\/textilbogyo.hu\/en_gb\/terms\/\">Continued<\/a><\/p>","protected":false},"author":2,"featured_media":0,"parent":0,"menu_order":0,"comment_status":"closed","ping_status":"closed","template":"page-fullwidth.php","meta":{"_monsterinsights_skip_tracking":false,"_monsterinsights_sitenote_active":false,"_monsterinsights_sitenote_note":"","_monsterinsights_sitenote_category":0,"kt_blocks_editor_width":""},"_links":{"self":[{"href":"https:\/\/textilbogyo.hu\/en_gb\/wp-json\/wp\/v2\/pages\/22"}],"collection":[{"href":"https:\/\/textilbogyo.hu\/en_gb\/wp-json\/wp\/v2\/pages"}],"about":[{"href":"https:\/\/textilbogyo.hu\/en_gb\/wp-json\/wp\/v2\/types\/page"}],"author":[{"embeddable":true,"href":"https:\/\/textilbogyo.hu\/en_gb\/wp-json\/wp\/v2\/users\/2"}],"replies":[{"embeddable":true,"href":"https:\/\/textilbogyo.hu\/en_gb\/wp-json\/wp\/v2\/comments?post=22"}],"version-history":[{"count":10,"href":"https:\/\/textilbogyo.hu\/en_gb\/wp-json\/wp\/v2\/pages\/22\/revisions"}],"predecessor-version":[{"id":5439,"href":"https:\/\/textilbogyo.hu\/en_gb\/wp-json\/wp\/v2\/pages\/22\/revisions\/5439"}],"wp:attachment":[{"href":"https:\/\/textilbogyo.hu\/en_gb\/wp-json\/wp\/v2\/media?parent=22"}],"curies":[{"name":"wp","href":"https:\/\/api.w.org\/{rel}","templated":true}]}}