{"id":45,"date":"2016-09-24T21:12:48","date_gmt":"2016-09-24T19:12:48","guid":{"rendered":"https:\/\/yourtextiledreams.com\/?page_id=45"},"modified":"2025-10-30T19:40:52","modified_gmt":"2025-10-30T18:40:52","slug":"about-us","status":"publish","type":"page","link":"https:\/\/textilbogyo.hu\/en_gb\/about-us\/","title":{"rendered":"ABOUT ME"},"content":{"rendered":"<div class=\"wp-block-image\">\n<figure class=\"aligncenter size-large is-resized\"><img decoding=\"async\" loading=\"lazy\" src=\"https:\/\/textilbogyo.hu\/wp-content\/uploads\/IMG_20251004_142307_HDR-771x1024.jpg\" alt=\"\" class=\"wp-image-5431\" width=\"347\" height=\"460\" srcset=\"https:\/\/textilbogyo.hu\/wp-content\/uploads\/IMG_20251004_142307_HDR-771x1024.jpg 771w, https:\/\/textilbogyo.hu\/wp-content\/uploads\/IMG_20251004_142307_HDR-226x300.jpg 226w, https:\/\/textilbogyo.hu\/wp-content\/uploads\/IMG_20251004_142307_HDR-768x1020.jpg 768w, https:\/\/textilbogyo.hu\/wp-content\/uploads\/IMG_20251004_142307_HDR-1157x1536.jpg 1157w, https:\/\/textilbogyo.hu\/wp-content\/uploads\/IMG_20251004_142307_HDR-1542x2048.jpg 1542w, https:\/\/textilbogyo.hu\/wp-content\/uploads\/IMG_20251004_142307_HDR-9x12.jpg 9w, https:\/\/textilbogyo.hu\/wp-content\/uploads\/IMG_20251004_142307_HDR-600x797.jpg 600w, https:\/\/textilbogyo.hu\/wp-content\/uploads\/IMG_20251004_142307_HDR-scaled.jpg 1928w\" sizes=\"(max-width: 347px) 100vw, 347px\" \/><\/figure><\/div>\n\n\n<p class=\"has-background\" style=\"background-color:#e3ddeb\">B\u00e1nszegi Zsuzsa vagyok, v\u00e9gzetts\u00e9gem szerint&nbsp; ifj\u00fas\u00e1gi k\u00f6z\u00f6ss\u00e9gfejleszt\u0151, feln\u0151ttoktat\u00e1si menedzser \u00e9s hobby alkot\u00f3. A kreat\u00edv alkot\u00e1s mindig is az \u00e9letem egyik f\u0151 pill\u00e9re volt, tin\u00e9dzserkorom \u00f3ta alkotok, k\u00e9zm\u0171veskedek. Ezt a lelkesed\u00e9st, kitart\u00e1st \u00e9s \u00e9rdekl\u0151d\u00e9st a k\u00fcl\u00f6nb\u00f6z\u0151 k\u00e9zm\u0171ves technik\u00e1k ir\u00e1nt a Nagymam\u00e1mt\u00f3l \u00f6r\u00f6k\u00f6ltem, akivel szabadid\u0151mben rengeteget h\u00edmeztem, k\u00f6t\u00f6ttem, kereszth\u00edmz\u00e9ses munk\u00e1kat alkottunk.&nbsp;&nbsp;Nagy \u00e1lmom volt, hogy cip\u0151tervez\u0151 leszek, a sors viszont mindig m\u00e1s ir\u00e1nyba vitt, de rem\u00e9lem, hogy ennek is elj\u00f6n az ideje hamarosan az \u00e9letemben. <\/p>\n\n\n\n<p class=\"has-text-align-left has-background\" style=\"background-color:#d2bae2\">A fa- \u00e9s textil\u00e9kszer tervez\u00e9ssel legink\u00e1bb szabadid\u0151mben foglalkozom, b\u00e1r lassan ez a tev\u00e9kenys\u00e9g egyre ink\u00e1bb nagyobb ter\u00fcletet foglal el az \u00e9letemben nagy \u00f6r\u00f6m\u00f6mre.  2010 \u00f3ta tervezek \u00e9s k\u00e9sz\u00edtek textil illetve fa-textil p\u00e1ros\u00edt\u00e1ssal \u00e9kszereket.  S ma m\u00e1r az \u00f6vek \u00e9s egy\u00e9b lak\u00e1sdekor\u00e1ci\u00f3k tervez\u00e9s\u00e9re teszek nagyobb hangs\u00falyt. Gyerekeknek k\u00e9t \u00e9ven \u00e1t tartottam rendszeres k\u00e9zm\u0171ves foglalkoz\u00e1sokat T\u00f6r\u00f6kb\u00e1linton, majd egy \u00e9vig a H\u00e9v\u00edzi V\u00e1rosi K\u00f6nyvt\u00e1rban a helyi \u00e1ltal\u00e1nos iskol\u00e1sokat vontam be a az \u00e9kszerk\u00e9sz\u00edt\u00e9s \u00e9s lak\u00e1sdekor\u00e1ci\u00f3 sz\u00ednes vil\u00e1g\u00e1ba. <\/p>\n\n\n\n<p class=\"has-background\" style=\"background-color:#e3ddeb\">Alkot\u00e1saim saj\u00e1t fant\u00e1zi\u00e1m sz\u00fclem\u00e9nyei, a fa\u00e9kszerek eset\u00e9ben az \u00e9kszeralapokat is \u00e9n tervezem \u00e9s f\u00e9rjem k\u00e9sz\u00edti el azokat sz\u00e1momra CNC megmunk\u00e1l\u00e1ssal. Sok esetben \u00fajrahasznos\u00edthat\u00f3 anyagokb\u00f3l k\u00e9sz\u00fclnek az \u00e9kszereim, textilbogy\u00f3im vagy egy\u00e9b kieg\u00e9sz\u00edt\u0151im mind a felhaszn\u00e1lt fa mind a fonalak \u00e9s textildarabok eset\u00e9ben.  Alkot\u00e1saim \u00f6n\u00e1ll\u00f3 st\u00edlust \u00e9s saj\u00e1tos \u00f6nkifejez\u00e9st t\u00fckr\u00f6znek, sz\u00edness\u00e9g\u00fck a vid\u00e1ms\u00e1g \u00e9s a pozit\u00edv \u00e9let\u00e9rz\u00e9st er\u0151s\u00edti. \u00c9kszereimmel, lak\u00e1sdekor\u00e1c\u00f3immal \u00e9s ruha kieg\u00e9sz\u00edt\u0151immel nem trendeket k\u00edv\u00e1nok k\u00f6vetni, hanem&nbsp; st\u00edlust szeretn\u00e9k teremteni.<\/p>\n\n\n\n<p>A Textilbogy\u00f3 brand tulajdonosa: B\u00e1nszegi Zsuzsa<\/p>\n\n\n\n<p>Ad\u00f3sz\u00e1m: 79109079-1-40<\/p>\n\n\n\n<p>textilbogyo@gmail.com<\/p>\n\n\n\n<p>8371 Nemesb\u00fck, \u00c1rp\u00e1d u. 25.<\/p>\n\n\n\n<p>Hungary, Europe<\/p>","protected":false},"excerpt":{"rendered":"<p>B\u00e1nszegi Zsuzsa vagyok, v\u00e9gzetts\u00e9gem szerint&nbsp; ifj\u00fas\u00e1gi k\u00f6z\u00f6ss\u00e9gfejleszt\u0151, feln\u0151ttoktat\u00e1si menedzser \u00e9s hobby alkot\u00f3. A kreat\u00edv alkot\u00e1s mindig is az \u00e9letem egyik f\u0151 pill\u00e9re volt, tin\u00e9dzserkorom \u00f3ta alkotok, k\u00e9zm\u0171veskedek. Ezt a lelkesed\u00e9st, kitart\u00e1st \u00e9s \u00e9rdekl\u0151d\u00e9st a k\u00fcl\u00f6nb\u00f6z\u0151 k\u00e9zm\u0171ves technik\u00e1k ir\u00e1nt a Nagymam\u00e1mt\u00f3l &hellip; <a href=\"https:\/\/textilbogyo.hu\/en_gb\/about-us\/\">Continued<\/a><\/p>","protected":false},"author":2,"featured_media":0,"parent":0,"menu_order":0,"comment_status":"closed","ping_status":"closed","template":"page-fullwidth.php","meta":{"_monsterinsights_skip_tracking":false,"_monsterinsights_sitenote_active":false,"_monsterinsights_sitenote_note":"","_monsterinsights_sitenote_category":0,"kt_blocks_editor_width":""},"_links":{"self":[{"href":"https:\/\/textilbogyo.hu\/en_gb\/wp-json\/wp\/v2\/pages\/45"}],"collection":[{"href":"https:\/\/textilbogyo.hu\/en_gb\/wp-json\/wp\/v2\/pages"}],"about":[{"href":"https:\/\/textilbogyo.hu\/en_gb\/wp-json\/wp\/v2\/types\/page"}],"author":[{"embeddable":true,"href":"https:\/\/textilbogyo.hu\/en_gb\/wp-json\/wp\/v2\/users\/2"}],"replies":[{"embeddable":true,"href":"https:\/\/textilbogyo.hu\/en_gb\/wp-json\/wp\/v2\/comments?post=45"}],"version-history":[{"count":57,"href":"https:\/\/textilbogyo.hu\/en_gb\/wp-json\/wp\/v2\/pages\/45\/revisions"}],"predecessor-version":[{"id":5460,"href":"https:\/\/textilbogyo.hu\/en_gb\/wp-json\/wp\/v2\/pages\/45\/revisions\/5460"}],"wp:attachment":[{"href":"https:\/\/textilbogyo.hu\/en_gb\/wp-json\/wp\/v2\/media?parent=45"}],"curies":[{"name":"wp","href":"https:\/\/api.w.org\/{rel}","templated":true}]}}