{"id":78,"date":"2016-09-30T14:28:22","date_gmt":"2016-09-30T12:28:22","guid":{"rendered":"https:\/\/yourtextiledreams.com\/?page_id=78"},"modified":"2025-10-30T19:42:20","modified_gmt":"2025-10-30T18:42:20","slug":"returns-policy","status":"publish","type":"page","link":"https:\/\/textilbogyo.hu\/en_gb\/returns-policy\/","title":{"rendered":"Workshopok"},"content":{"rendered":"<p>V\u00e1llalok c\u00e9gek, int\u00e9zm\u00e9nyek, szervezetek \u00e9s gyerekek sz\u00e1m\u00e1ra is workshopok tart\u00e1s\u00e1t, ak\u00e1r alkalmank\u00e9nti id\u0151pontokban ak\u00e1r rendszeres jelleggel is. <\/p>\n\n\n\n<p><\/p>\n\n\n\n<p>Foglalkoz\u00e1saim sor\u00e1n biztos\u00edtom az alapanyagokat, a seg\u00edt\u0151 szakmai h\u00e1tteret, a kellemes hangulatot \u00e9s a kreat\u00edv \u00e9lm\u00e9nypillanatokat. A r\u00e9sztvev\u0151k megtapasztalhatj\u00e1k, hogy a kreativit\u00e1s, alkot\u00e1s \u00e9s az egy\u00fcttm\u0171k\u00f6d\u00e9s hogyan seg\u00edtik a legszebb egyedi kre\u00e1ci\u00f3k megalkot\u00e1s\u00e1t. A r\u00e9sztvev\u0151k nemcsak megtanulnak egy-egy k\u00fcl\u00f6nleges \u00e9kszerk\u00e9sz\u00edt\u00e9si vagy egy\u00e9b k\u00e9zm\u0171ves technika elsaj\u00e1t\u00edt\u00e1s\u00e1t, de k\u00f6zben er\u0151s\u00edtik a csapategys\u00e9get is.<\/p>\n\n\n\n<p>Csatlakozz TE is Textilbogy\u00f3s kreat\u00edv \u00e9kszer workshopra, ahol saj\u00e1t st\u00edlusod \u00e9s sz\u00ednvil\u00e1god alapj\u00e1n k\u00e9sz\u00edthetsz egyedi \u00e9kszereket! Engedd sz\u00e1rnyalni a fant\u00e1zi\u00e1d, mer\u00fclj egy izgalmas \u00e9s tartalmas kreat\u00edv programban \u00e9s vidd haza saj\u00e1t \u00e9kszeredet!<\/p>\n\n\n\n<p>Egyeztet\u00e9s: textilbogyo@gmail.com, 20\/235-3577<\/p>\n\n\n\n<p><\/p>","protected":false},"excerpt":{"rendered":"<p>V\u00e1llalok c\u00e9gek, int\u00e9zm\u00e9nyek, szervezetek \u00e9s gyerekek sz\u00e1m\u00e1ra is workshopok tart\u00e1s\u00e1t, ak\u00e1r alkalmank\u00e9nti id\u0151pontokban ak\u00e1r rendszeres jelleggel is. Foglalkoz\u00e1saim sor\u00e1n biztos\u00edtom az alapanyagokat, a seg\u00edt\u0151 szakmai h\u00e1tteret, a kellemes hangulatot \u00e9s a kreat\u00edv \u00e9lm\u00e9nypillanatokat. A r\u00e9sztvev\u0151k megtapasztalhatj\u00e1k, hogy a kreativit\u00e1s, alkot\u00e1s &hellip; <a href=\"https:\/\/textilbogyo.hu\/en_gb\/returns-policy\/\">Continued<\/a><\/p>","protected":false},"author":3,"featured_media":0,"parent":0,"menu_order":0,"comment_status":"closed","ping_status":"closed","template":"","meta":{"_monsterinsights_skip_tracking":false,"_monsterinsights_sitenote_active":false,"_monsterinsights_sitenote_note":"","_monsterinsights_sitenote_category":0,"kt_blocks_editor_width":""},"_links":{"self":[{"href":"https:\/\/textilbogyo.hu\/en_gb\/wp-json\/wp\/v2\/pages\/78"}],"collection":[{"href":"https:\/\/textilbogyo.hu\/en_gb\/wp-json\/wp\/v2\/pages"}],"about":[{"href":"https:\/\/textilbogyo.hu\/en_gb\/wp-json\/wp\/v2\/types\/page"}],"author":[{"embeddable":true,"href":"https:\/\/textilbogyo.hu\/en_gb\/wp-json\/wp\/v2\/users\/3"}],"replies":[{"embeddable":true,"href":"https:\/\/textilbogyo.hu\/en_gb\/wp-json\/wp\/v2\/comments?post=78"}],"version-history":[{"count":15,"href":"https:\/\/textilbogyo.hu\/en_gb\/wp-json\/wp\/v2\/pages\/78\/revisions"}],"predecessor-version":[{"id":5462,"href":"https:\/\/textilbogyo.hu\/en_gb\/wp-json\/wp\/v2\/pages\/78\/revisions\/5462"}],"wp:attachment":[{"href":"https:\/\/textilbogyo.hu\/en_gb\/wp-json\/wp\/v2\/media?parent=78"}],"curies":[{"name":"wp","href":"https:\/\/api.w.org\/{rel}","templated":true}]}}