{"id":3788,"date":"2023-03-24T19:37:30","date_gmt":"2023-03-24T18:37:30","guid":{"rendered":"https:\/\/yourtextiledreams.com\/?post_type=product&#038;p=3788"},"modified":"2025-04-01T13:18:57","modified_gmt":"2025-04-01T12:18:57","slug":"red-floral-embroidered-pendant-handmade-necklace-with-flowers-embroidery-pendant-in-vintage-style-copy","status":"publish","type":"product","link":"https:\/\/textilbogyo.hu\/en_gb\/shop\/himzett-ekszerek\/red-floral-embroidered-pendant-handmade-necklace-with-flowers-embroidery-pendant-in-vintage-style-copy\/","title":{"rendered":"H\u00edmzett 3d hat\u00e1s\u00fa piros vir\u00e1g, h\u00edmzett \u00e9kszer, h\u00edmzett nyakl\u00e1nc, modern h\u00edmz\u00e9s, brazil h\u00edmz\u00e9s"},"content":{"rendered":"<p>3d hat\u00e1s\u00fa piros vir\u00e1got \u00e1br\u00e1zol\u00f3 h\u00edmzett nyakl\u00e1ncomat l\u00e1tod lensz\u00f6veten ov\u00e1lis fakeretben. Halv\u00e1nyz\u00f6ld selyemszalaggal ell\u00e1tva. Ez a nyakl\u00e1nc annak sz\u00f3l, aki most legsz\u00edvesebben egy vir\u00e1gos kertben lenne \u00e9s egy r\u00f3zsa illat\u00e1t szippantan\u00e1 mag\u00e1ba.<\/p>\n<p>M\u00e9rete: Med\u00e1l: 30 x 40 mm Ezzel a h\u00edmzett darabbal st\u00edlusoss\u00e1, egyediv\u00e9 teheted megjelen\u00e9sedet! Garant\u00e1ltan szemet vonz\u00f3 darab. Kiv\u00e1l\u00f3 aj\u00e1nd\u00e9k kar\u00e1csonyra, n\u00e9vnapra, sz\u00fclinapra, Any\u00e1k napj\u00e1ra<\/p>\n<p>&nbsp;<\/p>\n<p>&nbsp;<\/p>\n<p>Are you looking for something special and unique? Make your look perfec with this beautiful embroidered necklace.<\/p>\n<p>It is created with love and careful work.<\/p>\n<p>Vintage style pendant handmade<\/p>\n<p>&nbsp;<\/p>\n<p>100% handmade.<\/p>\n<p>The pendant already in sets with chain necklace with clasp.<\/p>\n<p>It is light to wear. Please take care of textile jewelleries as bathing, swimming or showering can damage the quality and look of it.<br \/>\n\u2013 \u2013 \u2013 \u2013 \u2013 \u2013 \u2013 \u2013 \u2013 \u2013 \u2013 \u2013 \u2013 \u2013 \u2013 \u2013<\/p>\n<p>Measurement of the wooden pendant : 52 mm x 42 mm<\/p>\n<p>\u2013 \u2013 \u2013 \u2013 \u2013 \u2013 \u2013 \u2013 \u2013 \u2013 \u2013 \u2013 \u2013 \u2013 \u2013<\/p>\n<p>CUSTOM ORDERS TAKEN. Feel free to contact me.<\/p>\n<p>I ship International from Europe with regular priority shipping.<br \/>\nIf you would like your package to be sent with Registered Shipping, which is safer, please tick \u201cregistered\u201d when shopping. (Registered shipping is+ 5 USD ). Registered shipping contains only tracking number and I\u2019m able to launch investigation in case your package would be lost.I take responsibility only with registered shipping.<\/p>\n<p>My product is made of eco friendly wood saving trees, as these tiny pieces are crafted from waste-wood. Environmentally friendly product from an eco-conscious store.<\/p>","protected":false},"excerpt":{"rendered":"<p>H\u00edmzett 3D nyakl\u00e1nc<\/p>","protected":false},"featured_media":4411,"template":"","meta":{"_monsterinsights_skip_tracking":false,"_monsterinsights_sitenote_active":false,"_monsterinsights_sitenote_note":"","_monsterinsights_sitenote_category":0,"kt_blocks_editor_width":""},"product_cat":[16],"product_tag":[1375,1372,1287,1278,1282,1277,1286,1289,1290,1288,1371,1379],"_links":{"self":[{"href":"https:\/\/textilbogyo.hu\/en_gb\/wp-json\/wp\/v2\/product\/3788"}],"collection":[{"href":"https:\/\/textilbogyo.hu\/en_gb\/wp-json\/wp\/v2\/product"}],"about":[{"href":"https:\/\/textilbogyo.hu\/en_gb\/wp-json\/wp\/v2\/types\/product"}],"wp:featuredmedia":[{"embeddable":true,"href":"https:\/\/textilbogyo.hu\/en_gb\/wp-json\/wp\/v2\/media\/4411"}],"wp:attachment":[{"href":"https:\/\/textilbogyo.hu\/en_gb\/wp-json\/wp\/v2\/media?parent=3788"}],"wp:term":[{"taxonomy":"product_cat","embeddable":true,"href":"https:\/\/textilbogyo.hu\/en_gb\/wp-json\/wp\/v2\/product_cat?post=3788"},{"taxonomy":"product_tag","embeddable":true,"href":"https:\/\/textilbogyo.hu\/en_gb\/wp-json\/wp\/v2\/product_tag?post=3788"}],"curies":[{"name":"wp","href":"https:\/\/api.w.org\/{rel}","templated":true}]}}