{"id":3810,"date":"2023-03-24T20:03:46","date_gmt":"2023-03-24T19:03:46","guid":{"rendered":"https:\/\/yourtextiledreams.com\/?post_type=product&#038;p=3810"},"modified":"2025-10-03T13:21:02","modified_gmt":"2025-10-03T12:21:02","slug":"lilac-lavender-mini-embroidered-pendant-handmade-necklace-with-flower-embroidery","status":"publish","type":"product","link":"https:\/\/textilbogyo.hu\/en_gb\/shop\/himzett-ekszerek\/lilac-lavender-mini-embroidered-pendant-handmade-necklace-with-flower-embroidery\/","title":{"rendered":"ELADVA  H\u00edmzett levendul\u00e1s egyedi nyakl\u00e1nc, h\u00edmzett \u00e9kszer, h\u00edmzett nyakl\u00e1nc, modern h\u00edmz\u00e9s"},"content":{"rendered":"<p>ELADVA<\/p>\n<p>\u00c1ra: 5.500 Ft<\/p>\n<p>&nbsp;<\/p>","protected":false},"excerpt":{"rendered":"<p>Levendul\u00e1s braz\u00edl h\u00edmz\u00e9ssel k\u00e9sz\u00fclt med\u00e1l<\/p>","protected":false},"featured_media":3811,"template":"","meta":{"_monsterinsights_skip_tracking":false,"_monsterinsights_sitenote_active":false,"_monsterinsights_sitenote_note":"","_monsterinsights_sitenote_category":0,"kt_blocks_editor_width":""},"product_cat":[16],"product_tag":[1372,1287,1278,1282,1277,1286,1371,1379,1380,1378],"_links":{"self":[{"href":"https:\/\/textilbogyo.hu\/en_gb\/wp-json\/wp\/v2\/product\/3810"}],"collection":[{"href":"https:\/\/textilbogyo.hu\/en_gb\/wp-json\/wp\/v2\/product"}],"about":[{"href":"https:\/\/textilbogyo.hu\/en_gb\/wp-json\/wp\/v2\/types\/product"}],"wp:featuredmedia":[{"embeddable":true,"href":"https:\/\/textilbogyo.hu\/en_gb\/wp-json\/wp\/v2\/media\/3811"}],"wp:attachment":[{"href":"https:\/\/textilbogyo.hu\/en_gb\/wp-json\/wp\/v2\/media?parent=3810"}],"wp:term":[{"taxonomy":"product_cat","embeddable":true,"href":"https:\/\/textilbogyo.hu\/en_gb\/wp-json\/wp\/v2\/product_cat?post=3810"},{"taxonomy":"product_tag","embeddable":true,"href":"https:\/\/textilbogyo.hu\/en_gb\/wp-json\/wp\/v2\/product_tag?post=3810"}],"curies":[{"name":"wp","href":"https:\/\/api.w.org\/{rel}","templated":true}]}}