{"id":3833,"date":"2023-03-29T14:49:36","date_gmt":"2023-03-29T13:49:36","guid":{"rendered":"https:\/\/yourtextiledreams.com\/?post_type=product&#038;p=3833"},"modified":"2025-10-03T13:12:17","modified_gmt":"2025-10-03T12:12:17","slug":"textile-lilac-pink-blue-necklace-2-8fabric-choker-textile-statement-necklacetribal-necklace-copy","status":"publish","type":"product","link":"https:\/\/textilbogyo.hu\/en_gb\/shop\/most-wanted\/textile-lilac-pink-blue-necklace-2-8fabric-choker-textile-statement-necklacetribal-necklace-copy\/","title":{"rendered":"ELKELT OGEL BIB lila-z\u00f6ld\u00e1rnyalat\u00fa fonalnyakl\u00e1nc, Textil nyakl\u00e1nc, textil \u00e9kszer, fonal\u00e9kszer"},"content":{"rendered":"<p>&nbsp;<\/p>\n<p>ELKELT, de k\u00e9rhetsz ilyet vagy hasonl\u00f3t<\/p>\n<p>\u00c1ra: 6800 Ft<\/p>\n<p>&nbsp;<\/p>\n<p>&nbsp;<\/p>","protected":false},"excerpt":{"rendered":"<p>OGEL nyakl\u00e1nc<\/p>","protected":false},"featured_media":4161,"template":"","meta":{"_monsterinsights_skip_tracking":false,"_monsterinsights_sitenote_active":false,"_monsterinsights_sitenote_note":"","_monsterinsights_sitenote_category":0,"kt_blocks_editor_width":""},"product_cat":[1275,18],"product_tag":[1293,1301,1300,1302,1304,1305,1295,1395,1291,1298,1299,1292,1294,827,1297,1296,1303],"_links":{"self":[{"href":"https:\/\/textilbogyo.hu\/en_gb\/wp-json\/wp\/v2\/product\/3833"}],"collection":[{"href":"https:\/\/textilbogyo.hu\/en_gb\/wp-json\/wp\/v2\/product"}],"about":[{"href":"https:\/\/textilbogyo.hu\/en_gb\/wp-json\/wp\/v2\/types\/product"}],"wp:featuredmedia":[{"embeddable":true,"href":"https:\/\/textilbogyo.hu\/en_gb\/wp-json\/wp\/v2\/media\/4161"}],"wp:attachment":[{"href":"https:\/\/textilbogyo.hu\/en_gb\/wp-json\/wp\/v2\/media?parent=3833"}],"wp:term":[{"taxonomy":"product_cat","embeddable":true,"href":"https:\/\/textilbogyo.hu\/en_gb\/wp-json\/wp\/v2\/product_cat?post=3833"},{"taxonomy":"product_tag","embeddable":true,"href":"https:\/\/textilbogyo.hu\/en_gb\/wp-json\/wp\/v2\/product_tag?post=3833"}],"curies":[{"name":"wp","href":"https:\/\/api.w.org\/{rel}","templated":true}]}}