{"id":3840,"date":"2023-03-29T15:06:36","date_gmt":"2023-03-29T14:06:36","guid":{"rendered":"https:\/\/yourtextiledreams.com\/?post_type=product&#038;p=3840"},"modified":"2025-10-03T12:57:27","modified_gmt":"2025-10-03T11:57:27","slug":"textile-necklace-2-8-in-yellow-shadesfabric-choker-textile-statement-necklacetribal-necklace","status":"publish","type":"product","link":"https:\/\/textilbogyo.hu\/en_gb\/shop\/ogel-nyaklancok\/textile-necklace-2-8-in-yellow-shadesfabric-choker-textile-statement-necklacetribal-necklace\/","title":{"rendered":"FELKEL\u0150 NAP OGEL BIB s\u00e1rga nyakl\u00e1nc, Textil nyakl\u00e1nc, textil \u00e9kszer, boh\u00e9mia, fonal\u00e9kszer"},"content":{"rendered":"<p>Citroms\u00e1rga-narancss\u00e1rga-aranysz\u00edn\u0171 OGEL nagym\u00e9ret\u0171 fonalnyakl\u00e1nc Ha szereted a k\u00fcl\u00f6nleges \u00e9kszereket, akkor az OGEL nyakl\u00e1ncokat k\u00fcl\u00f6n\u00f6sen aj\u00e1nlom a figyelmedbe. Kisebb m\u00e9retben is van el\u00e9rhet\u0151 nyakl\u00e1ncom. A med\u00e1lt s\u00e1rga fonallal k\u00f6rbevett hajl\u00edthat\u00f3 tart\u00f3 tartja meg, a m\u00e9retet te szabhatod meg szorosra vagy laz\u00e1bbra \u00e1ll\u00edt\u00e1ssal<\/p>\n<p>A med\u00e1l m\u00e9rete: 72 mm Kiv\u00e1l\u00f3 aj\u00e1nd\u00e9k kar\u00e1csonyra, n\u00e9vnapra, sz\u00fclinapra.<\/p>\n<p>Vedd k\u00e9zbe a st\u00edlusod OGEL szettekkel! Garant\u00e1ltan felfigyelnek R\u00e1d.<\/p>\n<p>&nbsp;<\/p>\n<p>&nbsp;<\/p>","protected":false},"excerpt":{"rendered":"<p>OGEL\u00a0 nyakl\u00e1nc<\/p>","protected":false},"featured_media":3842,"template":"","meta":{"_monsterinsights_skip_tracking":false,"_monsterinsights_sitenote_active":false,"_monsterinsights_sitenote_note":"","_monsterinsights_sitenote_category":0,"kt_blocks_editor_width":""},"product_cat":[1275],"product_tag":[1293,1301,1300,1302,1304,1305,1295,1389,1291,1298,1299,1292,1294,827,1297,1296,1303],"_links":{"self":[{"href":"https:\/\/textilbogyo.hu\/en_gb\/wp-json\/wp\/v2\/product\/3840"}],"collection":[{"href":"https:\/\/textilbogyo.hu\/en_gb\/wp-json\/wp\/v2\/product"}],"about":[{"href":"https:\/\/textilbogyo.hu\/en_gb\/wp-json\/wp\/v2\/types\/product"}],"wp:featuredmedia":[{"embeddable":true,"href":"https:\/\/textilbogyo.hu\/en_gb\/wp-json\/wp\/v2\/media\/3842"}],"wp:attachment":[{"href":"https:\/\/textilbogyo.hu\/en_gb\/wp-json\/wp\/v2\/media?parent=3840"}],"wp:term":[{"taxonomy":"product_cat","embeddable":true,"href":"https:\/\/textilbogyo.hu\/en_gb\/wp-json\/wp\/v2\/product_cat?post=3840"},{"taxonomy":"product_tag","embeddable":true,"href":"https:\/\/textilbogyo.hu\/en_gb\/wp-json\/wp\/v2\/product_tag?post=3840"}],"curies":[{"name":"wp","href":"https:\/\/api.w.org\/{rel}","templated":true}]}}