{"id":3861,"date":"2023-03-29T15:16:55","date_gmt":"2023-03-29T14:16:55","guid":{"rendered":"https:\/\/yourtextiledreams.com\/?post_type=product&#038;p=3861"},"modified":"2025-10-03T12:55:37","modified_gmt":"2025-10-03T11:55:37","slug":"multicolour-textile-necklace-2-8-thread-choker-textile-statement-necklacetribal-necklace","status":"publish","type":"product","link":"https:\/\/textilbogyo.hu\/en_gb\/shop\/ogel-nyaklancok\/multicolour-textile-necklace-2-8-thread-choker-textile-statement-necklacetribal-necklace\/","title":{"rendered":"ELKELT NAP VAR\u00c1ZSA OGEL Bib textil nyakl\u00e1nc, fonal \u00e9kszer, boh\u00e9m st\u00edlus\u00fa \u00e9kszer"},"content":{"rendered":"<p>ELKELT , de k\u00e9rhetsz \u00fajat<\/p>\n<p>&nbsp;<\/p>\n<p>\u00c1ra: 6800 Ft<\/p>","protected":false},"excerpt":{"rendered":"<p>OGEL nyakl\u00e1nc<\/p>","protected":false},"featured_media":3862,"template":"","meta":{"_monsterinsights_skip_tracking":false,"_monsterinsights_sitenote_active":false,"_monsterinsights_sitenote_note":"","_monsterinsights_sitenote_category":0,"kt_blocks_editor_width":""},"product_cat":[1275],"product_tag":[1293,1301,1300,1302,1304,1305,1295,1389,1291,1298,1299,1292,1294,827,1297,1296,1303],"_links":{"self":[{"href":"https:\/\/textilbogyo.hu\/en_gb\/wp-json\/wp\/v2\/product\/3861"}],"collection":[{"href":"https:\/\/textilbogyo.hu\/en_gb\/wp-json\/wp\/v2\/product"}],"about":[{"href":"https:\/\/textilbogyo.hu\/en_gb\/wp-json\/wp\/v2\/types\/product"}],"wp:featuredmedia":[{"embeddable":true,"href":"https:\/\/textilbogyo.hu\/en_gb\/wp-json\/wp\/v2\/media\/3862"}],"wp:attachment":[{"href":"https:\/\/textilbogyo.hu\/en_gb\/wp-json\/wp\/v2\/media?parent=3861"}],"wp:term":[{"taxonomy":"product_cat","embeddable":true,"href":"https:\/\/textilbogyo.hu\/en_gb\/wp-json\/wp\/v2\/product_cat?post=3861"},{"taxonomy":"product_tag","embeddable":true,"href":"https:\/\/textilbogyo.hu\/en_gb\/wp-json\/wp\/v2\/product_tag?post=3861"}],"curies":[{"name":"wp","href":"https:\/\/api.w.org\/{rel}","templated":true}]}}