{"id":3875,"date":"2023-03-29T15:23:21","date_gmt":"2023-03-29T14:23:21","guid":{"rendered":"https:\/\/yourtextiledreams.com\/?post_type=product&#038;p=3875"},"modified":"2025-10-03T12:32:08","modified_gmt":"2025-10-03T11:32:08","slug":"red-potted-textile-necklace-2-8-thread-choker-textile-statement-necklacetribal-necklace-copy","status":"publish","type":"product","link":"https:\/\/textilbogyo.hu\/en_gb\/shop\/most-wanted\/red-potted-textile-necklace-2-8-thread-choker-textile-statement-necklacetribal-necklace-copy\/","title":{"rendered":"R\u00d3ZSASZ\u00cdN \u00c1LOM OGEL BIB fonalnyakl\u00e1nc, Textil nyakl\u00e1nc, textil \u00e9kszer, fonal\u00e9kszer"},"content":{"rendered":"<p>R\u00f3zsasz\u00edn\u0171 OGEL nagym\u00e9ret\u0171 fonalnyakl\u00e1nc Ha szereted a k\u00fcl\u00f6nleges \u00e9kszereket, akkor az OGEL nyakl\u00e1ncokat k\u00fcl\u00f6n\u00f6sen aj\u00e1nlom a figyelmedbe. Kisebb m\u00e9retben is van el\u00e9rhet\u0151 nyakl\u00e1ncom. A med\u00e1lt r\u00f3zsasz\u00edn fonallal k\u00f6rbevett hajl\u00edthat\u00f3 tart\u00f3 tartja meg, a m\u00e9retet te szabhatod meg szorosra vagy laz\u00e1bbra \u00e1ll\u00edt\u00e1ssal<\/p>\n<p>Emeld a rezg\u00e9sedet az OGEL nyakl\u00e1ncokkal!<\/p>\n<p>A med\u00e1l m\u00e9rete: 72 mm<\/p>\n<p>&nbsp;<\/p>\n<p>&nbsp;<\/p>","protected":false},"excerpt":{"rendered":"<p>OGEL nyakl\u00e1nc<\/p>\n<p>&nbsp;<\/p>","protected":false},"featured_media":3876,"template":"","meta":{"_monsterinsights_skip_tracking":false,"_monsterinsights_sitenote_active":false,"_monsterinsights_sitenote_note":"","_monsterinsights_sitenote_category":0,"kt_blocks_editor_width":""},"product_cat":[1275,18],"product_tag":[1293,1301,1300,1302,1304,1305,1295,1395,1389,1291,1298,1299,1292,1294,827,1297,1296,1303],"_links":{"self":[{"href":"https:\/\/textilbogyo.hu\/en_gb\/wp-json\/wp\/v2\/product\/3875"}],"collection":[{"href":"https:\/\/textilbogyo.hu\/en_gb\/wp-json\/wp\/v2\/product"}],"about":[{"href":"https:\/\/textilbogyo.hu\/en_gb\/wp-json\/wp\/v2\/types\/product"}],"wp:featuredmedia":[{"embeddable":true,"href":"https:\/\/textilbogyo.hu\/en_gb\/wp-json\/wp\/v2\/media\/3876"}],"wp:attachment":[{"href":"https:\/\/textilbogyo.hu\/en_gb\/wp-json\/wp\/v2\/media?parent=3875"}],"wp:term":[{"taxonomy":"product_cat","embeddable":true,"href":"https:\/\/textilbogyo.hu\/en_gb\/wp-json\/wp\/v2\/product_cat?post=3875"},{"taxonomy":"product_tag","embeddable":true,"href":"https:\/\/textilbogyo.hu\/en_gb\/wp-json\/wp\/v2\/product_tag?post=3875"}],"curies":[{"name":"wp","href":"https:\/\/api.w.org\/{rel}","templated":true}]}}