{"id":3884,"date":"2023-03-29T15:32:53","date_gmt":"2023-03-29T14:32:53","guid":{"rendered":"https:\/\/yourtextiledreams.com\/?post_type=product&#038;p=3884"},"modified":"2025-10-03T12:28:23","modified_gmt":"2025-10-03T11:28:23","slug":"textile-lilac-pink-blue-necklace-2-8fabric-choker-textile-statement-necklacetribal-necklace","status":"publish","type":"product","link":"https:\/\/textilbogyo.hu\/en_gb\/shop\/ogel-nyaklancok\/textile-lilac-pink-blue-necklace-2-8fabric-choker-textile-statement-necklacetribal-necklace\/","title":{"rendered":"OGEL BIB lila-k\u00e9k fonalnyakl\u00e1nc, Textil nyakl\u00e1nc, boh\u00e9m textil\u00e9kszer, fonal\u00e9kszer,"},"content":{"rendered":"<p>Lila-r\u00f3zsasz\u00edn-k\u00e9k OGEL nagym\u00e9ret\u0171 fonalnyakl\u00e1nc H\u00e1tul kapoccsal megk\u00f6thet\u0151, a med\u00e1lt k\u00e9k zsin\u00f3r tartja meg.<\/p>\n<p>A med\u00e1l m\u00e9rete: 72 mm<\/p>\n<p>Kiv\u00e1l\u00f3 aj\u00e1nd\u00e9k kar\u00e1csonyra, n\u00e9vnapra, sz\u00fclinapra.<\/p>\n<p>Dobd fel a szerk\u00f3d ezzel a nyakl\u00e1nccal, tuti, hogy \u00e9szreveszik!<\/p>\n<p>&nbsp;<\/p>\n<p>&nbsp;<\/p>\n<p>&nbsp;<\/p>\n<p>&nbsp;<\/p>","protected":false},"excerpt":{"rendered":"<p>OGEL nyakl\u00e1nc<\/p>\n<p>&nbsp;<\/p>","protected":false},"featured_media":3834,"template":"","meta":{"_monsterinsights_skip_tracking":false,"_monsterinsights_sitenote_active":false,"_monsterinsights_sitenote_note":"","_monsterinsights_sitenote_category":0,"kt_blocks_editor_width":""},"product_cat":[1275],"product_tag":[1293,1396,1301,1300,1302,1304,1305,1295,1395,1291,1298,1299,1292,1294,827,1297,1296,1303],"_links":{"self":[{"href":"https:\/\/textilbogyo.hu\/en_gb\/wp-json\/wp\/v2\/product\/3884"}],"collection":[{"href":"https:\/\/textilbogyo.hu\/en_gb\/wp-json\/wp\/v2\/product"}],"about":[{"href":"https:\/\/textilbogyo.hu\/en_gb\/wp-json\/wp\/v2\/types\/product"}],"wp:featuredmedia":[{"embeddable":true,"href":"https:\/\/textilbogyo.hu\/en_gb\/wp-json\/wp\/v2\/media\/3834"}],"wp:attachment":[{"href":"https:\/\/textilbogyo.hu\/en_gb\/wp-json\/wp\/v2\/media?parent=3884"}],"wp:term":[{"taxonomy":"product_cat","embeddable":true,"href":"https:\/\/textilbogyo.hu\/en_gb\/wp-json\/wp\/v2\/product_cat?post=3884"},{"taxonomy":"product_tag","embeddable":true,"href":"https:\/\/textilbogyo.hu\/en_gb\/wp-json\/wp\/v2\/product_tag?post=3884"}],"curies":[{"name":"wp","href":"https:\/\/api.w.org\/{rel}","templated":true}]}}