{"id":3885,"date":"2023-03-29T15:33:44","date_gmt":"2023-03-29T14:33:44","guid":{"rendered":"https:\/\/yourtextiledreams.com\/?post_type=product&#038;p=3885"},"modified":"2025-10-03T12:26:12","modified_gmt":"2025-10-03T11:26:12","slug":"blue-thread-necklace-2-8-thread-choker-textile-statement-necklacetribal-necklace-copy","status":"publish","type":"product","link":"https:\/\/textilbogyo.hu\/en_gb\/shop\/ogel-nyaklancok\/blue-thread-necklace-2-8-thread-choker-textile-statement-necklacetribal-necklace-copy\/","title":{"rendered":"ELKELT Aqua &#8211; Tenger k\u00e9kje OGEL boh\u00e9m nyakl\u00e1nc, bib textil\u00e9kszer, fonal nyakl\u00e1nc"},"content":{"rendered":"<p>ELKELT, de k\u00e9rhetsz \u00fajat<\/p>\n<p>&nbsp;<\/p>\n<p>\u00c1ra: 6800 Ft<\/p>\n<p>&nbsp;<\/p>\n<p>&nbsp;<\/p>\n<p>&nbsp;<\/p>","protected":false},"excerpt":{"rendered":"<p>OGEl nyakl\u00e1nc<\/p>","protected":false},"featured_media":3886,"template":"","meta":{"_monsterinsights_skip_tracking":false,"_monsterinsights_sitenote_active":false,"_monsterinsights_sitenote_note":"","_monsterinsights_sitenote_category":0,"kt_blocks_editor_width":""},"product_cat":[1275],"product_tag":[1293,1301,1300,1302,1304,1305,1295,1389,1291,1394,1298,1299,1292,1294,827,1297,1296,1303],"_links":{"self":[{"href":"https:\/\/textilbogyo.hu\/en_gb\/wp-json\/wp\/v2\/product\/3885"}],"collection":[{"href":"https:\/\/textilbogyo.hu\/en_gb\/wp-json\/wp\/v2\/product"}],"about":[{"href":"https:\/\/textilbogyo.hu\/en_gb\/wp-json\/wp\/v2\/types\/product"}],"wp:featuredmedia":[{"embeddable":true,"href":"https:\/\/textilbogyo.hu\/en_gb\/wp-json\/wp\/v2\/media\/3886"}],"wp:attachment":[{"href":"https:\/\/textilbogyo.hu\/en_gb\/wp-json\/wp\/v2\/media?parent=3885"}],"wp:term":[{"taxonomy":"product_cat","embeddable":true,"href":"https:\/\/textilbogyo.hu\/en_gb\/wp-json\/wp\/v2\/product_cat?post=3885"},{"taxonomy":"product_tag","embeddable":true,"href":"https:\/\/textilbogyo.hu\/en_gb\/wp-json\/wp\/v2\/product_tag?post=3885"}],"curies":[{"name":"wp","href":"https:\/\/api.w.org\/{rel}","templated":true}]}}