{"id":3892,"date":"2023-03-29T15:45:23","date_gmt":"2023-03-29T14:45:23","guid":{"rendered":"https:\/\/yourtextiledreams.com\/?post_type=product&#038;p=3892"},"modified":"2025-10-12T15:43:56","modified_gmt":"2025-10-12T14:43:56","slug":"inka-textile-jewellery-unique-fabric-chunky-statement-necklacetribal-necklaceperuvian-necklace","status":"publish","type":"product","link":"https:\/\/textilbogyo.hu\/en_gb\/shop\/fa-ekszerek\/inka-textile-jewellery-unique-fabric-chunky-statement-necklacetribal-necklaceperuvian-necklace\/","title":{"rendered":"ELKELT INKA fa \u00e9s fonalnyakl\u00e1nc, boh\u00e9m nyakl\u00e1nc, k\u00fcl\u00f6nleges aj\u00e1nd\u00e9k, textil\u00e9kszer"},"content":{"rendered":"<p>Elkelt, k\u00e9rhetsz hasonl\u00f3t<\/p>\n<p>Inka elnevez\u00e9s\u0171 nyakl\u00e1nc s\u00f6t\u00e9tk\u00e9k, narancs \u00e9s citroms\u00e1rga sz\u00ednekben. Ezzel a nyakl\u00e1nccal is minden bizonnyal rengeteg figyelmet fogsz kapni viselete sor\u00e1n. Sz\u00e1momra ez a st\u00edlus az ink\u00e1k vil\u00e1g\u00e1t jelen\u00edti meg. Saj\u00e1t tervez\u00e9s \u00e9s kivitelez\u00e9s. Divatos,k\u00fcl\u00f6nleges kieg\u00e9sz\u00edt\u0151 minden n\u0151 sz\u00e1m\u00e1ra. Minden alkot\u00e1som k\u00e9zzel, szeretettel \u00e9s a r\u00e9szletekre val\u00f3 odafigyel\u00e9ssel k\u00e9sz\u00fclt, kiv\u00e1l\u00f3 min\u0151s\u00e9g\u0171 fonalak \u00e9s anyagok felhaszn\u00e1l\u00e1s\u00e1val. Egyedi darab. A nyakl\u00e1nc selyemszalagos kapoccsal k\u00f6thet\u0151 meg T\u00f6bb darabot is tudok k\u00e9sz\u00edteni rendel\u00e9sre.<\/p>\n<p>M\u00e9rete: Hossz\u00fas\u00e1g: 13.5 cm<\/p>\n<p>&nbsp;<\/p>\n<p>\u00c1ra: 6.900 Ft<\/p>\n<p>&nbsp;<\/p>","protected":false},"excerpt":{"rendered":"<p>Inka st\u00edlus\u00fa textil \u00e9kszer<\/p>\n<p>&nbsp;<\/p>","protected":false},"featured_media":3893,"template":"","meta":{"_monsterinsights_skip_tracking":false,"_monsterinsights_sitenote_active":false,"_monsterinsights_sitenote_note":"","_monsterinsights_sitenote_category":0,"kt_blocks_editor_width":""},"product_cat":[749],"product_tag":[1301,1300,1302,1305,1407,1413,1406,1295,1502,1307,1306,1291,1298,1299,1292,827,1296,1303],"_links":{"self":[{"href":"https:\/\/textilbogyo.hu\/en_gb\/wp-json\/wp\/v2\/product\/3892"}],"collection":[{"href":"https:\/\/textilbogyo.hu\/en_gb\/wp-json\/wp\/v2\/product"}],"about":[{"href":"https:\/\/textilbogyo.hu\/en_gb\/wp-json\/wp\/v2\/types\/product"}],"wp:featuredmedia":[{"embeddable":true,"href":"https:\/\/textilbogyo.hu\/en_gb\/wp-json\/wp\/v2\/media\/3893"}],"wp:attachment":[{"href":"https:\/\/textilbogyo.hu\/en_gb\/wp-json\/wp\/v2\/media?parent=3892"}],"wp:term":[{"taxonomy":"product_cat","embeddable":true,"href":"https:\/\/textilbogyo.hu\/en_gb\/wp-json\/wp\/v2\/product_cat?post=3892"},{"taxonomy":"product_tag","embeddable":true,"href":"https:\/\/textilbogyo.hu\/en_gb\/wp-json\/wp\/v2\/product_tag?post=3892"}],"curies":[{"name":"wp","href":"https:\/\/api.w.org\/{rel}","templated":true}]}}