{"id":3948,"date":"2023-03-29T16:55:54","date_gmt":"2023-03-29T15:55:54","guid":{"rendered":"https:\/\/yourtextiledreams.com\/?post_type=product&#038;p=3948"},"modified":"2025-10-02T18:35:20","modified_gmt":"2025-10-02T17:35:20","slug":"6-7-multicolour-flower-embroidered-picture-embroidery-hoop-artheart-embroidered-wall-decoration","status":"publish","type":"product","link":"https:\/\/textilbogyo.hu\/en_gb\/shop\/himzett-falidiszek\/6-7-multicolour-flower-embroidered-picture-embroidery-hoop-artheart-embroidered-wall-decoration\/","title":{"rendered":"Falra akaszthat\u00f3 3D h\u00edmzett lak\u00e1sdekor\u00e1ci\u00f3, brazil h\u00edmz\u00e9ssel k\u00e9sz\u00fclt falik\u00e9p"},"content":{"rendered":"<div id=\"product_description\" class=\"product-details-description whitespace-normal\">\n<div class=\"whitespace-pre-line\">K\u00f6ralak\u00fa h\u00edmzett vir\u00e1gos falid\u00edsz, melyet falra akaszthatunk. H\u00e1tul f\u00fart lyuk tal\u00e1lhat\u00f3. A lak\u00e1sd\u00edsz dombor\u00fa hat\u00e1s\u00fa Egyedi tervez\u00e9s alapj\u00e1n k\u00e9sz\u00fclt h\u00edmzett k\u00e9p. A fa \u00fajrahasznos\u00edtott term\u00e9k.<\/div>\n<div class=\"whitespace-pre-line\">\u00c1tm\u00e9r\u0151je: 172 mm<\/div>\n<div class=\"whitespace-pre-line\">Kiv\u00e1l\u00f3 meglepet\u00e9s lehet szeretteidnek, esk\u00fcv\u0151re, n\u00e9vnapra, sz\u00fclet\u00e9snapra, kar\u00e1csonyra, ballag\u00e1sra, Pedag\u00f3gus napra, \u00e9s nem utols\u00f3 sorban Any\u00e1k napj\u00e1ra. Kiv\u00e1l\u00f3 aj\u00e1nd\u00e9k k\u00fclf\u00f6ldi bar\u00e1taidnak is!<\/div>\n<div><\/div>\n<div class=\"whitespace-pre-line\">Szem\u00e9lyes \u00e1tv\u00e9tel H\u00e9v\u00edzen, Keszthelyen, Zalaegerszegen lehets\u00e9ges. Ezzel a lak\u00e1sd\u00edsszel behozhatod a term\u00e9szetet \u00e9s vele a term\u00e9szetes hangulatot lak\u00e1sod falai k\u00f6z\u00e9!<\/div>\n<\/div>\n<div class=\"mt-10\">\n<div>\n<div class=\"text-montserrat\"><\/div>\n<\/div>\n<\/div>","protected":false},"excerpt":{"rendered":"<p>H\u00edmzett falra akaszthat\u00f3 dekor\u00e1ci\u00f3<\/p>\n<p>Embroidered picture frame, embroidered wall decoration<\/p>","protected":false},"featured_media":3949,"template":"","meta":{"_monsterinsights_skip_tracking":false,"_monsterinsights_sitenote_active":false,"_monsterinsights_sitenote_note":"","_monsterinsights_sitenote_category":0,"kt_blocks_editor_width":""},"product_cat":[644],"product_tag":[1310,1287,1309,1311,1312,1459,1440,1458,1308,1314,1313,1083],"_links":{"self":[{"href":"https:\/\/textilbogyo.hu\/en_gb\/wp-json\/wp\/v2\/product\/3948"}],"collection":[{"href":"https:\/\/textilbogyo.hu\/en_gb\/wp-json\/wp\/v2\/product"}],"about":[{"href":"https:\/\/textilbogyo.hu\/en_gb\/wp-json\/wp\/v2\/types\/product"}],"wp:featuredmedia":[{"embeddable":true,"href":"https:\/\/textilbogyo.hu\/en_gb\/wp-json\/wp\/v2\/media\/3949"}],"wp:attachment":[{"href":"https:\/\/textilbogyo.hu\/en_gb\/wp-json\/wp\/v2\/media?parent=3948"}],"wp:term":[{"taxonomy":"product_cat","embeddable":true,"href":"https:\/\/textilbogyo.hu\/en_gb\/wp-json\/wp\/v2\/product_cat?post=3948"},{"taxonomy":"product_tag","embeddable":true,"href":"https:\/\/textilbogyo.hu\/en_gb\/wp-json\/wp\/v2\/product_tag?post=3948"}],"curies":[{"name":"wp","href":"https:\/\/api.w.org\/{rel}","templated":true}]}}