{"id":3967,"date":"2023-03-29T17:05:37","date_gmt":"2023-03-29T16:05:37","guid":{"rendered":"https:\/\/yourtextiledreams.com\/?post_type=product&#038;p=3967"},"modified":"2025-10-02T18:40:13","modified_gmt":"2025-10-02T17:40:13","slug":"hand-embroidered-necklacebib-necklaceembroidery-pendantgift-for-motherethnical-jewelle","status":"publish","type":"product","link":"https:\/\/textilbogyo.hu\/en_gb\/shop\/magyar-folkekszerek\/hand-embroidered-necklacebib-necklaceembroidery-pendantgift-for-motherethnical-jewelle\/","title":{"rendered":"H\u00edmzett pipacs egyedi nyakl\u00e1nc, magyaros h\u00edmzett \u00e9kszer,folk nyakl\u00e1nc, pipacs h\u00edmz\u00e9s, folkl\u00f3r nyakl\u00e1nc"},"content":{"rendered":"<p>Nagyon szeretem a pipacs mez\u0151ket, onnan j\u00f6tt az inspir\u00e1ci\u00f3, hogy h\u00edmz\u00e9s form\u00e1j\u00e1ban meg\u00f6r\u00f6k\u00edtsem e vir\u00e1gmez\u0151 hangulat\u00e1t. Ez a nyakl\u00e1nc nem fog Veled szembe j\u00f6nni! A nyakl\u00e1ncot dombor\u00fa faalap tartja meg. H\u00e1tul kapoccsal megk\u00f6thet\u0151.<\/p>\n<p>A med\u00e1l 73 mm.<\/p>\n<p>Azoknak aj\u00e1nlom, akik szeretik a nagyobb m\u00e9ret\u0171 \u00e9kszereket \u00e9s szeretnek kit\u0171nni a t\u00f6megb\u0151l. Kiv\u00e1l\u00f3 aj\u00e1nd\u00e9k kar\u00e1csonyra, n\u00e9vnapra, sz\u00fclinapra. Legy\u00e9l mindig egyedi \u00e9s megk\u00fcl\u00f6nb\u00f6ztethet\u0151 m\u00e1sokt\u00f3l!<\/p>\n<p>&nbsp;<\/p>\n<p>Embroidered necklace featuring poppy seeds, a piece of tradition with modernity. In the pendant you can see a nice poppy seed flowers Inspired by traditional embroidery. Poppy seed flowers are glowing in the suns rays. They don&#8217;t last long which makes them that much more beautiful to see in Hungary.<\/p>\n<p>Tube choker on whice there is a 73 mm (2.8&#8243;) round wooden-pendant. It finishes wit clasp.<\/p>\n<p>It is light to wear. Please take care of textile jewelleries as bathing, swimming or showering can damage the quality and look of it.<br \/>\nThis necklace is made for those who like unique pieces full of originality.<\/p>\n<p>CUSTOM ORDER IS WELCOME! In any colours I can make this type of necklaces for you!<br \/>\n_ _ _ _ _ _ _ _ _<br \/>\nMeasurement:<br \/>\nDiameter of the pendant: 73 mm (2.8&#8243;)<br \/>\n&#8212;&#8212;&#8212;&#8212;&#8212;&#8212;&#8212;&#8212;&#8212;&#8211;<\/p>\n<p>This necklace has a lots of sparkle and will certainly get tons of attention.All creations are handmade with love, care and attention to the details, using high quality yarns and materials. If you are looking for something different this is the right shop for you.<\/p>","protected":false},"excerpt":{"rendered":"<p>Pipacs h\u00edmzett nyakl\u00e1nc<\/p>\n<p>Embroidered Hungarian folk tradition<\/p>","protected":false},"featured_media":3968,"template":"","meta":{"_monsterinsights_skip_tracking":false,"_monsterinsights_sitenote_active":false,"_monsterinsights_sitenote_note":"","_monsterinsights_sitenote_category":0,"kt_blocks_editor_width":""},"product_cat":[8],"product_tag":[1287,1278,1282,1276,1323,1316,1319,1320,1321,1317,1322,1457,1383,1456,1318],"_links":{"self":[{"href":"https:\/\/textilbogyo.hu\/en_gb\/wp-json\/wp\/v2\/product\/3967"}],"collection":[{"href":"https:\/\/textilbogyo.hu\/en_gb\/wp-json\/wp\/v2\/product"}],"about":[{"href":"https:\/\/textilbogyo.hu\/en_gb\/wp-json\/wp\/v2\/types\/product"}],"wp:featuredmedia":[{"embeddable":true,"href":"https:\/\/textilbogyo.hu\/en_gb\/wp-json\/wp\/v2\/media\/3968"}],"wp:attachment":[{"href":"https:\/\/textilbogyo.hu\/en_gb\/wp-json\/wp\/v2\/media?parent=3967"}],"wp:term":[{"taxonomy":"product_cat","embeddable":true,"href":"https:\/\/textilbogyo.hu\/en_gb\/wp-json\/wp\/v2\/product_cat?post=3967"},{"taxonomy":"product_tag","embeddable":true,"href":"https:\/\/textilbogyo.hu\/en_gb\/wp-json\/wp\/v2\/product_tag?post=3967"}],"curies":[{"name":"wp","href":"https:\/\/api.w.org\/{rel}","templated":true}]}}