{"id":3976,"date":"2023-04-03T16:44:39","date_gmt":"2023-04-03T15:44:39","guid":{"rendered":"https:\/\/yourtextiledreams.com\/?post_type=product&#038;p=3976"},"modified":"2025-04-02T06:42:12","modified_gmt":"2025-04-02T05:42:12","slug":"purple-rose-floral-embroidered-pendant-handmade-necklace-with-flowers-embroidery-pendant-in-vintage-style","status":"publish","type":"product","link":"https:\/\/textilbogyo.hu\/en_gb\/shop\/himzett-ekszerek\/purple-rose-floral-embroidered-pendant-handmade-necklace-with-flowers-embroidery-pendant-in-vintage-style\/","title":{"rendered":"H\u00edmzett pink vir\u00e1gos nyakl\u00e1nc, h\u00edmzett \u00e9kszer, h\u00edmzett nyakl\u00e1nc, modern h\u00edmz\u00e9s"},"content":{"rendered":"<p>&nbsp;<\/p>\n<p>Vintage st\u00edlust id\u00e9z\u0151 mini h\u00edmzett pink nyakl\u00e1nc lensz\u00f6veten ov\u00e1lis alak\u00fa fakeretben. Lila organza kapcsos zsin\u00f3rral ell\u00e1tva. Ha szereted a term\u00e9szetet, a l\u00e1gy form\u00e1kat \u00e9s a prec\u00edz kidolgoz\u00e1s\u00fa \u00e9kszereket, akkor ez a darab T\u00e9ged h\u00edv!<\/p>\n<p>M\u00e9rete: 40 x 50 mm Ezzel a h\u00edmzett darabbal st\u00edlusoss\u00e1 teheted megjelen\u00e9sedet!<\/p>\n<p>Garant\u00e1ltan szemet vonz\u00f3 darab. Kiv\u00e1l\u00f3 aj\u00e1nd\u00e9k kar\u00e1csonyra, n\u00e9vnapra, sz\u00fclinapra, Any\u00e1k napj\u00e1ra<\/p>\n<p>&nbsp;<\/p>\n<p>Purple rose floral embroidered pendant,Handmade pendant with Flowers Embroidery in vintage style<\/p>\n<p>&nbsp;<\/p>\n<p>A stunning, eyecatchingoval\u00a0 embroidered necklace for your or a special someone. Roses\u00a0 surrounded by leaves. Embroidered using silk threads on a\u00a0 light pink-shade linen.<\/p>\n<p>It is created with love and careful work.<\/p>\n<p>Vintage style pendant handmade<\/p>\n<p>&nbsp;<\/p>\n<p>100% handmade.<\/p>\n<p>It closes by clasp.<\/p>\n<p>It is light to wear. Please take care of textile jewelleries as bathing, swimming or showering can damage the quality and look of it.<br \/>\n\u2013 \u2013 \u2013 \u2013 \u2013 \u2013 \u2013 \u2013 \u2013 \u2013 \u2013 \u2013 \u2013 \u2013 \u2013 \u2013<\/p>\n<p>Measurement of the wooden pendant : 55x 45 mm oval<\/p>\n<p>\u2013 \u2013 \u2013 \u2013 \u2013 \u2013 \u2013 \u2013 \u2013 \u2013 \u2013 \u2013 \u2013 \u2013 \u2013<\/p>\n<p>CUSTOM ORDERS TAKEN. Feel free to contact me.<\/p>\n<p>&nbsp;<\/p>","protected":false},"excerpt":{"rendered":"<p>3D h\u00edmzett nyakl\u00e1nc<\/p>\n<p>Purple Rose Floral Embroidered necklace<\/p>","protected":false},"featured_media":4395,"template":"","meta":{"_monsterinsights_skip_tracking":false,"_monsterinsights_sitenote_active":false,"_monsterinsights_sitenote_note":"","_monsterinsights_sitenote_category":0,"kt_blocks_editor_width":""},"product_cat":[16],"product_tag":[1372,1287,1278,1282,1277,1286,1289,1290,1288,1379,1378,1324],"_links":{"self":[{"href":"https:\/\/textilbogyo.hu\/en_gb\/wp-json\/wp\/v2\/product\/3976"}],"collection":[{"href":"https:\/\/textilbogyo.hu\/en_gb\/wp-json\/wp\/v2\/product"}],"about":[{"href":"https:\/\/textilbogyo.hu\/en_gb\/wp-json\/wp\/v2\/types\/product"}],"wp:featuredmedia":[{"embeddable":true,"href":"https:\/\/textilbogyo.hu\/en_gb\/wp-json\/wp\/v2\/media\/4395"}],"wp:attachment":[{"href":"https:\/\/textilbogyo.hu\/en_gb\/wp-json\/wp\/v2\/media?parent=3976"}],"wp:term":[{"taxonomy":"product_cat","embeddable":true,"href":"https:\/\/textilbogyo.hu\/en_gb\/wp-json\/wp\/v2\/product_cat?post=3976"},{"taxonomy":"product_tag","embeddable":true,"href":"https:\/\/textilbogyo.hu\/en_gb\/wp-json\/wp\/v2\/product_tag?post=3976"}],"curies":[{"name":"wp","href":"https:\/\/api.w.org\/{rel}","templated":true}]}}