{"id":4005,"date":"2023-04-03T17:18:12","date_gmt":"2023-04-03T16:18:12","guid":{"rendered":"https:\/\/yourtextiledreams.com\/?post_type=product&#038;p=4005"},"modified":"2025-10-02T17:16:45","modified_gmt":"2025-10-02T16:16:45","slug":"red-roses-embroidered-pendant-handmade-necklace-with-flowers-embroidery-pendant-in-vintage-style-copy-2","status":"publish","type":"product","link":"https:\/\/textilbogyo.hu\/en_gb\/shop\/himzett-ekszerek\/red-roses-embroidered-pendant-handmade-necklace-with-flowers-embroidery-pendant-in-vintage-style-copy-2\/","title":{"rendered":"H\u00edmzett 3d hat\u00e1s\u00fa r\u00f3zsacsokor, h\u00edmzett \u00e9kszer, h\u00edmzett nyakl\u00e1nc, modern h\u00edmz\u00e9s, brazil h\u00edmz\u00e9s"},"content":{"rendered":"<p>3d hat\u00e1s\u00fa R\u00f3zsacsokor vir\u00e1got \u00e1br\u00e1zol\u00f3 h\u00edmzett nyakl\u00e1ncomat l\u00e1tod lensz\u00f6veten ov\u00e1lis fakeretben. Halv\u00e1nyz\u00f6ld selyemszalaggal ell\u00e1tva. Ez a nyakl\u00e1nc annak sz\u00f3l, aki most legsz\u00edvesebben egy vir\u00e1gos kertben lenne \u00e9s egy r\u00f3zsa illat\u00e1t szippantan\u00e1 mag\u00e1ba.<\/p>\n<p>Med\u00e1l: 30 x 40 mm<\/p>\n<p>Ezzel a h\u00edmzett darabbal st\u00edlusoss\u00e1, egyediv\u00e9 teheted megjelen\u00e9sedet! Garant\u00e1ltan szemet vonz\u00f3 darab.<\/p>\n<p>Kiv\u00e1l\u00f3 aj\u00e1nd\u00e9k kar\u00e1csonyra, n\u00e9vnapra, sz\u00fclinapra, Any\u00e1k napj\u00e1ra<\/p>\n<p>&nbsp;<\/p>\n<p>&nbsp;<\/p>","protected":false},"excerpt":{"rendered":"<p>3D h\u00edmzett nyakl\u00e1nc<\/p>\n<p>Modern embroidered floral pendant in vintage style<\/p>","protected":false},"featured_media":3800,"template":"","meta":{"_monsterinsights_skip_tracking":false,"_monsterinsights_sitenote_active":false,"_monsterinsights_sitenote_note":"","_monsterinsights_sitenote_category":0,"kt_blocks_editor_width":""},"product_cat":[16,18],"product_tag":[1375,1372,1287,1278,1282,1277,1286,1374,1371,1379,1373],"_links":{"self":[{"href":"https:\/\/textilbogyo.hu\/en_gb\/wp-json\/wp\/v2\/product\/4005"}],"collection":[{"href":"https:\/\/textilbogyo.hu\/en_gb\/wp-json\/wp\/v2\/product"}],"about":[{"href":"https:\/\/textilbogyo.hu\/en_gb\/wp-json\/wp\/v2\/types\/product"}],"wp:featuredmedia":[{"embeddable":true,"href":"https:\/\/textilbogyo.hu\/en_gb\/wp-json\/wp\/v2\/media\/3800"}],"wp:attachment":[{"href":"https:\/\/textilbogyo.hu\/en_gb\/wp-json\/wp\/v2\/media?parent=4005"}],"wp:term":[{"taxonomy":"product_cat","embeddable":true,"href":"https:\/\/textilbogyo.hu\/en_gb\/wp-json\/wp\/v2\/product_cat?post=4005"},{"taxonomy":"product_tag","embeddable":true,"href":"https:\/\/textilbogyo.hu\/en_gb\/wp-json\/wp\/v2\/product_tag?post=4005"}],"curies":[{"name":"wp","href":"https:\/\/api.w.org\/{rel}","templated":true}]}}