{"id":4013,"date":"2023-04-05T12:38:06","date_gmt":"2023-04-05T11:38:06","guid":{"rendered":"https:\/\/yourtextiledreams.com\/?post_type=product&#038;p=4013"},"modified":"2025-10-02T17:09:45","modified_gmt":"2025-10-02T16:09:45","slug":"6-7-lavender-embroidered-picture-embroidery-hoop-artheart-embroidered-wall-decoration","status":"publish","type":"product","link":"https:\/\/textilbogyo.hu\/en_gb\/shop\/himzett-falidiszek\/6-7-lavender-embroidered-picture-embroidery-hoop-artheart-embroidered-wall-decoration\/","title":{"rendered":"ELKELT LEVENDUL\u00c1S fali dekor\u00e1ci\u00f3, h\u00edmzett lak\u00e1sdekor\u00e1ci\u00f3, braz\u00edl h\u00edmzett falid\u00edsz"},"content":{"rendered":"<p>ELADVA, \u00daJ RENDELHET\u0150<\/p>\n<p>Embroidered Lavender wall decoration<br \/>\nThis could bring elegance and loveliness to your home. It is embroidered on high-quality linen fabric.<br \/>\nThe embroidered picture is pulled on a doomed wooden piece.<br \/>\nCarefully made and it can be hung on your wall<br \/>\nThis lovely heart embroidered art is beautiful gift for any occasion: Mother&#8217;s day, Birthday,&#8230;<\/p>\n<p>_ _ _ _ _ _ _ _ _<br \/>\nMeasurement:<br \/>\nDiameter of the wal decoration : 170 mm (6.7&#8243;)<\/p>\n<p>&nbsp;<\/p>\n<p>\u00c1ra: 10500 Ft<\/p>","protected":false},"excerpt":{"rendered":"<p>Levendul\u00e1s h\u00edmzett falid\u00edsz<\/p>","protected":false},"featured_media":3940,"template":"","meta":{"_monsterinsights_skip_tracking":false,"_monsterinsights_sitenote_active":false,"_monsterinsights_sitenote_note":"","_monsterinsights_sitenote_category":0,"kt_blocks_editor_width":""},"product_cat":[644],"product_tag":[1310,1287,1309,1311,1312,1308,1315,1314,1313,1083],"_links":{"self":[{"href":"https:\/\/textilbogyo.hu\/en_gb\/wp-json\/wp\/v2\/product\/4013"}],"collection":[{"href":"https:\/\/textilbogyo.hu\/en_gb\/wp-json\/wp\/v2\/product"}],"about":[{"href":"https:\/\/textilbogyo.hu\/en_gb\/wp-json\/wp\/v2\/types\/product"}],"wp:featuredmedia":[{"embeddable":true,"href":"https:\/\/textilbogyo.hu\/en_gb\/wp-json\/wp\/v2\/media\/3940"}],"wp:attachment":[{"href":"https:\/\/textilbogyo.hu\/en_gb\/wp-json\/wp\/v2\/media?parent=4013"}],"wp:term":[{"taxonomy":"product_cat","embeddable":true,"href":"https:\/\/textilbogyo.hu\/en_gb\/wp-json\/wp\/v2\/product_cat?post=4013"},{"taxonomy":"product_tag","embeddable":true,"href":"https:\/\/textilbogyo.hu\/en_gb\/wp-json\/wp\/v2\/product_tag?post=4013"}],"curies":[{"name":"wp","href":"https:\/\/api.w.org\/{rel}","templated":true}]}}