{"id":4030,"date":"2023-04-05T12:51:58","date_gmt":"2023-04-05T11:51:58","guid":{"rendered":"https:\/\/yourtextiledreams.com\/?post_type=product&#038;p=4030"},"modified":"2025-10-02T17:03:49","modified_gmt":"2025-10-02T16:03:49","slug":"7-8-green-dotted-heart-shaped-textile-wall-decoration-hanging-wall-decor","status":"publish","type":"product","link":"https:\/\/textilbogyo.hu\/en_gb\/shop\/textil-fali-dekoraciok\/7-8-green-dotted-heart-shaped-textile-wall-decoration-hanging-wall-decor\/","title":{"rendered":"Z\u00f6ld p\u00f6tty\u00f6s sz\u00edvalak\u00fa textil fali dekor\u00e1ci\u00f3,fali vir\u00e1gtart\u00f3, egyedi fali neszeszertart\u00f3, fali f\u00e9nyk\u00e9ptart\u00f3"},"content":{"rendered":"<p>Saj\u00e1t, egyedi \u00f6tlet alapj\u00e1n k\u00e9sz\u00edtett falra akaszthat\u00f3 sz\u00edv-alak\u00fa falid\u00edszemet aj\u00e1nlom Nektek, ami textil zsebbel rendelkezik, s nemcsak (f\u0151k\u00e9nt sz\u00e1raz) vir\u00e1gokat , hanem piperecuccokat, ceruz\u00e1kat, kedvenc fot\u00f3kat is lehet benne tartani.<\/p>\n<p>Ha \u00e9l\u0151 vir\u00e1got szeretn\u00e9l belehelyezni, valamilyen \u00fcvegcs\u00e9t kell hozz\u00e1 beszerezned. A k\u00e9peken l\u00e1that\u00f3 vir\u00e1gokat, ceruz\u00e1kat, pipere dolgokat nem tartalmazza a csomag. Mind a sz\u00edvalak\u00fa faalap mind a textil dekor\u00e1ci\u00f3 saj\u00e1t fant\u00e1zia alapj\u00e1n \u00e9s saj\u00e1t k\u00e9zzel k\u00e9sz\u00fclt.<\/p>\n<p>H\u00e1tul f\u00fart akaszt\u00f3r\u00e9sze van, amivel a falra akaszthatod a d\u00edszt. Amennyiben t\u00f6bb f\u00e9nyk\u00e9pet szeretn\u00e9l a term\u00e9kr\u0151l,keress b\u00e1tran. Ez a falid\u00edsz nagy s\u00falyt nem b\u00edr el, k\u00e9rlek ezt figyelembe.<\/p>\n<p>Sz\u00e9less\u00e9ge: 20 cm, hossz\u00fas\u00e1ga 19.5 cm.<\/p>\n<p>Fa vastags\u00e1ga: 12 mm<\/p>\n<p>Kiv\u00e1l\u00f3 meglepi lehet szeretteidnek, esk\u00fcv\u0151re, n\u00e9vnapra, sz\u00fclet\u00e9snapra, kar\u00e1csonyra, ballag\u00e1sra, Pedag\u00f3gus napra, \u00e9s nem utols\u00f3 sorban Any\u00e1k napj\u00e1ra. Dobd fel a lak\u00e1sod egyedi falid\u00edszeim egyik\u00e9vel!<\/p>\n<p>&nbsp;<\/p>\n<p>&nbsp;<\/p>\n<p>UNQIUE WALL DECORATION<br \/>\nHANGING WALL PLANTER<br \/>\nWALL ART HOME DECOR<br \/>\nWALL HANGINGS FOR DRIED FLOWERS\/PENCILS,PHOTOS\/MAKE-UP SET<\/p>\n<p>I have developed a new, alternative wall hanging for keeping your necessary things together. You can keep pencils, make-up accessories, dried flowers or something special things in this modern hanging vase.<\/p>\n<p>It is made from textile and wooden frames. There is a textile pocket\/bad in the wooden frame into which you can put different kinds of necessary things and by which you can decorate your wall.<\/p>\n<p>This vase has a tiny green-dotted textile pocket<\/p>\n<p>The wooden frame is polished and varnished by lack, the surface imitates vintage style.<br \/>\nAt the back side there is little hole by which you can hang the heart wall hanging into the wall.<\/p>\n<p>****Please, Don&#8217;t put into the pocket very heavy items!<\/p>\n<p>BRIGHTEN UP YO UP HOME WITH THIS UNIQUE DECORATIVE WALL HANGING. The only limit is your imagination what you put into this cute vase.<\/p>\n<p>Excellent gift for Mother&#8217;s Day, a birthday, wedding ceremony.<\/p>\n<p>NOT INCLUDING THE DECORATING ITEMS: MY FLOWERS, MY OWN MAKE-UP ACCESSORIES, PENCILS. \ud83d\ude42<\/p>\n<p>*Measurement:<\/p>\n<p>Width:19 CM at the top of it (7.6&#8243;)<br \/>\nLength: 20 CM at the middle (7.8 inch)<\/p>\n<p>Thickness of the wood: 12mm<\/p>\n<p>Quantity: 1 piece<\/p>\n<p>&nbsp;<\/p>\n<p>&nbsp;<\/p>\n<p>&nbsp;<\/p>","protected":false},"excerpt":{"rendered":"<p>Sz\u00edvalak\u00fa multifunkcion\u00e1lis falid\u00edsz<\/p>\n<p>&nbsp;<\/p>\n<p>UNQIUE WALL DECORATION<br \/>\nHANGING WALL PLANTER<br \/>\nWALL ART HOME DECOR<br \/>\nWALL HANGINGS FOR DRIED FLOWERS\/PENCILS,PHOTOS\/MAKE-UP SET<\/p>","protected":false},"featured_media":4032,"template":"","meta":{"_monsterinsights_skip_tracking":false,"_monsterinsights_sitenote_active":false,"_monsterinsights_sitenote_note":"","_monsterinsights_sitenote_category":0,"kt_blocks_editor_width":""},"product_cat":[1325],"product_tag":[1459,1439,1508,1437,1438,1436,1333,1330,1433,1328,1432,1332,1331,1327,1083,1336,1326,1335,1334,1329],"_links":{"self":[{"href":"https:\/\/textilbogyo.hu\/en_gb\/wp-json\/wp\/v2\/product\/4030"}],"collection":[{"href":"https:\/\/textilbogyo.hu\/en_gb\/wp-json\/wp\/v2\/product"}],"about":[{"href":"https:\/\/textilbogyo.hu\/en_gb\/wp-json\/wp\/v2\/types\/product"}],"wp:featuredmedia":[{"embeddable":true,"href":"https:\/\/textilbogyo.hu\/en_gb\/wp-json\/wp\/v2\/media\/4032"}],"wp:attachment":[{"href":"https:\/\/textilbogyo.hu\/en_gb\/wp-json\/wp\/v2\/media?parent=4030"}],"wp:term":[{"taxonomy":"product_cat","embeddable":true,"href":"https:\/\/textilbogyo.hu\/en_gb\/wp-json\/wp\/v2\/product_cat?post=4030"},{"taxonomy":"product_tag","embeddable":true,"href":"https:\/\/textilbogyo.hu\/en_gb\/wp-json\/wp\/v2\/product_tag?post=4030"}],"curies":[{"name":"wp","href":"https:\/\/api.w.org\/{rel}","templated":true}]}}