{"id":4054,"date":"2023-04-05T13:02:42","date_gmt":"2023-04-05T12:02:42","guid":{"rendered":"https:\/\/yourtextiledreams.com\/?post_type=product&#038;p=4054"},"modified":"2025-10-02T16:58:18","modified_gmt":"2025-10-02T15:58:18","slug":"7-8-heart-shaped-textile-wall-decoration-hungarian-matyo-wall-decor","status":"publish","type":"product","link":"https:\/\/textilbogyo.hu\/en_gb\/shop\/textil-fali-dekoraciok\/7-8-heart-shaped-textile-wall-decoration-hungarian-matyo-wall-decor\/","title":{"rendered":"Magyaros sz\u00edvalak\u00fa textil fali dekor\u00e1ci\u00f3,fali vir\u00e1gtart\u00f3, egyedi fali neszeszertart\u00f3, fali f\u00e9nyk\u00e9ptart\u00f3"},"content":{"rendered":"<p>Ennek a falid\u00edsznek az elk\u00e9sz\u00edt\u00e9s\u00e9hez magyar mint\u00e1s, kalocsai n\u00e9pi vir\u00e1gmint\u00e1s anyagot haszn\u00e1ltam. Ezzel a sz\u00edvalak\u00fa falid\u00edsszel otthonosabb\u00e1, meleg hangulat\u00fav\u00e1 tudod var\u00e1zsolni a szob\u00e1dat! Saj\u00e1t, egyedi \u00f6tlet alapj\u00e1n k\u00e9sz\u00fclt alkot\u00e1s.<\/p>\n<p>A falid\u00edsz textil zsebbel rendelkezik, s nemcsak (f\u0151k\u00e9nt sz\u00e1raz) vir\u00e1gokat , hanem piperecuccokat, kedvenc fot\u00f3kat, ceruz\u00e1kat is lehet benne tartani. \u00c9l\u0151 vir\u00e1got is lehet bele tenni, ehhez valamilyen \u00fcvegcs\u00e9t kell beszerezned, amibe kis vizet teszel. A k\u00e9peken l\u00e1that\u00f3 vir\u00e1gokat, ceruz\u00e1kat, pipere dolgokat nem tartalmazza a csomag.<\/p>\n<p>Mind a sz\u00edvalak\u00fa faalap mind a textil dekor\u00e1ci\u00f3 saj\u00e1t fant\u00e1zia alapj\u00e1n \u00e9s saj\u00e1t k\u00e9zzel k\u00e9sz\u00fclt. H\u00e1tul f\u00fart akaszt\u00f3r\u00e9sze van, amivel a falra akaszthatod a d\u00edszt. Amennyiben t\u00f6bb f\u00e9nyk\u00e9pet szeretn\u00e9l a term\u00e9kr\u0151l,keress b\u00e1tran.<\/p>\n<p>Sz\u00e9less\u00e9ge: 20 cm, hossz\u00fas\u00e1ga 19.5 cm<\/p>\n<p>Fa vastags\u00e1ga: 12 mm<\/p>\n<p>Kiv\u00e1l\u00f3 meglepet\u00e9s lehet szeretteidnek, esk\u00fcv\u0151re, n\u00e9vnapra, sz\u00fclet\u00e9snapra, kar\u00e1csonyra, ballag\u00e1sra, Pedag\u00f3gus napra, \u00e9s nem utols\u00f3 sorban Any\u00e1k napj\u00e1ra. Kiv\u00e1l\u00f3 aj\u00e1nd\u00e9k k\u00fclf\u00f6ldi bar\u00e1taidnak is! Hozd vissza a lak\u00e1sodba a r\u00e9gi korok hangulat\u00e1t!<\/p>\n<p>&nbsp;<\/p>\n<p>&nbsp;<\/p>\n<p>&nbsp;<\/p>\n<p>&nbsp;<\/p>","protected":false},"excerpt":{"rendered":"<p>Sz\u00edvalak\u00fa multifunkcion\u00e1lis falid\u00edsz<\/p>\n<p>&nbsp;<\/p>\n<p>&nbsp;<\/p>\n<p>&nbsp;<\/p>","protected":false},"featured_media":4055,"template":"","meta":{"_monsterinsights_skip_tracking":false,"_monsterinsights_sitenote_active":false,"_monsterinsights_sitenote_note":"","_monsterinsights_sitenote_category":0,"kt_blocks_editor_width":""},"product_cat":[1325],"product_tag":[1459,1437,1506,1431,1333,1330,1433,1328,1434,1435,1432,1332,1331,1327,1083,1336,1326,1335,1334,1329],"_links":{"self":[{"href":"https:\/\/textilbogyo.hu\/en_gb\/wp-json\/wp\/v2\/product\/4054"}],"collection":[{"href":"https:\/\/textilbogyo.hu\/en_gb\/wp-json\/wp\/v2\/product"}],"about":[{"href":"https:\/\/textilbogyo.hu\/en_gb\/wp-json\/wp\/v2\/types\/product"}],"wp:featuredmedia":[{"embeddable":true,"href":"https:\/\/textilbogyo.hu\/en_gb\/wp-json\/wp\/v2\/media\/4055"}],"wp:attachment":[{"href":"https:\/\/textilbogyo.hu\/en_gb\/wp-json\/wp\/v2\/media?parent=4054"}],"wp:term":[{"taxonomy":"product_cat","embeddable":true,"href":"https:\/\/textilbogyo.hu\/en_gb\/wp-json\/wp\/v2\/product_cat?post=4054"},{"taxonomy":"product_tag","embeddable":true,"href":"https:\/\/textilbogyo.hu\/en_gb\/wp-json\/wp\/v2\/product_tag?post=4054"}],"curies":[{"name":"wp","href":"https:\/\/api.w.org\/{rel}","templated":true}]}}