{"id":4069,"date":"2023-04-05T13:43:46","date_gmt":"2023-04-05T12:43:46","guid":{"rendered":"https:\/\/yourtextiledreams.com\/?post_type=product&#038;p=4069"},"modified":"2025-10-02T16:51:41","modified_gmt":"2025-10-02T15:51:41","slug":"blue-treasure-of-the-pharaoh-colourful-textile-necklacenew-chic-wooden-textile-jewellery","status":"publish","type":"product","link":"https:\/\/textilbogyo.hu\/en_gb\/shop\/fa-ekszerek\/blue-treasure-of-the-pharaoh-colourful-textile-necklacenew-chic-wooden-textile-jewellery\/","title":{"rendered":"F\u00e1ra\u00f3 kincse fa \u00e9s fonalnyakl\u00e1nc, egyedi \u00e9kszer, boh\u00e9m nyakl\u00e1nc, k\u00fcl\u00f6nleges aj\u00e1nd\u00e9k"},"content":{"rendered":"<p>F\u00e1ra\u00f3 kincse t\u00fcrkizk\u00e9k \u00e9s narancs sz\u00ednekben. Egy st\u00edlus, amit meg\u00e9rdemelsz! Sz\u00e1momra ez a st\u00edlus \u00e9s hangulat a r\u00e9gi id\u0151kre eml\u00e9keztet. Ez a gy\u00f6ny\u00f6r\u0171, sz\u00ednes nyakl\u00e1nc divatos kieg\u00e9sz\u00edt\u0151 minden n\u0151 sz\u00e1m\u00e1ra. Minden alkot\u00e1som k\u00e9zzel, szeretettel \u00e9s a r\u00e9szletekre val\u00f3 odafigyel\u00e9ssel k\u00e9sz\u00fclt, kiv\u00e1l\u00f3 min\u0151s\u00e9g\u0171 fonalak \u00e9s anyagok felhaszn\u00e1l\u00e1s\u00e1val.<\/p>\n<p>Egyedi darab. A nyakl\u00e1nc selyemszalagos kapoccsal k\u00f6thet\u0151 meg T\u00f6bb darabot is tudok k\u00e9sz\u00edteni rendel\u00e9sre.<\/p>\n<p>M\u00e9rete: Hossz\u00fas\u00e1g: 110 mm<\/p>\n<p>&nbsp;<\/p>","protected":false},"excerpt":{"rendered":"<p>Egyiptomi st\u00edlus\u00fa \u00e9kszer<\/p>\n<p>&nbsp;<\/p>","protected":false},"featured_media":4595,"template":"","meta":{"_monsterinsights_skip_tracking":false,"_monsterinsights_sitenote_active":false,"_monsterinsights_sitenote_note":"","_monsterinsights_sitenote_category":0,"kt_blocks_editor_width":""},"product_cat":[749],"product_tag":[1339,1338,1301,1300,1302,1305,1337,1455,1295,1291,1298,1299,1292,1294,827,1296,1303],"_links":{"self":[{"href":"https:\/\/textilbogyo.hu\/en_gb\/wp-json\/wp\/v2\/product\/4069"}],"collection":[{"href":"https:\/\/textilbogyo.hu\/en_gb\/wp-json\/wp\/v2\/product"}],"about":[{"href":"https:\/\/textilbogyo.hu\/en_gb\/wp-json\/wp\/v2\/types\/product"}],"wp:featuredmedia":[{"embeddable":true,"href":"https:\/\/textilbogyo.hu\/en_gb\/wp-json\/wp\/v2\/media\/4595"}],"wp:attachment":[{"href":"https:\/\/textilbogyo.hu\/en_gb\/wp-json\/wp\/v2\/media?parent=4069"}],"wp:term":[{"taxonomy":"product_cat","embeddable":true,"href":"https:\/\/textilbogyo.hu\/en_gb\/wp-json\/wp\/v2\/product_cat?post=4069"},{"taxonomy":"product_tag","embeddable":true,"href":"https:\/\/textilbogyo.hu\/en_gb\/wp-json\/wp\/v2\/product_tag?post=4069"}],"curies":[{"name":"wp","href":"https:\/\/api.w.org\/{rel}","templated":true}]}}