{"id":4108,"date":"2023-04-24T10:37:34","date_gmt":"2023-04-24T09:37:34","guid":{"rendered":"https:\/\/yourtextiledreams.com\/?post_type=product&#038;p=4108"},"modified":"2025-10-02T13:37:08","modified_gmt":"2025-10-02T12:37:08","slug":"2-1-statement-bohemian-necklace-colorful-hippie-boho-jewelry-ethnic-collar-african-jewelry","status":"publish","type":"product","link":"https:\/\/textilbogyo.hu\/en_gb\/shop\/ogel-nyaklancok\/2-1-statement-bohemian-necklace-colorful-hippie-boho-jewelry-ethnic-collar-african-jewelry\/","title":{"rendered":"ELKELT must\u00e1rs\u00e1rga-bord\u00f3 OGEL boh\u00e9m st\u00edlus\u00fa fonal nyakl\u00e1nc, textil\u00e9kszer"},"content":{"rendered":"<p data-buy-box-listing-title=\"true\">ELKELT, de k\u00e9rhetsz \u00fajat<\/p>\n<p data-buy-box-listing-title=\"true\">A must\u00e1rs\u00e1rga-bord\u00f3 \u00e1rnyalataiban k\u00e9sz\u00fclt ez az egyedi fonal nyakl\u00e1nc. Min\u0151s\u00e9gi, term\u00e9szetk\u00f6zeli \u00e9s trendi mind a h\u00e9tk\u00f6znapokra mind \u00fcnnepnapokra. A med\u00e1l \u00fajrahasznos\u00edtott falencs\u00e9re \u00e9s megmaradt fonalakb\u00f3l k\u00e9sz\u00fclt.<\/p>\n<p data-buy-box-listing-title=\"true\">\n<p data-buy-box-listing-title=\"true\">\u00c1ra: 5.500 Ft<\/p>\n<p>&nbsp;<\/p>\n<p>&nbsp;<\/p>","protected":false},"excerpt":{"rendered":"<p>OGEL nyakl\u00e1nc<\/p>","protected":false},"featured_media":4149,"template":"","meta":{"_monsterinsights_skip_tracking":false,"_monsterinsights_sitenote_active":false,"_monsterinsights_sitenote_note":"","_monsterinsights_sitenote_category":0,"kt_blocks_editor_width":""},"product_cat":[1275],"product_tag":[1293,1341,1301,1300,1302,1304,1305,1295,1291,1298,1299,1292,1294,827,1297,1296,1303],"_links":{"self":[{"href":"https:\/\/textilbogyo.hu\/en_gb\/wp-json\/wp\/v2\/product\/4108"}],"collection":[{"href":"https:\/\/textilbogyo.hu\/en_gb\/wp-json\/wp\/v2\/product"}],"about":[{"href":"https:\/\/textilbogyo.hu\/en_gb\/wp-json\/wp\/v2\/types\/product"}],"wp:featuredmedia":[{"embeddable":true,"href":"https:\/\/textilbogyo.hu\/en_gb\/wp-json\/wp\/v2\/media\/4149"}],"wp:attachment":[{"href":"https:\/\/textilbogyo.hu\/en_gb\/wp-json\/wp\/v2\/media?parent=4108"}],"wp:term":[{"taxonomy":"product_cat","embeddable":true,"href":"https:\/\/textilbogyo.hu\/en_gb\/wp-json\/wp\/v2\/product_cat?post=4108"},{"taxonomy":"product_tag","embeddable":true,"href":"https:\/\/textilbogyo.hu\/en_gb\/wp-json\/wp\/v2\/product_tag?post=4108"}],"curies":[{"name":"wp","href":"https:\/\/api.w.org\/{rel}","templated":true}]}}