{"id":4143,"date":"2023-04-24T11:46:39","date_gmt":"2023-04-24T10:46:39","guid":{"rendered":"https:\/\/yourtextiledreams.com\/?post_type=product&#038;p=4143"},"modified":"2025-10-01T18:07:31","modified_gmt":"2025-10-01T17:07:31","slug":"2-1-grass-green-statement-bohemian-necklace-colorful-hippie-boho-jewelry-ethnic-collar-african-jewelry","status":"publish","type":"product","link":"https:\/\/textilbogyo.hu\/en_gb\/shop\/ogel-nyaklancok\/2-1-grass-green-statement-bohemian-necklace-colorful-hippie-boho-jewelry-ethnic-collar-african-jewelry\/","title":{"rendered":"ELKELT TAVASZI MEZ\u0150 OGEL fonal nyakl\u00e1nc,  textil \u00e9kszer, fonal \u00e9kszer t\u00fcrkiz sz\u00ednekben"},"content":{"rendered":"<p data-buy-box-listing-title=\"true\">ELKELT, de k\u00e9rhetsz hasonl\u00f3t<\/p>\n<p data-buy-box-listing-title=\"true\">A tavasz sz\u00ednek \u00e1rnyalataiban k\u00e9sz\u00fclt ez az egyedi fonal nyakl\u00e1nc. Min\u0151s\u00e9gi, term\u00e9szetk\u00f6zeli \u00e9s trendi mind a h\u00e9tk\u00f6znapokra mind \u00fcnnepnapokra. A med\u00e1l \u00fajrahasznos\u00edtott falencs\u00e9re \u00e9s r\u00e9gr\u0151l kimaradt fonalakb\u00f3l k\u00e9sz\u00fclt. \u00c1ll\u00edthat\u00f3 A med\u00e1l 5.5 cm<\/p>\n<p data-buy-box-listing-title=\"true\">Kiv\u00e1l\u00f3 aj\u00e1nd\u00e9k kar\u00e1csonyra, n\u00e9vnapra, sz\u00fclinapra. Ezzel a nyakl\u00e1nccal nem leszel egy a sok k\u00f6z\u00fcl!<\/p>\n<p data-buy-box-listing-title=\"true\">\u00c1ra: 5.500 Ft<\/p>\n<p>&nbsp;<\/p>","protected":false},"excerpt":{"rendered":"<p>fonal nyakl\u00e1nc<\/p>","protected":false},"featured_media":4132,"template":"","meta":{"_monsterinsights_skip_tracking":false,"_monsterinsights_sitenote_active":false,"_monsterinsights_sitenote_note":"","_monsterinsights_sitenote_category":0,"kt_blocks_editor_width":""},"product_cat":[1275],"product_tag":[1424,1395,1394],"_links":{"self":[{"href":"https:\/\/textilbogyo.hu\/en_gb\/wp-json\/wp\/v2\/product\/4143"}],"collection":[{"href":"https:\/\/textilbogyo.hu\/en_gb\/wp-json\/wp\/v2\/product"}],"about":[{"href":"https:\/\/textilbogyo.hu\/en_gb\/wp-json\/wp\/v2\/types\/product"}],"wp:featuredmedia":[{"embeddable":true,"href":"https:\/\/textilbogyo.hu\/en_gb\/wp-json\/wp\/v2\/media\/4132"}],"wp:attachment":[{"href":"https:\/\/textilbogyo.hu\/en_gb\/wp-json\/wp\/v2\/media?parent=4143"}],"wp:term":[{"taxonomy":"product_cat","embeddable":true,"href":"https:\/\/textilbogyo.hu\/en_gb\/wp-json\/wp\/v2\/product_cat?post=4143"},{"taxonomy":"product_tag","embeddable":true,"href":"https:\/\/textilbogyo.hu\/en_gb\/wp-json\/wp\/v2\/product_tag?post=4143"}],"curies":[{"name":"wp","href":"https:\/\/api.w.org\/{rel}","templated":true}]}}