{"id":4166,"date":"2023-04-25T11:59:26","date_gmt":"2023-04-25T10:59:26","guid":{"rendered":"https:\/\/yourtextiledreams.com\/?post_type=product&#038;p=4166"},"modified":"2025-10-12T16:27:13","modified_gmt":"2025-10-12T15:27:13","slug":"oval-matyo-hungarian-folk-textile-necklace-in-wooden-frame-hungarian-ethnical-jewellery","status":"publish","type":"product","link":"https:\/\/textilbogyo.hu\/en_gb\/shop\/magyar-folkekszerek\/oval-matyo-hungarian-folk-textile-necklace-in-wooden-frame-hungarian-ethnical-jewellery\/","title":{"rendered":"Magyaros nyakl\u00e1nc, textil-fa maty\u00f3s nyakl\u00e1nc,maty\u00f3 \u00e9kszer,folkl\u00f3r textil \u00e9kszer,magyar n\u00e9pviselet"},"content":{"rendered":"<p>30 mm x 40 mm ov\u00e1lis faalapra k\u00e9sz\u00fclt maty\u00f3 mint\u00e1s magyaros nyakl\u00e1nc, melyet selyemszalaggal tudsz megk\u00f6tni. A faalap k\u0151ris f\u00e1b\u00f3l k\u00e9sz\u00fclt.<\/p>\n<p>T\u00f6bb darabot is el tudok k\u00e9sz\u00edteni rendel\u00e9sre. K\u00f6nny\u0171 viselet<\/p>\n<p>Med\u00e1l m\u00e9rete: 30x 40 mm, fekete selyemszalaggal k\u00f6thet\u0151 \u00f6ssze<\/p>","protected":false},"excerpt":{"rendered":"<p>Magyaros \u00e9kszer<\/p>","protected":false},"featured_media":4167,"template":"","meta":{"_monsterinsights_skip_tracking":false,"_monsterinsights_sitenote_active":false,"_monsterinsights_sitenote_note":"","_monsterinsights_sitenote_category":0,"kt_blocks_editor_width":""},"product_cat":[8,18],"product_tag":[1323,1319,1346,1347,1320,1321,1322,1475,1397,1343,1344,1345,1342],"_links":{"self":[{"href":"https:\/\/textilbogyo.hu\/en_gb\/wp-json\/wp\/v2\/product\/4166"}],"collection":[{"href":"https:\/\/textilbogyo.hu\/en_gb\/wp-json\/wp\/v2\/product"}],"about":[{"href":"https:\/\/textilbogyo.hu\/en_gb\/wp-json\/wp\/v2\/types\/product"}],"wp:featuredmedia":[{"embeddable":true,"href":"https:\/\/textilbogyo.hu\/en_gb\/wp-json\/wp\/v2\/media\/4167"}],"wp:attachment":[{"href":"https:\/\/textilbogyo.hu\/en_gb\/wp-json\/wp\/v2\/media?parent=4166"}],"wp:term":[{"taxonomy":"product_cat","embeddable":true,"href":"https:\/\/textilbogyo.hu\/en_gb\/wp-json\/wp\/v2\/product_cat?post=4166"},{"taxonomy":"product_tag","embeddable":true,"href":"https:\/\/textilbogyo.hu\/en_gb\/wp-json\/wp\/v2\/product_tag?post=4166"}],"curies":[{"name":"wp","href":"https:\/\/api.w.org\/{rel}","templated":true}]}}