{"id":4172,"date":"2023-04-25T12:10:35","date_gmt":"2023-04-25T11:10:35","guid":{"rendered":"https:\/\/yourtextiledreams.com\/?post_type=product&#038;p=4172"},"modified":"2025-10-12T16:25:15","modified_gmt":"2025-10-12T15:25:15","slug":"oval-matyo-hungarian-folk-textile-necklace-in-wooden-frame-hungarian-ethnical-jewellery-copy","status":"publish","type":"product","link":"https:\/\/textilbogyo.hu\/en_gb\/shop\/magyar-folkekszerek\/oval-matyo-hungarian-folk-textile-necklace-in-wooden-frame-hungarian-ethnical-jewellery-copy\/","title":{"rendered":"Magyaros nyakl\u00e1nc, textil-fa maty\u00f3s nyakl\u00e1nc,maty\u00f3 \u00e9kszer,folkl\u00f3r textil \u00e9kszer,magyar n\u00e9pviselet"},"content":{"rendered":"<p>Ov\u00e1lis faalapra k\u00e9sz\u00fclt kalocsai mint\u00e1s magyaros nyakl\u00e1nc, melyet selyemszalaggal tudsz megk\u00f6tni. A faalap di\u00f3f\u00e1b\u00f3l k\u00e9sz\u00fclt. T\u00f6bb darabot is el tudok k\u00e9sz\u00edteni rendel\u00e9sre. K\u00f6nny\u0171 viselet<\/p>\n<p>&nbsp;<\/p>\n<p>Med\u00e1l: 30 x 40 mm, fekete selyemszalaggal k\u00f6thet\u0151 meg<br \/>\n&#8212;&#8212;&#8212;&#8212;&#8212;&#8212;&#8212;&#8212;&#8212;&#8211;<\/p>","protected":false},"excerpt":{"rendered":"<p>Magyaros \u00e9kszer<\/p>","protected":false},"featured_media":4175,"template":"","meta":{"_monsterinsights_skip_tracking":false,"_monsterinsights_sitenote_active":false,"_monsterinsights_sitenote_note":"","_monsterinsights_sitenote_category":0,"kt_blocks_editor_width":""},"product_cat":[8,18],"product_tag":[1323,1319,1346,1347,1320,1321,1322,1470,1474,1343,1344,1345,1342],"_links":{"self":[{"href":"https:\/\/textilbogyo.hu\/en_gb\/wp-json\/wp\/v2\/product\/4172"}],"collection":[{"href":"https:\/\/textilbogyo.hu\/en_gb\/wp-json\/wp\/v2\/product"}],"about":[{"href":"https:\/\/textilbogyo.hu\/en_gb\/wp-json\/wp\/v2\/types\/product"}],"wp:featuredmedia":[{"embeddable":true,"href":"https:\/\/textilbogyo.hu\/en_gb\/wp-json\/wp\/v2\/media\/4175"}],"wp:attachment":[{"href":"https:\/\/textilbogyo.hu\/en_gb\/wp-json\/wp\/v2\/media?parent=4172"}],"wp:term":[{"taxonomy":"product_cat","embeddable":true,"href":"https:\/\/textilbogyo.hu\/en_gb\/wp-json\/wp\/v2\/product_cat?post=4172"},{"taxonomy":"product_tag","embeddable":true,"href":"https:\/\/textilbogyo.hu\/en_gb\/wp-json\/wp\/v2\/product_tag?post=4172"}],"curies":[{"name":"wp","href":"https:\/\/api.w.org\/{rel}","templated":true}]}}