{"id":4180,"date":"2023-04-25T12:23:16","date_gmt":"2023-04-25T11:23:16","guid":{"rendered":"https:\/\/yourtextiledreams.com\/?post_type=product&#038;p=4180"},"modified":"2025-10-02T13:30:53","modified_gmt":"2025-10-02T12:30:53","slug":"tear-dropmatyo-hungarian-folk-textile-necklace-in-wooden-frame-hungarian-ethnical-jewellery-copy","status":"publish","type":"product","link":"https:\/\/textilbogyo.hu\/en_gb\/shop\/magyar-folkekszerek\/tear-dropmatyo-hungarian-folk-textile-necklace-in-wooden-frame-hungarian-ethnical-jewellery-copy\/","title":{"rendered":"Csepp alak\u00fa vir\u00e1gos f\u00fclbeval\u00f3 \u00e9s nyakl\u00e1nc szett,textil egyedi \u00e9kszerszett, textil \u00e9kszer,textil nyakl\u00e1nc"},"content":{"rendered":"<p>Csepp alak\u00fa fekete di\u00f3 faalapra k\u00e9sz\u00fclt magyaros maty\u00f3 textil nyakl\u00e1nc . Egyedi darab. A nyakl\u00e1nc kapcsos fekete b\u0151rsz\u00edjjal k\u00f6thet\u0151 meg. K\u00e9r\u00e9sre t\u00f6bb darabot is el tudok k\u00e9sz\u00edteni. K\u00f6nny\u0171 viselet.<\/p>\n<p>Facsepp hossza: 3 cm<\/p>\n<p>Facsepp legnagyobb sz\u00e9less\u00e9ge 2.2 cm Med\u00e1l m\u00e9rete: sz\u00e9less\u00e9ge 4.5 cm, hossz\u00fas\u00e1ga 6 cm<\/p>","protected":false},"excerpt":{"rendered":"<p>Fa maty\u00f3s \u00e9kszer, folk \u00e9kszer<\/p>","protected":false},"featured_media":4182,"template":"","meta":{"_monsterinsights_skip_tracking":false,"_monsterinsights_sitenote_active":false,"_monsterinsights_sitenote_note":"","_monsterinsights_sitenote_category":0,"kt_blocks_editor_width":""},"product_cat":[8],"product_tag":[1323,1319,1346,1320,1321,1322,1402,1470,1499,1397,1473,1343,1344,1345,1472,1342,1467,1500],"_links":{"self":[{"href":"https:\/\/textilbogyo.hu\/en_gb\/wp-json\/wp\/v2\/product\/4180"}],"collection":[{"href":"https:\/\/textilbogyo.hu\/en_gb\/wp-json\/wp\/v2\/product"}],"about":[{"href":"https:\/\/textilbogyo.hu\/en_gb\/wp-json\/wp\/v2\/types\/product"}],"wp:featuredmedia":[{"embeddable":true,"href":"https:\/\/textilbogyo.hu\/en_gb\/wp-json\/wp\/v2\/media\/4182"}],"wp:attachment":[{"href":"https:\/\/textilbogyo.hu\/en_gb\/wp-json\/wp\/v2\/media?parent=4180"}],"wp:term":[{"taxonomy":"product_cat","embeddable":true,"href":"https:\/\/textilbogyo.hu\/en_gb\/wp-json\/wp\/v2\/product_cat?post=4180"},{"taxonomy":"product_tag","embeddable":true,"href":"https:\/\/textilbogyo.hu\/en_gb\/wp-json\/wp\/v2\/product_tag?post=4180"}],"curies":[{"name":"wp","href":"https:\/\/api.w.org\/{rel}","templated":true}]}}