{"id":4202,"date":"2023-04-25T12:44:00","date_gmt":"2023-04-25T11:44:00","guid":{"rendered":"https:\/\/yourtextiledreams.com\/?post_type=product&#038;p=4202"},"modified":"2025-10-02T13:31:56","modified_gmt":"2025-10-02T12:31:56","slug":"bird-matyo-hungarian-folk-necklace-in-wooden-frame-hungarian-ethnical-jewellery","status":"publish","type":"product","link":"https:\/\/textilbogyo.hu\/en_gb\/shop\/magyar-folkekszerek\/bird-matyo-hungarian-folk-necklace-in-wooden-frame-hungarian-ethnical-jewellery\/","title":{"rendered":"Mad\u00e1rk\u00e1s kalocsai mint\u00e1s nyakl\u00e1nc, magyaros \u00e9kszer, folkl\u00f3r nyakl\u00e1nc"},"content":{"rendered":"<p>Mad\u00e1rk\u00e1s faalapra k\u00e9sz\u00fclt kalocsai mint\u00e1s nyakl\u00e1nc, melyet z\u00f6ld selyemszalag tart meg. Ez a nyakl\u00e1nc sem fog Veled szembe j\u00f6nni! H\u00e1tul kapoccsal megk\u00f6thet\u0151.<\/p>\n<p>A med\u00e1l hossza: 7 cm 25 mm lencse van k\u00f6z\u00e9pen.<\/p>\n<p>A k\u00f6z\u00e9ps\u0151 r\u00e9szen a mint\u00e1s \u00fcveglencse m\u00e9rete: 2.5 cm<\/p>","protected":false},"excerpt":{"rendered":"<p>Mad\u00e1rk\u00e1s kalocsai nyakl\u00e1nc<\/p>","protected":false},"featured_media":4207,"template":"","meta":{"_monsterinsights_skip_tracking":false,"_monsterinsights_sitenote_active":false,"_monsterinsights_sitenote_note":"","_monsterinsights_sitenote_category":0,"kt_blocks_editor_width":""},"product_cat":[8],"product_tag":[1398,1323,1319,1346,1347,1320,1321,1322,1501,1499],"_links":{"self":[{"href":"https:\/\/textilbogyo.hu\/en_gb\/wp-json\/wp\/v2\/product\/4202"}],"collection":[{"href":"https:\/\/textilbogyo.hu\/en_gb\/wp-json\/wp\/v2\/product"}],"about":[{"href":"https:\/\/textilbogyo.hu\/en_gb\/wp-json\/wp\/v2\/types\/product"}],"wp:featuredmedia":[{"embeddable":true,"href":"https:\/\/textilbogyo.hu\/en_gb\/wp-json\/wp\/v2\/media\/4207"}],"wp:attachment":[{"href":"https:\/\/textilbogyo.hu\/en_gb\/wp-json\/wp\/v2\/media?parent=4202"}],"wp:term":[{"taxonomy":"product_cat","embeddable":true,"href":"https:\/\/textilbogyo.hu\/en_gb\/wp-json\/wp\/v2\/product_cat?post=4202"},{"taxonomy":"product_tag","embeddable":true,"href":"https:\/\/textilbogyo.hu\/en_gb\/wp-json\/wp\/v2\/product_tag?post=4202"}],"curies":[{"name":"wp","href":"https:\/\/api.w.org\/{rel}","templated":true}]}}