{"id":4216,"date":"2023-04-25T12:59:19","date_gmt":"2023-04-25T11:59:19","guid":{"rendered":"https:\/\/yourtextiledreams.com\/?post_type=product&#038;p=4216"},"modified":"2025-10-12T16:23:04","modified_gmt":"2025-10-12T15:23:04","slug":"tear-drop-matyo-hungarian-folk-necklace-in-wooden-frame-hungarian-ethnical-jewellery-copy","status":"publish","type":"product","link":"https:\/\/textilbogyo.hu\/en_gb\/shop\/magyar-folkekszerek\/tear-drop-matyo-hungarian-folk-necklace-in-wooden-frame-hungarian-ethnical-jewellery-copy\/","title":{"rendered":"ELKELT Fa maty\u00f3 nyakl\u00e1nc, folkl\u00f3r textil \u00e9kszer, magyaros nyakl\u00e1nc"},"content":{"rendered":"<p>Elkelt. Ha tetszik, tudsz ut\u00e1nrendelni, keress a r\u00e9szletekkel.<\/p>\n<p>&nbsp;<\/p>\n<p>Facsepp hossza: 3 cm<\/p>\n<p>Facsepp legnagyobb sz\u00e9less\u00e9ge 2.2 cm<\/p>\n<p>Med\u00e1l m\u00e9rete: sz\u00e9less\u00e9ge 4.5 cm, hossz\u00fas\u00e1ga 6 cm<\/p>\n<p>&nbsp;<\/p>\n<p>\u00c1ra: 5000 Ft<\/p>","protected":false},"excerpt":{"rendered":"<p>Magyar hagyom\u00e1nyokat t\u00fckr\u00f6z\u0151 folk \u00e9kszer<\/p>","protected":false},"featured_media":4217,"template":"","meta":{"_monsterinsights_skip_tracking":false,"_monsterinsights_sitenote_active":false,"_monsterinsights_sitenote_note":"","_monsterinsights_sitenote_category":0,"kt_blocks_editor_width":""},"product_cat":[8],"product_tag":[1323,1319,1346,1347,1320,1321,1322,1473,1343,1344,1345,1342,1469],"_links":{"self":[{"href":"https:\/\/textilbogyo.hu\/en_gb\/wp-json\/wp\/v2\/product\/4216"}],"collection":[{"href":"https:\/\/textilbogyo.hu\/en_gb\/wp-json\/wp\/v2\/product"}],"about":[{"href":"https:\/\/textilbogyo.hu\/en_gb\/wp-json\/wp\/v2\/types\/product"}],"wp:featuredmedia":[{"embeddable":true,"href":"https:\/\/textilbogyo.hu\/en_gb\/wp-json\/wp\/v2\/media\/4217"}],"wp:attachment":[{"href":"https:\/\/textilbogyo.hu\/en_gb\/wp-json\/wp\/v2\/media?parent=4216"}],"wp:term":[{"taxonomy":"product_cat","embeddable":true,"href":"https:\/\/textilbogyo.hu\/en_gb\/wp-json\/wp\/v2\/product_cat?post=4216"},{"taxonomy":"product_tag","embeddable":true,"href":"https:\/\/textilbogyo.hu\/en_gb\/wp-json\/wp\/v2\/product_tag?post=4216"}],"curies":[{"name":"wp","href":"https:\/\/api.w.org\/{rel}","templated":true}]}}