{"id":4226,"date":"2023-04-25T13:10:05","date_gmt":"2023-04-25T12:10:05","guid":{"rendered":"https:\/\/yourtextiledreams.com\/?post_type=product&#038;p=4226"},"modified":"2025-10-02T13:34:34","modified_gmt":"2025-10-02T12:34:34","slug":"tear-drop-matyo-hungarian-folk-necklace-in-wooden-frame-hungarian-ethnical-jewellery-copy-2","status":"publish","type":"product","link":"https:\/\/textilbogyo.hu\/en_gb\/shop\/magyar-folkekszerek\/tear-drop-matyo-hungarian-folk-necklace-in-wooden-frame-hungarian-ethnical-jewellery-copy-2\/","title":{"rendered":"Maty\u00f3 \u00e9kszer faalapban, folkl\u00f3r textil \u00e9kszer, magyar n\u00e9pviselet"},"content":{"rendered":"<div id=\"product_description\" class=\"product-details-description whitespace-normal\">\n<div class=\"whitespace-pre-line\">A magyar hagyom\u00e1nyok \u00e9s az innov\u00e1ci\u00f3 jegy\u00e9ben k\u00e9sz\u00fclt saj\u00e1t tervez\u00e9s\u0171 \u00e9kszerdarab. A tervez\u00e9sem alapj\u00e1n csal\u00e1di egy\u00fcttm\u0171k\u00f6d\u00e9sben k\u00e9sz\u00fclt faalapot l\u00e1thattok. Fekete di\u00f3 faalapra k\u00e9sz\u00fclt maty\u00f3s textil nyakl\u00e1nc .<\/div>\n<div class=\"whitespace-pre-line\">Egyedi darab.<\/div>\n<div class=\"whitespace-pre-line\">A nyakl\u00e1nc selyemszalagos kapoccsal k\u00f6thet\u0151 meg<\/div>\n<div class=\"whitespace-pre-line\">T\u00f6bb darabot is tudok k\u00e9sz\u00edteni rendel\u00e9sre. K\u00f6nny\u0171 viselet.<\/div>\n<div class=\"whitespace-pre-line\"><\/div>\n<div class=\"whitespace-pre-line\">M\u00e9rete: Hossz\u00fas\u00e1g: 7.5 cm, benne 2.5 cm k\u00f6ralak\u00fa maty\u00f3s minta \u00fcveglencs\u00e9vel<\/div>\n<\/div>\n<div class=\"mt-10\">\n<div>\n<div class=\"text-montserrat\"><\/div>\n<\/div>\n<\/div>","protected":false},"excerpt":{"rendered":"<p>Maty\u00f3s fanyakl\u00e1nc, n\u00e9pies \u00e9kszer, folk \u00e9kszer<\/p>","protected":false},"featured_media":4227,"template":"","meta":{"_monsterinsights_skip_tracking":false,"_monsterinsights_sitenote_active":false,"_monsterinsights_sitenote_note":"","_monsterinsights_sitenote_category":0,"kt_blocks_editor_width":""},"product_cat":[8],"product_tag":[1323,1319,1346,1347,1320,1321,1322,1470,1499,1397,1343,1344,1345,1342,1469,1471],"_links":{"self":[{"href":"https:\/\/textilbogyo.hu\/en_gb\/wp-json\/wp\/v2\/product\/4226"}],"collection":[{"href":"https:\/\/textilbogyo.hu\/en_gb\/wp-json\/wp\/v2\/product"}],"about":[{"href":"https:\/\/textilbogyo.hu\/en_gb\/wp-json\/wp\/v2\/types\/product"}],"wp:featuredmedia":[{"embeddable":true,"href":"https:\/\/textilbogyo.hu\/en_gb\/wp-json\/wp\/v2\/media\/4227"}],"wp:attachment":[{"href":"https:\/\/textilbogyo.hu\/en_gb\/wp-json\/wp\/v2\/media?parent=4226"}],"wp:term":[{"taxonomy":"product_cat","embeddable":true,"href":"https:\/\/textilbogyo.hu\/en_gb\/wp-json\/wp\/v2\/product_cat?post=4226"},{"taxonomy":"product_tag","embeddable":true,"href":"https:\/\/textilbogyo.hu\/en_gb\/wp-json\/wp\/v2\/product_tag?post=4226"}],"curies":[{"name":"wp","href":"https:\/\/api.w.org\/{rel}","templated":true}]}}