{"id":4237,"date":"2023-04-25T13:23:20","date_gmt":"2023-04-25T12:23:20","guid":{"rendered":"https:\/\/yourtextiledreams.com\/?post_type=product&#038;p=4237"},"modified":"2025-10-03T13:43:10","modified_gmt":"2025-10-03T12:43:10","slug":"the-charm-of-east-ethnic-textile-half-moon-necklacetribal-fabric-necklace","status":"publish","type":"product","link":"https:\/\/textilbogyo.hu\/en_gb\/shop\/fa-ekszerek\/the-charm-of-east-ethnic-textile-half-moon-necklacetribal-fabric-necklace\/","title":{"rendered":"KELET VAR\u00c1ZSA textil \u00e9kszer, f\u00e9lhold alak\u00fa nyakl\u00e1nc"},"content":{"rendered":"<p>Szereted a Kelet var\u00e1zs\u00e1t, hangulat\u00e1t? Ez a nyakl\u00e1nc akkor a Te st\u00edlusod. Nemcsak k\u00fcl\u00f6nleges alkalmakkor, hanem a mindennapokban is hordhat\u00f3.<\/p>\n<p class=\"inline-block min-h-8 text-primary-700 break-words font-medium text-base\">K\u00e9k sz\u00ednes szalagb\u00f3l \u00e9s fonalb\u00f3l k\u00e9sz\u00fclt. M\u00e1gneses z\u00e1rral van ell\u00e1tva.<\/p>\n<p class=\"inline-block min-h-8 text-primary-700 break-words font-medium text-base\">M\u00e9ret:<br \/>\n*teljes hossz 60 cm<br \/>\n*F\u00e9lhold med\u00e1l m\u00e9rete:<br \/>\nsz\u00e9less\u00e9ge: 4,5 cm , hossz\u00fas\u00e1ga: 13 cm<\/p>","protected":false},"excerpt":{"rendered":"<p>F\u00e9lhold alak\u00fa nyakl\u00e1nc<\/p>","protected":false},"featured_media":4238,"template":"","meta":{"_monsterinsights_skip_tracking":false,"_monsterinsights_sitenote_active":false,"_monsterinsights_sitenote_note":"","_monsterinsights_sitenote_category":0,"kt_blocks_editor_width":""},"product_cat":[749],"product_tag":[1497,1498,1357],"_links":{"self":[{"href":"https:\/\/textilbogyo.hu\/en_gb\/wp-json\/wp\/v2\/product\/4237"}],"collection":[{"href":"https:\/\/textilbogyo.hu\/en_gb\/wp-json\/wp\/v2\/product"}],"about":[{"href":"https:\/\/textilbogyo.hu\/en_gb\/wp-json\/wp\/v2\/types\/product"}],"wp:featuredmedia":[{"embeddable":true,"href":"https:\/\/textilbogyo.hu\/en_gb\/wp-json\/wp\/v2\/media\/4238"}],"wp:attachment":[{"href":"https:\/\/textilbogyo.hu\/en_gb\/wp-json\/wp\/v2\/media?parent=4237"}],"wp:term":[{"taxonomy":"product_cat","embeddable":true,"href":"https:\/\/textilbogyo.hu\/en_gb\/wp-json\/wp\/v2\/product_cat?post=4237"},{"taxonomy":"product_tag","embeddable":true,"href":"https:\/\/textilbogyo.hu\/en_gb\/wp-json\/wp\/v2\/product_tag?post=4237"}],"curies":[{"name":"wp","href":"https:\/\/api.w.org\/{rel}","templated":true}]}}