{"id":4252,"date":"2023-04-25T13:43:58","date_gmt":"2023-04-25T12:43:58","guid":{"rendered":"https:\/\/yourtextiledreams.com\/?post_type=product&#038;p=4252"},"modified":"2025-10-03T13:41:39","modified_gmt":"2025-10-03T12:41:39","slug":"multicolour-ethnic-textile-half-moon-necklacetribal-fabric-necklace","status":"publish","type":"product","link":"https:\/\/textilbogyo.hu\/en_gb\/shop\/fa-ekszerek\/multicolour-ethnic-textile-half-moon-necklacetribal-fabric-necklace\/","title":{"rendered":"Halv\u00e1ny lila, sziv\u00e1rv\u00e1nyos f\u00e9lhold alak\u00fa textil nyakl\u00e1nc"},"content":{"rendered":"<p>K\u00fcl\u00f6nleges alak\u00fa \u00e9s sz\u00edn\u0171 nyakl\u00e1nc. Nagyon szeretem ezt a sz\u00ednvil\u00e1got. Szeretem benne, hogy k\u00fcl\u00f6nb\u00f6z\u0151 anyagok \u00f6tv\u00f6zete tal\u00e1lhat\u00f3 benne: s\u00fajt\u00e1s, selyemszalag \u00e9s fonal is. M\u00e1gnes kapoccsal z\u00e1r\u00f3dik.<br \/>\n_ _ _ _ _ _ _ _ _ _ _ _<br \/>\nM\u00e9retek<br \/>\n*teljes hossz 60 cm<br \/>\n* F\u00e9l-hold med\u00e1l:sz\u00e9less\u00e9ge: 4,5 cm, hossz\u00fas\u00e1ga: 13 cm<\/p>","protected":false},"excerpt":{"rendered":"<p>F\u00e9l-hold alak\u00fa textil nyakl\u00e1nc<\/p>","protected":false},"featured_media":4253,"template":"","meta":{"_monsterinsights_skip_tracking":false,"_monsterinsights_sitenote_active":false,"_monsterinsights_sitenote_note":"","_monsterinsights_sitenote_category":0,"kt_blocks_editor_width":""},"product_cat":[749],"product_tag":[],"_links":{"self":[{"href":"https:\/\/textilbogyo.hu\/en_gb\/wp-json\/wp\/v2\/product\/4252"}],"collection":[{"href":"https:\/\/textilbogyo.hu\/en_gb\/wp-json\/wp\/v2\/product"}],"about":[{"href":"https:\/\/textilbogyo.hu\/en_gb\/wp-json\/wp\/v2\/types\/product"}],"wp:featuredmedia":[{"embeddable":true,"href":"https:\/\/textilbogyo.hu\/en_gb\/wp-json\/wp\/v2\/media\/4253"}],"wp:attachment":[{"href":"https:\/\/textilbogyo.hu\/en_gb\/wp-json\/wp\/v2\/media?parent=4252"}],"wp:term":[{"taxonomy":"product_cat","embeddable":true,"href":"https:\/\/textilbogyo.hu\/en_gb\/wp-json\/wp\/v2\/product_cat?post=4252"},{"taxonomy":"product_tag","embeddable":true,"href":"https:\/\/textilbogyo.hu\/en_gb\/wp-json\/wp\/v2\/product_tag?post=4252"}],"curies":[{"name":"wp","href":"https:\/\/api.w.org\/{rel}","templated":true}]}}