{"id":4329,"date":"2025-02-05T18:31:30","date_gmt":"2025-02-05T17:31:30","guid":{"rendered":"https:\/\/textilbogyo.hu\/?post_type=product&#038;p=4329"},"modified":"2025-10-03T13:40:22","modified_gmt":"2025-10-03T12:40:22","slug":"multicolour-purple-ethnic-textile-half-moon-necklacetribal-fabric-necklace-masolat","status":"publish","type":"product","link":"https:\/\/textilbogyo.hu\/en_gb\/shop\/fa-ekszerek\/multicolour-purple-ethnic-textile-half-moon-necklacetribal-fabric-necklace-masolat\/","title":{"rendered":"T\u00f6bbsz\u00edn\u0171 lila vir\u00e1gos f\u00e9lhold nyakl\u00e1nc, textil nyakl\u00e1nc"},"content":{"rendered":"<div class=\"flex items-start justify-start\">\n<div class=\"flex-1 pt-1\">\n<p id=\"googleTranslate_container\" class=\"inline-block min-h-8 text-primary-700 break-words font-medium text-base\">Biztos vagyok benne, hogy im\u00e1dni fogod ezt az egyed\u00fcl\u00e1ll\u00f3, f\u00e9lhold alak\u00fa nyakl\u00e1ncot,\u00a0 nemcsak k\u00fcl\u00f6nleges alkalmakkor, hanem a minden napokban is!<\/p>\n<p class=\"inline-block min-h-8 text-primary-700 break-words font-medium text-base\">Vir\u00e1gos lila szalagb\u00f3l \u00e9s fonalb\u00f3l k\u00e9sz\u00fclt. M\u00e1gneses z\u00e1rral van ell\u00e1tva.<\/p>\n<p class=\"inline-block min-h-8 text-primary-700 break-words font-medium text-base\">M\u00e9retek:<br \/>\n*teljes hossz 60 cm<br \/>\n*F\u00e9lhold med\u00e1l m\u00e9rete:<br \/>\nsz\u00e9less\u00e9ge: 4,5 cm , hossz\u00fas\u00e1ga: 13 cm<\/p>\n<\/div>\n<\/div>","protected":false},"excerpt":{"rendered":"<p>F\u00e9lhold textil nyakl\u00e1nc<\/p>","protected":false},"featured_media":4255,"template":"","meta":{"_monsterinsights_skip_tracking":false,"_monsterinsights_sitenote_active":false,"_monsterinsights_sitenote_note":"","_monsterinsights_sitenote_category":0,"kt_blocks_editor_width":""},"product_cat":[749],"product_tag":[1497,1357],"_links":{"self":[{"href":"https:\/\/textilbogyo.hu\/en_gb\/wp-json\/wp\/v2\/product\/4329"}],"collection":[{"href":"https:\/\/textilbogyo.hu\/en_gb\/wp-json\/wp\/v2\/product"}],"about":[{"href":"https:\/\/textilbogyo.hu\/en_gb\/wp-json\/wp\/v2\/types\/product"}],"wp:featuredmedia":[{"embeddable":true,"href":"https:\/\/textilbogyo.hu\/en_gb\/wp-json\/wp\/v2\/media\/4255"}],"wp:attachment":[{"href":"https:\/\/textilbogyo.hu\/en_gb\/wp-json\/wp\/v2\/media?parent=4329"}],"wp:term":[{"taxonomy":"product_cat","embeddable":true,"href":"https:\/\/textilbogyo.hu\/en_gb\/wp-json\/wp\/v2\/product_cat?post=4329"},{"taxonomy":"product_tag","embeddable":true,"href":"https:\/\/textilbogyo.hu\/en_gb\/wp-json\/wp\/v2\/product_tag?post=4329"}],"curies":[{"name":"wp","href":"https:\/\/api.w.org\/{rel}","templated":true}]}}