{"id":4332,"date":"2025-02-05T18:33:19","date_gmt":"2025-02-05T17:33:19","guid":{"rendered":"https:\/\/textilbogyo.hu\/?post_type=product&#038;p=4332"},"modified":"2025-10-01T16:58:04","modified_gmt":"2025-10-01T15:58:04","slug":"tarka-barka-textilbogyo-nyaklanc-fonal-nyaklanc-golyo-nyaklanc","status":"publish","type":"product","link":"https:\/\/textilbogyo.hu\/en_gb\/shop\/textilbogyo-ekszerek\/tarka-barka-textilbogyo-nyaklanc-fonal-nyaklanc-golyo-nyaklanc\/","title":{"rendered":"Tarka-barka textilbogy\u00f3 nyakl\u00e1nc, fonal nyakl\u00e1nc, goly\u00f3 nyakl\u00e1nc"},"content":{"rendered":"<p>Felh\u0151tlen boldogs\u00e1g sz\u00edneib\u0151l \u00e1ll ez a textilbogy\u00f3 nyakl\u00e1nc,melyet nat\u00far sz\u00edn\u0171 fagoly\u00f3 is d\u00edsz\u00edt. Kiv\u00e1l\u00f3 kieg\u00e9sz\u00edt\u0151je lehet egysz\u00edn\u0171 \u00f6lt\u00f6z\u00e9k\u00fcnknek. Bogy\u00f3k \u00e1tm\u00e9r\u0151je: 30, 25, 20, 18, 10 mm goly\u00f3k<\/p>\n<p>Teljes hossz: 77 cm, megk\u00f6t\u0151s, vagyis te \u00e1ll\u00edtod be a sz\u00e1modra megfelel\u0151 nyakl\u00e1nc hossz\u00fas\u00e1got. Selyemszalaggal k\u00f6thet\u0151 \u00f6ssze.<\/p>\n<p>K\u00e9rlek, v\u00edzben ne haszn\u00e1ld! M\u00e1s sz\u00ednekb\u0151l is sz\u00edvesen elk\u00e9sz\u00edtem kedvenc darabodat!<\/p>\n<p>F\u00fclbeval\u00f3t , kark\u00f6t\u0151t is k\u00e9rhetsz hozz\u00e1. Kiv\u00e1l\u00f3 aj\u00e1nd\u00e9k n\u00e9vnapra, sz\u00fclinapra!<\/p>","protected":false},"excerpt":{"rendered":"<p>textilbogy\u00f3 nyakl\u00e1nc<\/p>","protected":false},"featured_media":4333,"template":"","meta":{"_monsterinsights_skip_tracking":false,"_monsterinsights_sitenote_active":false,"_monsterinsights_sitenote_note":"","_monsterinsights_sitenote_category":0,"kt_blocks_editor_width":""},"product_cat":[1195],"product_tag":[1352,1356,1349,1360,1359,1358,1357,1351,1348,1354],"_links":{"self":[{"href":"https:\/\/textilbogyo.hu\/en_gb\/wp-json\/wp\/v2\/product\/4332"}],"collection":[{"href":"https:\/\/textilbogyo.hu\/en_gb\/wp-json\/wp\/v2\/product"}],"about":[{"href":"https:\/\/textilbogyo.hu\/en_gb\/wp-json\/wp\/v2\/types\/product"}],"wp:featuredmedia":[{"embeddable":true,"href":"https:\/\/textilbogyo.hu\/en_gb\/wp-json\/wp\/v2\/media\/4333"}],"wp:attachment":[{"href":"https:\/\/textilbogyo.hu\/en_gb\/wp-json\/wp\/v2\/media?parent=4332"}],"wp:term":[{"taxonomy":"product_cat","embeddable":true,"href":"https:\/\/textilbogyo.hu\/en_gb\/wp-json\/wp\/v2\/product_cat?post=4332"},{"taxonomy":"product_tag","embeddable":true,"href":"https:\/\/textilbogyo.hu\/en_gb\/wp-json\/wp\/v2\/product_tag?post=4332"}],"curies":[{"name":"wp","href":"https:\/\/api.w.org\/{rel}","templated":true}]}}