{"id":4363,"date":"2025-02-06T13:08:50","date_gmt":"2025-02-06T12:08:50","guid":{"rendered":"https:\/\/textilbogyo.hu\/?post_type=product&#038;p=4363"},"modified":"2025-10-22T19:00:01","modified_gmt":"2025-10-22T18:00:01","slug":"gesztenye-textilbogyo-nyaklanc-fonal-nyaklanc-golyo-nyaklanc","status":"publish","type":"product","link":"https:\/\/textilbogyo.hu\/en_gb\/shop\/most-wanted\/gesztenye-textilbogyo-nyaklanc-fonal-nyaklanc-golyo-nyaklanc\/","title":{"rendered":"Gesztenye textilbogy\u00f3 nyakl\u00e1nc, fonal nyakl\u00e1nc, goly\u00f3 nyakl\u00e1nc"},"content":{"rendered":"<p>A gesztenye sz\u00ednei ihlett\u00e9k ezt a darabot. A fagoly\u00f3k fekete di\u00f3b\u00f3l k\u00e9sz\u00fcltek.<\/p>\n<p>Bogy\u00f3k \u00e1tm\u00e9r\u0151je: 30, 25, 20, 18, 10 mm goly\u00f3k<\/p>\n<p>Teljes hossz: 58 cm, megk\u00f6t\u0151s, vagyis te \u00e1ll\u00edtod be a sz\u00e1modra megfelel\u0151 nyakl\u00e1nc hossz\u00fas\u00e1got.<\/p>\n<p>Selyemszalaggal k\u00f6thet\u0151 \u00f6ssze. K\u00e9rlek, v\u00edzben ne haszn\u00e1ld!<\/p>\n<p>M\u00e1s sz\u00ednekb\u0151l is sz\u00edvesen elk\u00e9sz\u00edtem kedvenc darabodat! F\u00fclbeval\u00f3t , kark\u00f6t\u0151t is k\u00e9rhetsz hozz\u00e1. Kiv\u00e1l\u00f3 aj\u00e1nd\u00e9k n\u00e9vnapra, sz\u00fclinapra!<\/p>","protected":false},"excerpt":{"rendered":"<p>textilbogy\u00f3 nyakl\u00e1nc<\/p>","protected":false},"featured_media":4364,"template":"","meta":{"_monsterinsights_skip_tracking":false,"_monsterinsights_sitenote_active":false,"_monsterinsights_sitenote_note":"","_monsterinsights_sitenote_category":0,"kt_blocks_editor_width":""},"product_cat":[1195,18],"product_tag":[1365,1352,1356,1364,1349,1353,1357,1351,1348],"_links":{"self":[{"href":"https:\/\/textilbogyo.hu\/en_gb\/wp-json\/wp\/v2\/product\/4363"}],"collection":[{"href":"https:\/\/textilbogyo.hu\/en_gb\/wp-json\/wp\/v2\/product"}],"about":[{"href":"https:\/\/textilbogyo.hu\/en_gb\/wp-json\/wp\/v2\/types\/product"}],"wp:featuredmedia":[{"embeddable":true,"href":"https:\/\/textilbogyo.hu\/en_gb\/wp-json\/wp\/v2\/media\/4364"}],"wp:attachment":[{"href":"https:\/\/textilbogyo.hu\/en_gb\/wp-json\/wp\/v2\/media?parent=4363"}],"wp:term":[{"taxonomy":"product_cat","embeddable":true,"href":"https:\/\/textilbogyo.hu\/en_gb\/wp-json\/wp\/v2\/product_cat?post=4363"},{"taxonomy":"product_tag","embeddable":true,"href":"https:\/\/textilbogyo.hu\/en_gb\/wp-json\/wp\/v2\/product_tag?post=4363"}],"curies":[{"name":"wp","href":"https:\/\/api.w.org\/{rel}","templated":true}]}}