{"id":4419,"date":"2025-02-17T17:21:10","date_gmt":"2025-02-17T16:21:10","guid":{"rendered":"https:\/\/textilbogyo.hu\/?post_type=product&#038;p=4419"},"modified":"2025-10-01T14:03:12","modified_gmt":"2025-10-01T13:03:12","slug":"bezs-brazil-himzessel-keszult-viragos-medal-himzett-ekszer-modern-himzes-3d-himzes","status":"publish","type":"product","link":"https:\/\/textilbogyo.hu\/en_gb\/shop\/himzett-ekszerek\/bezs-brazil-himzessel-keszult-viragos-medal-himzett-ekszer-modern-himzes-3d-himzes\/","title":{"rendered":"B\u00e9zs Brazil h\u00edmz\u00e9ssel k\u00e9sz\u00fclt vir\u00e1gos med\u00e1l, h\u00edmzett \u00e9kszer, modern h\u00edmz\u00e9s, 3d h\u00edmz\u00e9s"},"content":{"rendered":"<p>Vintage st\u00edlust id\u00e9z\u0151 h\u00edmzett egyedi b\u00e9zs sz\u00ednben pomp\u00e1z\u00f3 nyakl\u00e1nc farmer anyagon, ov\u00e1lis. Aj\u00e1nlom Neked ezt az \u00e9kszert, ha szeretn\u00e9d elvar\u00e1zsolni a k\u00f6rnyezetedben \u00e9l\u0151ket!<\/p>\n<p>M\u00e9rete: 30&#215;40 mm<\/p>\n<p>Ezzel a h\u00edmzett darabbal st\u00edlusoss\u00e1 teheted megjelen\u00e9sedet! Garant\u00e1ltan szemet vonz\u00f3 darab. Kiv\u00e1l\u00f3 aj\u00e1nd\u00e9k kar\u00e1csonyra, n\u00e9vnapra, sz\u00fclinapra, Any\u00e1k napj\u00e1ra<\/p>\n<p>&nbsp;<\/p>","protected":false},"excerpt":{"rendered":"<p>3D h\u00edmzett nyakl\u00e1nc Vintage st\u00edlusban<\/p>","protected":false},"featured_media":4421,"template":"","meta":{"_monsterinsights_skip_tracking":false,"_monsterinsights_sitenote_active":false,"_monsterinsights_sitenote_note":"","_monsterinsights_sitenote_category":0,"kt_blocks_editor_width":""},"product_cat":[16],"product_tag":[1375,1372,1287,1278,1282,1277,1286,1371,1379],"_links":{"self":[{"href":"https:\/\/textilbogyo.hu\/en_gb\/wp-json\/wp\/v2\/product\/4419"}],"collection":[{"href":"https:\/\/textilbogyo.hu\/en_gb\/wp-json\/wp\/v2\/product"}],"about":[{"href":"https:\/\/textilbogyo.hu\/en_gb\/wp-json\/wp\/v2\/types\/product"}],"wp:featuredmedia":[{"embeddable":true,"href":"https:\/\/textilbogyo.hu\/en_gb\/wp-json\/wp\/v2\/media\/4421"}],"wp:attachment":[{"href":"https:\/\/textilbogyo.hu\/en_gb\/wp-json\/wp\/v2\/media?parent=4419"}],"wp:term":[{"taxonomy":"product_cat","embeddable":true,"href":"https:\/\/textilbogyo.hu\/en_gb\/wp-json\/wp\/v2\/product_cat?post=4419"},{"taxonomy":"product_tag","embeddable":true,"href":"https:\/\/textilbogyo.hu\/en_gb\/wp-json\/wp\/v2\/product_tag?post=4419"}],"curies":[{"name":"wp","href":"https:\/\/api.w.org\/{rel}","templated":true}]}}