{"id":4455,"date":"2025-02-17T18:00:43","date_gmt":"2025-02-17T17:00:43","guid":{"rendered":"https:\/\/textilbogyo.hu\/?post_type=product&#038;p=4455"},"modified":"2025-11-03T13:07:31","modified_gmt":"2025-11-03T12:07:31","slug":"elkelt-ovalis-alaku-lila-viragcsokor","status":"publish","type":"product","link":"https:\/\/textilbogyo.hu\/en_gb\/shop\/himzett-ekszerek\/elkelt-ovalis-alaku-lila-viragcsokor\/","title":{"rendered":"ELKELT ov\u00e1lis alak\u00fa lila vir\u00e1gcsokor, brazil h\u00edmz\u00e9ssel k\u00e9sz\u00fclt 3D nyakl\u00e1nc, modern h\u00edmz\u00e9s"},"content":{"rendered":"<p>ELKELT , k\u00e9rhetsz \u00fajat vagy\u00a0 hasonl\u00f3 darabot.<\/p>\n<p>\u00c1ra: 5.500 Ft<\/p>","protected":false},"excerpt":{"rendered":"<p>Embroidered floral pendant in vintage style<\/p>","protected":false},"featured_media":4456,"template":"","meta":{"_monsterinsights_skip_tracking":false,"_monsterinsights_sitenote_active":false,"_monsterinsights_sitenote_note":"","_monsterinsights_sitenote_category":0,"kt_blocks_editor_width":""},"product_cat":[16],"product_tag":[1375,1372,1287,1278,1282,1277,1286,1371,1379],"_links":{"self":[{"href":"https:\/\/textilbogyo.hu\/en_gb\/wp-json\/wp\/v2\/product\/4455"}],"collection":[{"href":"https:\/\/textilbogyo.hu\/en_gb\/wp-json\/wp\/v2\/product"}],"about":[{"href":"https:\/\/textilbogyo.hu\/en_gb\/wp-json\/wp\/v2\/types\/product"}],"wp:featuredmedia":[{"embeddable":true,"href":"https:\/\/textilbogyo.hu\/en_gb\/wp-json\/wp\/v2\/media\/4456"}],"wp:attachment":[{"href":"https:\/\/textilbogyo.hu\/en_gb\/wp-json\/wp\/v2\/media?parent=4455"}],"wp:term":[{"taxonomy":"product_cat","embeddable":true,"href":"https:\/\/textilbogyo.hu\/en_gb\/wp-json\/wp\/v2\/product_cat?post=4455"},{"taxonomy":"product_tag","embeddable":true,"href":"https:\/\/textilbogyo.hu\/en_gb\/wp-json\/wp\/v2\/product_tag?post=4455"}],"curies":[{"name":"wp","href":"https:\/\/api.w.org\/{rel}","templated":true}]}}