{"id":4468,"date":"2025-02-17T18:37:40","date_gmt":"2025-02-17T17:37:40","guid":{"rendered":"https:\/\/textilbogyo.hu\/?post_type=product&#038;p=4468"},"modified":"2025-11-03T13:06:14","modified_gmt":"2025-11-03T12:06:14","slug":"elkelt-csepp-alakban-pipacs-virag-3d-himzessel-brazil-himzes-modern-himzes-masolat","status":"publish","type":"product","link":"https:\/\/textilbogyo.hu\/en_gb\/shop\/himzett-ekszerek\/elkelt-csepp-alakban-pipacs-virag-3d-himzessel-brazil-himzes-modern-himzes-masolat\/","title":{"rendered":"ELKELT csepp alakban  pipacs vir\u00e1g 3D h\u00edmz\u00e9ssel, brazil h\u00edmz\u00e9s, modern h\u00edmz\u00e9s (m\u00e1solat)"},"content":{"rendered":"<p>ELKELT , k\u00e9rhetsz \u00fajat vagy hasonl\u00f3 darabot.<\/p>\n<p>&nbsp;<\/p>\n<p>\u00c1ra : 5900 Ft<\/p>","protected":false},"excerpt":{"rendered":"<p>Braz\u00edl h\u00edmz\u00e9ssel k\u00e9sz\u00fclt nyakl\u00e1nc<\/p>","protected":false},"featured_media":4469,"template":"","meta":{"_monsterinsights_skip_tracking":false,"_monsterinsights_sitenote_active":false,"_monsterinsights_sitenote_note":"","_monsterinsights_sitenote_category":0,"kt_blocks_editor_width":""},"product_cat":[16],"product_tag":[1375,1372,1287,1278,1282,1277,1286,1371,1379,1383],"_links":{"self":[{"href":"https:\/\/textilbogyo.hu\/en_gb\/wp-json\/wp\/v2\/product\/4468"}],"collection":[{"href":"https:\/\/textilbogyo.hu\/en_gb\/wp-json\/wp\/v2\/product"}],"about":[{"href":"https:\/\/textilbogyo.hu\/en_gb\/wp-json\/wp\/v2\/types\/product"}],"wp:featuredmedia":[{"embeddable":true,"href":"https:\/\/textilbogyo.hu\/en_gb\/wp-json\/wp\/v2\/media\/4469"}],"wp:attachment":[{"href":"https:\/\/textilbogyo.hu\/en_gb\/wp-json\/wp\/v2\/media?parent=4468"}],"wp:term":[{"taxonomy":"product_cat","embeddable":true,"href":"https:\/\/textilbogyo.hu\/en_gb\/wp-json\/wp\/v2\/product_cat?post=4468"},{"taxonomy":"product_tag","embeddable":true,"href":"https:\/\/textilbogyo.hu\/en_gb\/wp-json\/wp\/v2\/product_tag?post=4468"}],"curies":[{"name":"wp","href":"https:\/\/api.w.org\/{rel}","templated":true}]}}