{"id":4470,"date":"2025-02-17T18:41:05","date_gmt":"2025-02-17T17:41:05","guid":{"rendered":"https:\/\/textilbogyo.hu\/?post_type=product&#038;p=4470"},"modified":"2025-10-12T16:00:14","modified_gmt":"2025-10-12T15:00:14","slug":"elkelt-ovalis-alakban-lila-virag-3d-himzessel-brazil-himzes-modern-himzes","status":"publish","type":"product","link":"https:\/\/textilbogyo.hu\/en_gb\/shop\/most-wanted\/elkelt-ovalis-alakban-lila-virag-3d-himzessel-brazil-himzes-modern-himzes\/","title":{"rendered":"K\u00e9k-z\u00f6ld cs\u00edkos-tarka bokal\u00e1nc, textilbogy\u00f3 boka\u00e9kszer, l\u00e1bd\u00edsz, l\u00e1b\u00e9kszer"},"content":{"rendered":"<p>N\u00e1lam nincs ny\u00e1r bokal\u00e1nc kieg\u00e9sz\u00edt\u0151 n\u00e9lk\u00fcl. Gondoltam, Te is sz\u00edvesen feldobn\u00e1d a megjelen\u00e9sedet ezzel a darabbal! Z\u00f6ld-k\u00e9k tarka sz\u00ednben j\u00e1tsz\u00f3 textilbogy\u00f3 boka\u00e9kszer, remek ny\u00e1ri viselet.<\/p>\n<p>Bogy\u00f3k \u00e1tm\u00e9r\u0151je: 8,10,15,18 mm<\/p>\n<p>Teljes hossz: 24 cm + l\u00e1nckieg\u00e9sz\u00edt\u0151vel K\u00e9rlek, v\u00edzben ne haszn\u00e1ld!<\/p>","protected":false},"excerpt":{"rendered":"<p>Textilbogy\u00f3 bokal\u00e1nc<\/p>","protected":false},"featured_media":4527,"template":"","meta":{"_monsterinsights_skip_tracking":false,"_monsterinsights_sitenote_active":false,"_monsterinsights_sitenote_note":"","_monsterinsights_sitenote_category":0,"kt_blocks_editor_width":""},"product_cat":[1381,1511,18],"product_tag":[1387,1388,1384,1385,1386],"_links":{"self":[{"href":"https:\/\/textilbogyo.hu\/en_gb\/wp-json\/wp\/v2\/product\/4470"}],"collection":[{"href":"https:\/\/textilbogyo.hu\/en_gb\/wp-json\/wp\/v2\/product"}],"about":[{"href":"https:\/\/textilbogyo.hu\/en_gb\/wp-json\/wp\/v2\/types\/product"}],"wp:featuredmedia":[{"embeddable":true,"href":"https:\/\/textilbogyo.hu\/en_gb\/wp-json\/wp\/v2\/media\/4527"}],"wp:attachment":[{"href":"https:\/\/textilbogyo.hu\/en_gb\/wp-json\/wp\/v2\/media?parent=4470"}],"wp:term":[{"taxonomy":"product_cat","embeddable":true,"href":"https:\/\/textilbogyo.hu\/en_gb\/wp-json\/wp\/v2\/product_cat?post=4470"},{"taxonomy":"product_tag","embeddable":true,"href":"https:\/\/textilbogyo.hu\/en_gb\/wp-json\/wp\/v2\/product_tag?post=4470"}],"curies":[{"name":"wp","href":"https:\/\/api.w.org\/{rel}","templated":true}]}}