{"id":4479,"date":"2025-02-18T13:16:57","date_gmt":"2025-02-18T12:16:57","guid":{"rendered":"https:\/\/textilbogyo.hu\/?post_type=product&#038;p=4479"},"modified":"2025-10-22T18:49:39","modified_gmt":"2025-10-22T17:49:39","slug":"kek-sarga-bokalanc-textilbogyo-bokalanc-bokaekszer-nyari-viselet-labdisz-labekszer","status":"publish","type":"product","link":"https:\/\/textilbogyo.hu\/en_gb\/shop\/bokalancok\/kek-sarga-bokalanc-textilbogyo-bokalanc-bokaekszer-nyari-viselet-labdisz-labekszer\/","title":{"rendered":"K\u00e9k-s\u00e1rga bokal\u00e1nc, textilbogy\u00f3 bokal\u00e1nc, boka\u00e9kszer, ny\u00e1ri viselet, l\u00e1bd\u00edsz, l\u00e1b\u00e9kszer"},"content":{"rendered":"<p>K\u00e9nyeztesd a l\u00e1bad textilbogy\u00f3 bokal\u00e1nccal! S\u00e1rga-k\u00e9k tarka sz\u00ednben j\u00e1tsz\u00f3 textilbogy\u00f3 boka\u00e9kszer, mely igaz\u00e1n megemeli a ny\u00e1ri hangulatot.<\/p>\n<p>Bogy\u00f3k hossza kb.: 15-18 mm, melyek saj\u00e1t technik\u00e1val k\u00e9sz\u00fcltek.<\/p>\n<p>Teljes hossz: 24.5cm + l\u00e1nckieg\u00e9sz\u00edt\u0151vel M\u00e1s sz\u00ednekb\u0151l is sz\u00edvesen elk\u00e9sz\u00edtem kedvenc darabodat!<\/p>\n<p>Kiv\u00e1l\u00f3 aj\u00e1nd\u00e9k n\u00e9vnapra, sz\u00fclinapra!<\/p>","protected":false},"excerpt":{"rendered":"<p>Textilbogy\u00f3 bokal\u00e1nc<\/p>","protected":false},"featured_media":4480,"template":"","meta":{"_monsterinsights_skip_tracking":false,"_monsterinsights_sitenote_active":false,"_monsterinsights_sitenote_note":"","_monsterinsights_sitenote_category":0,"kt_blocks_editor_width":""},"product_cat":[1381],"product_tag":[1387,1388,1384,1385,1386],"_links":{"self":[{"href":"https:\/\/textilbogyo.hu\/en_gb\/wp-json\/wp\/v2\/product\/4479"}],"collection":[{"href":"https:\/\/textilbogyo.hu\/en_gb\/wp-json\/wp\/v2\/product"}],"about":[{"href":"https:\/\/textilbogyo.hu\/en_gb\/wp-json\/wp\/v2\/types\/product"}],"wp:featuredmedia":[{"embeddable":true,"href":"https:\/\/textilbogyo.hu\/en_gb\/wp-json\/wp\/v2\/media\/4480"}],"wp:attachment":[{"href":"https:\/\/textilbogyo.hu\/en_gb\/wp-json\/wp\/v2\/media?parent=4479"}],"wp:term":[{"taxonomy":"product_cat","embeddable":true,"href":"https:\/\/textilbogyo.hu\/en_gb\/wp-json\/wp\/v2\/product_cat?post=4479"},{"taxonomy":"product_tag","embeddable":true,"href":"https:\/\/textilbogyo.hu\/en_gb\/wp-json\/wp\/v2\/product_tag?post=4479"}],"curies":[{"name":"wp","href":"https:\/\/api.w.org\/{rel}","templated":true}]}}