{"id":4507,"date":"2025-02-18T13:54:18","date_gmt":"2025-02-18T12:54:18","guid":{"rendered":"https:\/\/textilbogyo.hu\/?post_type=product&#038;p=4507"},"modified":"2026-03-09T11:44:40","modified_gmt":"2026-03-09T10:44:40","slug":"elkelt-sarga-gombos-bokalanc-textilbogyo-bokalanc-bokaekszer-labdisz-labekszer","status":"publish","type":"product","link":"https:\/\/textilbogyo.hu\/en_gb\/shop\/most-wanted\/elkelt-sarga-gombos-bokalanc-textilbogyo-bokalanc-bokaekszer-labdisz-labekszer\/","title":{"rendered":"ELKELT S\u00e1rga g\u00f6mb\u00f6s bokal\u00e1nc, textilbogy\u00f3 bokal\u00e1nc, boka\u00e9kszer, l\u00e1bd\u00edsz, l\u00e1b\u00e9kszer"},"content":{"rendered":"<p>ELKELT, k\u00e9rlek v\u00e1lassz az el\u00e9rhet\u0151 darabokb\u00f3l.<\/p>\n<p>K\u00e9rhetsz ehhez hasonl\u00f3t.<\/p>\n<p>&nbsp;<\/p>\n<p>5500 Ft<\/p>","protected":false},"excerpt":{"rendered":"<p>ELKELT, k\u00e9rlek v\u00e1lassz az el\u00e9rhet\u0151 darabokb\u00f3l. K\u00e9rhetsz ehhez hasonl\u00f3t. &nbsp; 5500 Ft<\/p>","protected":false},"featured_media":5470,"template":"","meta":{"_monsterinsights_skip_tracking":false,"_monsterinsights_sitenote_active":false,"_monsterinsights_sitenote_note":"","_monsterinsights_sitenote_category":0,"kt_blocks_editor_width":""},"product_cat":[1381,18],"product_tag":[1387,1388,1384,1385,1386],"_links":{"self":[{"href":"https:\/\/textilbogyo.hu\/en_gb\/wp-json\/wp\/v2\/product\/4507"}],"collection":[{"href":"https:\/\/textilbogyo.hu\/en_gb\/wp-json\/wp\/v2\/product"}],"about":[{"href":"https:\/\/textilbogyo.hu\/en_gb\/wp-json\/wp\/v2\/types\/product"}],"wp:featuredmedia":[{"embeddable":true,"href":"https:\/\/textilbogyo.hu\/en_gb\/wp-json\/wp\/v2\/media\/5470"}],"wp:attachment":[{"href":"https:\/\/textilbogyo.hu\/en_gb\/wp-json\/wp\/v2\/media?parent=4507"}],"wp:term":[{"taxonomy":"product_cat","embeddable":true,"href":"https:\/\/textilbogyo.hu\/en_gb\/wp-json\/wp\/v2\/product_cat?post=4507"},{"taxonomy":"product_tag","embeddable":true,"href":"https:\/\/textilbogyo.hu\/en_gb\/wp-json\/wp\/v2\/product_tag?post=4507"}],"curies":[{"name":"wp","href":"https:\/\/api.w.org\/{rel}","templated":true}]}}