{"id":4516,"date":"2025-02-18T14:41:48","date_gmt":"2025-02-18T13:41:48","guid":{"rendered":"https:\/\/textilbogyo.hu\/?post_type=product&#038;p=4516"},"modified":"2025-10-01T13:44:28","modified_gmt":"2025-10-01T12:44:28","slug":"rozsaszin-csikos-tarka-bokalanc-textilbogyo-bokalanc-bokaekszer-labdisz-labekszer","status":"publish","type":"product","link":"https:\/\/textilbogyo.hu\/en_gb\/shop\/bokalancok\/rozsaszin-csikos-tarka-bokalanc-textilbogyo-bokalanc-bokaekszer-labdisz-labekszer\/","title":{"rendered":"R\u00f3zsasz\u00edn cs\u00edkos-tarka bokal\u00e1nc, textilbogy\u00f3 bokal\u00e1nc, boka\u00e9kszer, l\u00e1bd\u00edsz, l\u00e1b\u00e9kszer"},"content":{"rendered":"<p>R\u00f3zsasz\u00edn-lila sz\u00ednben j\u00e1tsz\u00f3 textilbogy\u00f3 boka\u00e9kszer, mely igaz\u00e1n megemeli a ny\u00e1ri hangulatot. Pomp\u00e1s ny\u00e1ri viselet. Lila s\u00fajt\u00e1szsin\u00f3rra vannak felf\u0171zve a textilbogy\u00f3k.<\/p>\n<p>Bogy\u00f3k \u00e1tm\u00e9r\u0151je: 8,10,15,18 mm<\/p>\n<p>Teljes hossz: 26 cm M\u00e1s sz\u00ednekb\u0151l is sz\u00edvesen elk\u00e9sz\u00edtem kedvenc darabodat! Kiv\u00e1l\u00f3 aj\u00e1nd\u00e9k n\u00e9vnapra, sz\u00fclinapra!<\/p>","protected":false},"excerpt":{"rendered":"<p>Textilbogy\u00f3 bokal\u00e1nc<\/p>","protected":false},"featured_media":4517,"template":"","meta":{"_monsterinsights_skip_tracking":false,"_monsterinsights_sitenote_active":false,"_monsterinsights_sitenote_note":"","_monsterinsights_sitenote_category":0,"kt_blocks_editor_width":""},"product_cat":[1381],"product_tag":[1387,1388,1384,1385,1386],"_links":{"self":[{"href":"https:\/\/textilbogyo.hu\/en_gb\/wp-json\/wp\/v2\/product\/4516"}],"collection":[{"href":"https:\/\/textilbogyo.hu\/en_gb\/wp-json\/wp\/v2\/product"}],"about":[{"href":"https:\/\/textilbogyo.hu\/en_gb\/wp-json\/wp\/v2\/types\/product"}],"wp:featuredmedia":[{"embeddable":true,"href":"https:\/\/textilbogyo.hu\/en_gb\/wp-json\/wp\/v2\/media\/4517"}],"wp:attachment":[{"href":"https:\/\/textilbogyo.hu\/en_gb\/wp-json\/wp\/v2\/media?parent=4516"}],"wp:term":[{"taxonomy":"product_cat","embeddable":true,"href":"https:\/\/textilbogyo.hu\/en_gb\/wp-json\/wp\/v2\/product_cat?post=4516"},{"taxonomy":"product_tag","embeddable":true,"href":"https:\/\/textilbogyo.hu\/en_gb\/wp-json\/wp\/v2\/product_tag?post=4516"}],"curies":[{"name":"wp","href":"https:\/\/api.w.org\/{rel}","templated":true}]}}