{"id":4539,"date":"2025-02-19T16:06:39","date_gmt":"2025-02-19T15:06:39","guid":{"rendered":"https:\/\/textilbogyo.hu\/?post_type=product&#038;p=4539"},"modified":"2025-10-12T15:48:30","modified_gmt":"2025-10-12T14:48:30","slug":"elkelt-ogel-bib-sarga-narancs-zoldarnyalatu-fonalnyaklanc-textil-nyaklanc-textil-ekszer-fonalekszer-masolat","status":"publish","type":"product","link":"https:\/\/textilbogyo.hu\/en_gb\/shop\/ogel-nyaklancok\/elkelt-ogel-bib-sarga-narancs-zoldarnyalatu-fonalnyaklanc-textil-nyaklanc-textil-ekszer-fonalekszer-masolat\/","title":{"rendered":"ELKELT  OGEL BIB s\u00e1rga-narancs-z\u00f6ld\u00e1rnyalat\u00fa fonalnyakl\u00e1nc, Textil nyakl\u00e1nc, textil \u00e9kszer, fonal\u00e9kszer"},"content":{"rendered":"<p>&nbsp;<\/p>\n<p>ELKELT, de k\u00e9rhetsz \u00fajat vagy hasonl\u00f3t<\/p>\n<p>\u00c1ra:6.400 Ft<\/p>\n<p>&nbsp;<\/p>\n<p>This marvellous colourful African styled necklace is a great fashion accessory for any woman. It features various tones of yellow-organge and green colours. Eco-friendly jewellery, I use ends of yarns and upcycled wood.<br \/>\nJewellery with fine African tribal style.<br \/>\nTube choker on whice there is a 73 mm (2.8&#8243;) round wooden-thread pendant.<br \/>\nIt is handmade and designed by me.<\/p>\n<p>It is light to wear. Please take care of textile jewelleries as bathing, swimming or showering can damage the quality and look of it.<br \/>\nThis necklace is made for those who like unique pieces full of originality.<br \/>\nBendable, flexible.<\/p>\n<p>_ _ _ _ _ _ _ _ _<br \/>\nMeasurement:<br \/>\nDiameter of the pendant: 73 mm (2.8&#8243;)<br \/>\n_ _ _ _ _ _ _ _ _<br \/>\nUP TO YOUR REQUEST I CAN MAKE JEWELLERIES WITH YOUR WISHED COLOURS, CONTACT ME TO SPEAK ABOUT THE DETAILS.<\/p>\n<p>This necklace has a lots of sparkle and will certainly get tons of attention.All creations are handmade with love, care and attention to the details, using high quality yarns and materials. If you are looking for something different this is the right shop for you.<\/p>\n<p>&nbsp;<\/p>\n<p>\u2013 \u2013 \u2013 \u2013 \u2013 \u2013 \u2013 \u2013 \u2013 \u2013 \u2013 \u2013 \u2013 \u2013 \u2013<\/p>\n<p>CUSTOM ORDERS TAKEN. Feel free to contact me.<\/p>\n<p>I ship International from Europe with regular priority shipping.<br \/>\nIf you would like your package to be sent with Registered Shipping, which is safer, please tick \u201cregistered\u201d when shopping. (Registered shipping is+ 5 USD ). Registered shipping contains only tracking number and I\u2019m able to launch investigation in case your package would be lost.I take responsibility only with registered shipping.<\/p>\n<p>My product is made of eco friendly wood saving trees, as these tiny pieces are crafted from waste-wood. Environmentally friendly product from an eco-conscious store.<\/p>","protected":false},"excerpt":{"rendered":"<p>Jewellery with fine African tribal style.<\/p>","protected":false},"featured_media":3830,"template":"","meta":{"_monsterinsights_skip_tracking":false,"_monsterinsights_sitenote_active":false,"_monsterinsights_sitenote_note":"","_monsterinsights_sitenote_category":0,"kt_blocks_editor_width":""},"product_cat":[1275],"product_tag":[1293,1301,1300,1302,1304,1305,1295,1291,1298,1299,1292,1294,827,1297,1296,1303],"_links":{"self":[{"href":"https:\/\/textilbogyo.hu\/en_gb\/wp-json\/wp\/v2\/product\/4539"}],"collection":[{"href":"https:\/\/textilbogyo.hu\/en_gb\/wp-json\/wp\/v2\/product"}],"about":[{"href":"https:\/\/textilbogyo.hu\/en_gb\/wp-json\/wp\/v2\/types\/product"}],"wp:featuredmedia":[{"embeddable":true,"href":"https:\/\/textilbogyo.hu\/en_gb\/wp-json\/wp\/v2\/media\/3830"}],"wp:attachment":[{"href":"https:\/\/textilbogyo.hu\/en_gb\/wp-json\/wp\/v2\/media?parent=4539"}],"wp:term":[{"taxonomy":"product_cat","embeddable":true,"href":"https:\/\/textilbogyo.hu\/en_gb\/wp-json\/wp\/v2\/product_cat?post=4539"},{"taxonomy":"product_tag","embeddable":true,"href":"https:\/\/textilbogyo.hu\/en_gb\/wp-json\/wp\/v2\/product_tag?post=4539"}],"curies":[{"name":"wp","href":"https:\/\/api.w.org\/{rel}","templated":true}]}}