{"id":4549,"date":"2025-02-19T17:02:05","date_gmt":"2025-02-19T16:02:05","guid":{"rendered":"https:\/\/textilbogyo.hu\/?post_type=product&#038;p=4549"},"modified":"2025-10-01T13:11:01","modified_gmt":"2025-10-01T12:11:01","slug":"ogel-bib-pava-szinu-fonalnyaklanc-textil-nyaklanc-textil-ekszer-fonalekszer","status":"publish","type":"product","link":"https:\/\/textilbogyo.hu\/en_gb\/shop\/ogel-nyaklancok\/ogel-bib-pava-szinu-fonalnyaklanc-textil-nyaklanc-textil-ekszer-fonalekszer\/","title":{"rendered":"OGEL BIB P\u00e1va sz\u00edn\u0171 fonalnyakl\u00e1nc, Textil nyakl\u00e1nc, textil \u00e9kszer, fonal\u00e9kszer"},"content":{"rendered":"<p>K\u00e9k-t\u00fcrkiz-Z\u00d6ld OGEL nagym\u00e9ret\u0171 fonalnyakl\u00e1nc H\u00e1tul kapoccsal megk\u00f6thet\u0151, a med\u00e1lt z\u00f6ld sz\u00edn\u0171 zsin\u00f3r tartja meg.<\/p>\n<p>A med\u00e1l m\u00e9rete: 72 mm<\/p>\n<p>Kiv\u00e1l\u00f3 aj\u00e1nd\u00e9k kar\u00e1csonyra, n\u00e9vnapra, sz\u00fclinapra.<\/p>\n<p>Teremts st\u00edlust magadnak OGEL kieg\u00e9sz\u00edt\u0151kkel!<\/p>","protected":false},"excerpt":{"rendered":"<p>OGEL nyakl\u00e1nc<\/p>","protected":false},"featured_media":4550,"template":"","meta":{"_monsterinsights_skip_tracking":false,"_monsterinsights_sitenote_active":false,"_monsterinsights_sitenote_note":"","_monsterinsights_sitenote_category":0,"kt_blocks_editor_width":""},"product_cat":[1275],"product_tag":[1293,1301,1300,1302,1304,1305,1409,1295,1395,1389,1291,1394,1298,1299,1292,1294,827,1297,1296,1303],"_links":{"self":[{"href":"https:\/\/textilbogyo.hu\/en_gb\/wp-json\/wp\/v2\/product\/4549"}],"collection":[{"href":"https:\/\/textilbogyo.hu\/en_gb\/wp-json\/wp\/v2\/product"}],"about":[{"href":"https:\/\/textilbogyo.hu\/en_gb\/wp-json\/wp\/v2\/types\/product"}],"wp:featuredmedia":[{"embeddable":true,"href":"https:\/\/textilbogyo.hu\/en_gb\/wp-json\/wp\/v2\/media\/4550"}],"wp:attachment":[{"href":"https:\/\/textilbogyo.hu\/en_gb\/wp-json\/wp\/v2\/media?parent=4549"}],"wp:term":[{"taxonomy":"product_cat","embeddable":true,"href":"https:\/\/textilbogyo.hu\/en_gb\/wp-json\/wp\/v2\/product_cat?post=4549"},{"taxonomy":"product_tag","embeddable":true,"href":"https:\/\/textilbogyo.hu\/en_gb\/wp-json\/wp\/v2\/product_tag?post=4549"}],"curies":[{"name":"wp","href":"https:\/\/api.w.org\/{rel}","templated":true}]}}