{"id":4562,"date":"2025-02-19T17:42:50","date_gmt":"2025-02-19T16:42:50","guid":{"rendered":"https:\/\/textilbogyo.hu\/?post_type=product&#038;p=4562"},"modified":"2025-04-04T06:45:25","modified_gmt":"2025-04-04T05:45:25","slug":"himzett-levendulas-egyedi-nyaklanc-himzett-ekszer-himzett-nyaklanc-modern-himzes","status":"publish","type":"product","link":"https:\/\/textilbogyo.hu\/en_gb\/shop\/himzett-ekszerek\/himzett-levendulas-egyedi-nyaklanc-himzett-ekszer-himzett-nyaklanc-modern-himzes\/","title":{"rendered":"H\u00edmzett levendul\u00e1s egyedi nyakl\u00e1nc, h\u00edmzett \u00e9kszer, h\u00edmzett nyakl\u00e1nc, modern h\u00edmz\u00e9s"},"content":{"rendered":"<p>H\u00edmzett levendula csokrot \u00e1br\u00e1zol\u00f3 nyakl\u00e1nc lensz\u00f6veten, lila kapcsos zsin\u00f3rral ell\u00e1tva.<\/p>\n<p>\u00c1tm\u00e9r\u0151:7 cm Ha szereted a vintage hangulatot, akkor ez a TE darabod. Kiv\u00e1l\u00f3 aj\u00e1nd\u00e9k kar\u00e1csonyra, n\u00e9vnapra, sz\u00fclinapra.<\/p>\n<p>Legy\u00e9l mindig egyedi \u00e9s megk\u00fcl\u00f6nb\u00f6ztethet\u0151 m\u00e1sokt\u00f3l!<\/p>","protected":false},"excerpt":{"rendered":"<p>H\u00edmzett levendul\u00e1s nyakl\u00e1nc<\/p>\n<p>Embroidered floral pendant in vintage style<\/p>","protected":false},"featured_media":4563,"template":"","meta":{"_monsterinsights_skip_tracking":false,"_monsterinsights_sitenote_active":false,"_monsterinsights_sitenote_note":"","_monsterinsights_sitenote_category":0,"kt_blocks_editor_width":""},"product_cat":[16],"product_tag":[1375,1372,1287,1278,1282,1277,1286,1371,1382,1379,1380],"_links":{"self":[{"href":"https:\/\/textilbogyo.hu\/en_gb\/wp-json\/wp\/v2\/product\/4562"}],"collection":[{"href":"https:\/\/textilbogyo.hu\/en_gb\/wp-json\/wp\/v2\/product"}],"about":[{"href":"https:\/\/textilbogyo.hu\/en_gb\/wp-json\/wp\/v2\/types\/product"}],"wp:featuredmedia":[{"embeddable":true,"href":"https:\/\/textilbogyo.hu\/en_gb\/wp-json\/wp\/v2\/media\/4563"}],"wp:attachment":[{"href":"https:\/\/textilbogyo.hu\/en_gb\/wp-json\/wp\/v2\/media?parent=4562"}],"wp:term":[{"taxonomy":"product_cat","embeddable":true,"href":"https:\/\/textilbogyo.hu\/en_gb\/wp-json\/wp\/v2\/product_cat?post=4562"},{"taxonomy":"product_tag","embeddable":true,"href":"https:\/\/textilbogyo.hu\/en_gb\/wp-json\/wp\/v2\/product_tag?post=4562"}],"curies":[{"name":"wp","href":"https:\/\/api.w.org\/{rel}","templated":true}]}}