{"id":4568,"date":"2025-02-19T17:57:31","date_gmt":"2025-02-19T16:57:31","guid":{"rendered":"https:\/\/textilbogyo.hu\/?post_type=product&#038;p=4568"},"modified":"2025-10-01T17:45:18","modified_gmt":"2025-10-01T16:45:18","slug":"elfogyott-circle-matyo-hungarian-folk-yarn-necklace-in-wooden-frame-hungarian-ethnical-jewellery-masolat","status":"publish","type":"product","link":"https:\/\/textilbogyo.hu\/en_gb\/shop\/magyar-folkekszerek\/elfogyott-circle-matyo-hungarian-folk-yarn-necklace-in-wooden-frame-hungarian-ethnical-jewellery-masolat\/","title":{"rendered":"ELFOGYOTT Circle Maty\u00f3 Hungarian folk yarn necklace in wooden frame, Hungarian ethnical jewellery , maty\u00f3s \u00e9kszer"},"content":{"rendered":"<p><strong>ELADVA\u00a0 \u00a0 UT\u00c1NRENDELHET\u0150<\/strong><\/p>\n<p>&nbsp;<\/p>\n<p>Circle yarn pendant in Hungarian Maty\u00f3 folk style. The yarn decoration is in black painted wooden frame<\/p>\n<p>It hangs on silk ribbon chain<\/p>\n<p class=\"wt-text-body-01 wt-line-height-tight wt-break-word wt-mt-xs-1\" data-buy-box-listing-title=\"true\">Hungarian Folk Motif Jewelry<\/p>\n<p>It is light to wear. Please take care of textile jewelleries as bathing, swimming or showering can damage the quality and look of it.<br \/>\nThis necklace is made for those who like unique pieces full of originality and Hungarian folk.<\/p>\n<p>_ _ _ _ _ _ _ _ _<br \/>\nMeasurement:<br \/>\nDiameter of the pendant:55. mm (2.1&#8243;)<\/p>\n<p>&nbsp;<\/p>\n<p>\u00c1ra.: 5900 Ft<br \/>\n&#8212;&#8212;&#8212;&#8212;&#8212;&#8212;&#8212;&#8212;&#8212;&#8211;<\/p>","protected":false},"excerpt":{"rendered":"<p>Maty\u00f3 Hungarian folk yarn necklace in wooden frame, Hungarian ethnical jewellery<\/p>","protected":false},"featured_media":0,"template":"","meta":{"_monsterinsights_skip_tracking":false,"_monsterinsights_sitenote_active":false,"_monsterinsights_sitenote_note":"","_monsterinsights_sitenote_category":0,"kt_blocks_editor_width":""},"product_cat":[8],"product_tag":[1407,1323,1319,1346,1347,1320,1321,1322,1473,1496,1343,1344,1345,1342,1469,1495],"_links":{"self":[{"href":"https:\/\/textilbogyo.hu\/en_gb\/wp-json\/wp\/v2\/product\/4568"}],"collection":[{"href":"https:\/\/textilbogyo.hu\/en_gb\/wp-json\/wp\/v2\/product"}],"about":[{"href":"https:\/\/textilbogyo.hu\/en_gb\/wp-json\/wp\/v2\/types\/product"}],"wp:attachment":[{"href":"https:\/\/textilbogyo.hu\/en_gb\/wp-json\/wp\/v2\/media?parent=4568"}],"wp:term":[{"taxonomy":"product_cat","embeddable":true,"href":"https:\/\/textilbogyo.hu\/en_gb\/wp-json\/wp\/v2\/product_cat?post=4568"},{"taxonomy":"product_tag","embeddable":true,"href":"https:\/\/textilbogyo.hu\/en_gb\/wp-json\/wp\/v2\/product_tag?post=4568"}],"curies":[{"name":"wp","href":"https:\/\/api.w.org\/{rel}","templated":true}]}}