{"id":4588,"date":"2025-02-20T13:22:52","date_gmt":"2025-02-20T12:22:52","guid":{"rendered":"https:\/\/textilbogyo.hu\/?post_type=product&#038;p=4588"},"modified":"2025-10-15T10:40:19","modified_gmt":"2025-10-15T09:40:19","slug":"ogel-fenyes-nap-tarkas-fonalnyaklanc-textil-nyaklanc-textil-ekszer-fonalekszer","status":"publish","type":"product","link":"https:\/\/textilbogyo.hu\/en_gb\/shop\/ogel-nyaklancok\/ogel-fenyes-nap-tarkas-fonalnyaklanc-textil-nyaklanc-textil-ekszer-fonalekszer\/","title":{"rendered":"OGEL F\u00e9nyes Nap tark\u00e1s fonalnyakl\u00e1nc, Textil nyakl\u00e1nc, textil \u00e9kszer, fonal\u00e9kszer"},"content":{"rendered":"<p>&nbsp;<\/p>\n<p>S\u00e1rga-narancss\u00e1rga \u00e1rnyalataiban j\u00e1tsz\u00f3 fonalnyakl\u00e1nc H\u00e1tul kapoccsal megk\u00f6thet\u0151, a med\u00e1lt\u00a0 narancsos zsin\u00f3r tartja meg, kapoccsal z\u00e1r\u00f3dik.<\/p>\n<p>A med\u00e1l m\u00e9rete: 50 mm<\/p>","protected":false},"excerpt":{"rendered":"<p>OGEL nyakl\u00e1nc<\/p>","protected":false},"featured_media":4592,"template":"","meta":{"_monsterinsights_skip_tracking":false,"_monsterinsights_sitenote_active":false,"_monsterinsights_sitenote_note":"","_monsterinsights_sitenote_category":0,"kt_blocks_editor_width":""},"product_cat":[1275],"product_tag":[1293,1301,1300,1302,1304,1305,1424,1295,1395,1389,1291,1357,1298,1299,1292,1294,827,1297,1296,1303],"_links":{"self":[{"href":"https:\/\/textilbogyo.hu\/en_gb\/wp-json\/wp\/v2\/product\/4588"}],"collection":[{"href":"https:\/\/textilbogyo.hu\/en_gb\/wp-json\/wp\/v2\/product"}],"about":[{"href":"https:\/\/textilbogyo.hu\/en_gb\/wp-json\/wp\/v2\/types\/product"}],"wp:featuredmedia":[{"embeddable":true,"href":"https:\/\/textilbogyo.hu\/en_gb\/wp-json\/wp\/v2\/media\/4592"}],"wp:attachment":[{"href":"https:\/\/textilbogyo.hu\/en_gb\/wp-json\/wp\/v2\/media?parent=4588"}],"wp:term":[{"taxonomy":"product_cat","embeddable":true,"href":"https:\/\/textilbogyo.hu\/en_gb\/wp-json\/wp\/v2\/product_cat?post=4588"},{"taxonomy":"product_tag","embeddable":true,"href":"https:\/\/textilbogyo.hu\/en_gb\/wp-json\/wp\/v2\/product_tag?post=4588"}],"curies":[{"name":"wp","href":"https:\/\/api.w.org\/{rel}","templated":true}]}}