{"id":4615,"date":"2025-02-20T15:36:15","date_gmt":"2025-02-20T14:36:15","guid":{"rendered":"https:\/\/textilbogyo.hu\/?post_type=product&#038;p=4615"},"modified":"2025-10-01T09:53:50","modified_gmt":"2025-10-01T08:53:50","slug":"nagy-cseppalaku-feher-sarga-szines-fonal-nyaklanc-textil-egyedi-fonal-ekszer","status":"publish","type":"product","link":"https:\/\/textilbogyo.hu\/en_gb\/shop\/fa-ekszerek\/nagy-cseppalaku-feher-sarga-szines-fonal-nyaklanc-textil-egyedi-fonal-ekszer\/","title":{"rendered":"Nagy cseppalak\u00fa feh\u00e9r-s\u00e1rga sz\u00ednes fonal nyakl\u00e1nc ,textil egyedi fonal \u00e9kszer"},"content":{"rendered":"<p>Csepp alak\u00fa faalapra k\u00e9sz\u00fclt sz\u00ednes fonal nyakl\u00e1nc. K\u0151ris f\u00e1b\u00f3l k\u00e9sz\u00fclt a faalap,lakkozott. Bib \u00e9kszer, azoknak, akik a nagyobb darabokat kedvelik. T\u00f6bb darabot is el tudok k\u00e9sz\u00edteni rendel\u00e9sre m\u00e1s sz\u00ednvil\u00e1gban is .<\/p>\n<p>Azoknak aj\u00e1nlom, akik szeretnek kit\u0171nni a t\u00f6megb\u0151l egyedi, sz\u00ednes kieg\u00e9sz\u00edt\u0151kkel.\u00a0 K\u00f6nny\u0171 viselet.<\/p>\n<p>Facsepp hossza: 8 cm<\/p>\n<p>Facsepp legnagyobb sz\u00e9less\u00e9ge 6 cm<\/p>","protected":false},"excerpt":{"rendered":"<p>Cseppalak\u00fa \u00e9kszer<\/p>\n<p>Drop-shaped textile jewellery, unique fabric boho necklace<\/p>","protected":false},"featured_media":4614,"template":"","meta":{"_monsterinsights_skip_tracking":false,"_monsterinsights_sitenote_active":false,"_monsterinsights_sitenote_note":"","_monsterinsights_sitenote_category":0,"kt_blocks_editor_width":""},"product_cat":[749],"product_tag":[1301,1300,1302,1419,1464,1408,1407,1409,1295,1291,1298,1299,1410,1292,1294,1296,1303],"_links":{"self":[{"href":"https:\/\/textilbogyo.hu\/en_gb\/wp-json\/wp\/v2\/product\/4615"}],"collection":[{"href":"https:\/\/textilbogyo.hu\/en_gb\/wp-json\/wp\/v2\/product"}],"about":[{"href":"https:\/\/textilbogyo.hu\/en_gb\/wp-json\/wp\/v2\/types\/product"}],"wp:featuredmedia":[{"embeddable":true,"href":"https:\/\/textilbogyo.hu\/en_gb\/wp-json\/wp\/v2\/media\/4614"}],"wp:attachment":[{"href":"https:\/\/textilbogyo.hu\/en_gb\/wp-json\/wp\/v2\/media?parent=4615"}],"wp:term":[{"taxonomy":"product_cat","embeddable":true,"href":"https:\/\/textilbogyo.hu\/en_gb\/wp-json\/wp\/v2\/product_cat?post=4615"},{"taxonomy":"product_tag","embeddable":true,"href":"https:\/\/textilbogyo.hu\/en_gb\/wp-json\/wp\/v2\/product_tag?post=4615"}],"curies":[{"name":"wp","href":"https:\/\/api.w.org\/{rel}","templated":true}]}}