{"id":4623,"date":"2025-02-20T17:59:42","date_gmt":"2025-02-20T16:59:42","guid":{"rendered":"https:\/\/textilbogyo.hu\/?post_type=product&#038;p=4623"},"modified":"2025-10-01T09:42:01","modified_gmt":"2025-10-01T08:42:01","slug":"elkelt","status":"publish","type":"product","link":"https:\/\/textilbogyo.hu\/en_gb\/shop\/fa-ekszerek\/elkelt\/","title":{"rendered":"ELKELT Tengerk\u00e9k csepp alak\u00fa k\u00e9k fonal f\u00fclbeval\u00f3 \u00e9s nyakl\u00e1nc ,textil \u00e9kszerszett"},"content":{"rendered":"<p>ELKELT, de k\u00e9rhetsz \u00fajat vagy hasonl\u00f3t<\/p>\n<p>Csepp alak\u00fa faalapra k\u00e9sz\u00fclt sz\u00ednes fonal f\u00fclbeval\u00f3 . K\u0151ris f\u00e1b\u00f3l k\u00e9sz\u00fclt a faalap, de k\u00e9ksz\u00edn\u0171re festett,lakkozott. Egyedi darab. Bib f\u00fclbeval\u00f3. T\u00f6bb darabot is el tudok k\u00e9sz\u00edteni rendel\u00e9sre m\u00e1s sz\u00ednvil\u00e1gban is .<\/p>\n<p>Azoknak aj\u00e1nlom, akik szeretnek kit\u0171nni a t\u00f6megb\u0151l egyedi, sz\u00ednes kieg\u00e9sz\u00edt\u0151kkel. K\u00e9r\u00e9sre tudok nyakl\u00e1ncot is k\u00e9sz\u00edteni hozz\u00e1. K\u00f6nny\u0171 viselet.<\/p>\n<p><strong>F\u00fclbeval\u00f3<\/strong><\/p>\n<p>teljes hossza: 8.8 cm<\/p>\n<p>Facsepp hossza: 6.4 cm<\/p>\n<p>Facsepp legnagyobb sz\u00e9less\u00e9ge 4.5 cm<\/p>\n<p>&nbsp;<\/p>\n<p>F\u00fclbeval\u00f3: 6.900 Ft<\/p>\n<p>Nyakl\u00e1nc Bib: 6.300 Ft<\/p>\n<p>&nbsp;<\/p>\n<p>&nbsp;<\/p>\n<p>Unique, one-of-a-kind bib textile earrings in green-blue colours.Eco-friendly jewellery, I use ends of yarn and upcycled wood.<br \/>\nThe necklace is hanging on a green silk ribbon, it is finished by clasp.<br \/>\nYOU CAN CHOOSE ONLY THE EARRINGS OR THE NECKLACE OR BOTH OF THEM AS A JEWELLERY SET.<\/p>\n<p>Boho wooden earrings<br \/>\nTrendy Folk Earrings<br \/>\nThread wrapped earrings<br \/>\nTear-drop earrings<br \/>\nThese beautifully crafted earrings were inspired by modern style. Bib earrings for you or your loved ones!<br \/>\nIn the wooden frame there is an attractive thread decoration.<\/p>\n<p>It is light to wear. Please take care of textile jewelleries as bathing, swimming or showering can damage the quality and look of it.<\/p>\n<p>Give your outfit a bright, playful pop with these statement earrings comprised of wooden frame wrapped in multicolored thread.Great women gift idea.<br \/>\nAll jewelry is designed and crafted by me with love.<\/p>\n<p>ITEM DETAILS<br \/>\n* Materials: thread, wooden frame, earring hook<\/p>\n<p>Measurement:<br \/>\nEarrings:<br \/>\nTotal length: 8.5 cm (3.3&#8243;), the wooden part is 6.2 cm x4.5 cm (2.4&#8243; x 1.7&#8243;)<br \/>\nThickness of the wooden frame: 5 mm<\/p>\n<p>Necklace: the pendant is 6 cm x 8.3 cm (3.2 x 2.3&#8243;)<\/p>","protected":false},"excerpt":{"rendered":"<p>Csepp alak\u00fa f\u00fclbeval\u00f3 \u00e9s BIB nyakl\u00e1nc<\/p>","protected":false},"featured_media":0,"template":"","meta":{"_monsterinsights_skip_tracking":false,"_monsterinsights_sitenote_active":false,"_monsterinsights_sitenote_note":"","_monsterinsights_sitenote_category":0,"kt_blocks_editor_width":""},"product_cat":[749],"product_tag":[1301,1300,1302,1340,1295,1291,1298,1299,1292,1294,1296,1303],"_links":{"self":[{"href":"https:\/\/textilbogyo.hu\/en_gb\/wp-json\/wp\/v2\/product\/4623"}],"collection":[{"href":"https:\/\/textilbogyo.hu\/en_gb\/wp-json\/wp\/v2\/product"}],"about":[{"href":"https:\/\/textilbogyo.hu\/en_gb\/wp-json\/wp\/v2\/types\/product"}],"wp:attachment":[{"href":"https:\/\/textilbogyo.hu\/en_gb\/wp-json\/wp\/v2\/media?parent=4623"}],"wp:term":[{"taxonomy":"product_cat","embeddable":true,"href":"https:\/\/textilbogyo.hu\/en_gb\/wp-json\/wp\/v2\/product_cat?post=4623"},{"taxonomy":"product_tag","embeddable":true,"href":"https:\/\/textilbogyo.hu\/en_gb\/wp-json\/wp\/v2\/product_tag?post=4623"}],"curies":[{"name":"wp","href":"https:\/\/api.w.org\/{rel}","templated":true}]}}