{"id":4637,"date":"2025-02-20T18:15:48","date_gmt":"2025-02-20T17:15:48","guid":{"rendered":"https:\/\/textilbogyo.hu\/?post_type=product&#038;p=4637"},"modified":"2025-02-21T08:46:52","modified_gmt":"2025-02-21T07:46:52","slug":"nagy-csepp-alaku-fonal-fulbevalo-textil-egyedi-fulbevalo-fonal-fulbevalo-fafulbevalo-masolat","status":"publish","type":"product","link":"https:\/\/textilbogyo.hu\/en_gb\/shop\/fa-ekszerek\/nagy-csepp-alaku-fonal-fulbevalo-textil-egyedi-fulbevalo-fonal-fulbevalo-fafulbevalo-masolat\/","title":{"rendered":"ELKELT Mini csepp alak\u00fa halv\u00e1ny \u00e1rnyalatban f\u00fclbeval\u00f3,textil egyedi f\u00fclbeval\u00f3, fonal f\u00fclbeval\u00f3"},"content":{"rendered":"<p>ELKELT, de k\u00e9rhetsz \u00fajat<\/p>\n<p>&nbsp;<\/p>\n<p>Csepp alak\u00fa faalapra k\u00e9sz\u00fclt sz\u00ednes fonal f\u00fclbeval\u00f3 . A faalap k\u0151ris f\u00e1b\u00f3l k\u00e9sz\u00fclt. Egyedi darab. T\u00f6bb darabot is el tudok k\u00e9sz\u00edteni rendel\u00e9sre m\u00e1s sz\u00ednvil\u00e1gban is . Halv\u00e1ny k\u00e9k \u00e9s barack sz\u00edn \u00e1rnyalatban k\u00e9sz\u00fclt. Azoknak aj\u00e1nlom, akik a vil\u00e1gosabb,visszafogottabb sz\u00edneket kedvelik. K\u00f6nny\u0171 viselet.<\/p>\n<p>M\u00e9rete: F\u00fclbeval\u00f3 teljes hossza: 5.5cm<\/p>\n<p>Facsepp hossza: 3 cm Facsepp legnagyobb sz\u00e9less\u00e9ge 2.2 cm<\/p>\n<p>&nbsp;<\/p>\n<p>4000 Ft\/p\u00e1r<\/p>\n<p>&nbsp;<\/p>\n<p>&nbsp;<\/p>","protected":false},"excerpt":{"rendered":"<p>ELKELT, de k\u00e9rhetsz \u00fajat &nbsp; Csepp alak\u00fa faalapra k\u00e9sz\u00fclt sz\u00ednes fonal f\u00fclbeval\u00f3 . A faalap k\u0151ris f\u00e1b\u00f3l k\u00e9sz\u00fclt. Egyedi darab. T\u00f6bb darabot is el tudok k\u00e9sz\u00edteni rendel\u00e9sre m\u00e1s sz\u00ednvil\u00e1gban is . Halv\u00e1ny k\u00e9k \u00e9s barack sz\u00edn \u00e1rnyalatban k\u00e9sz\u00fclt. Azoknak aj\u00e1nlom, &hellip; <a href=\"https:\/\/textilbogyo.hu\/en_gb\/shop\/fa-ekszerek\/nagy-csepp-alaku-fonal-fulbevalo-textil-egyedi-fulbevalo-fonal-fulbevalo-fafulbevalo-masolat\/\">Continued<\/a><\/p>","protected":false},"featured_media":4695,"template":"","meta":{"_monsterinsights_skip_tracking":false,"_monsterinsights_sitenote_active":false,"_monsterinsights_sitenote_note":"","_monsterinsights_sitenote_category":0,"kt_blocks_editor_width":""},"product_cat":[749],"product_tag":[1421,1411,1413,1412,1420],"_links":{"self":[{"href":"https:\/\/textilbogyo.hu\/en_gb\/wp-json\/wp\/v2\/product\/4637"}],"collection":[{"href":"https:\/\/textilbogyo.hu\/en_gb\/wp-json\/wp\/v2\/product"}],"about":[{"href":"https:\/\/textilbogyo.hu\/en_gb\/wp-json\/wp\/v2\/types\/product"}],"wp:featuredmedia":[{"embeddable":true,"href":"https:\/\/textilbogyo.hu\/en_gb\/wp-json\/wp\/v2\/media\/4695"}],"wp:attachment":[{"href":"https:\/\/textilbogyo.hu\/en_gb\/wp-json\/wp\/v2\/media?parent=4637"}],"wp:term":[{"taxonomy":"product_cat","embeddable":true,"href":"https:\/\/textilbogyo.hu\/en_gb\/wp-json\/wp\/v2\/product_cat?post=4637"},{"taxonomy":"product_tag","embeddable":true,"href":"https:\/\/textilbogyo.hu\/en_gb\/wp-json\/wp\/v2\/product_tag?post=4637"}],"curies":[{"name":"wp","href":"https:\/\/api.w.org\/{rel}","templated":true}]}}