{"id":4642,"date":"2025-02-20T18:23:23","date_gmt":"2025-02-20T17:23:23","guid":{"rendered":"https:\/\/textilbogyo.hu\/?post_type=product&#038;p=4642"},"modified":"2025-10-01T09:44:19","modified_gmt":"2025-10-01T08:44:19","slug":"zold-csepp-alaku-fonal-fulbevalo-textil-egyedi-fulbevalo-fonal-fulbevalo-fafulbevalo","status":"publish","type":"product","link":"https:\/\/textilbogyo.hu\/en_gb\/shop\/fa-ekszerek\/zold-csepp-alaku-fonal-fulbevalo-textil-egyedi-fulbevalo-fonal-fulbevalo-fafulbevalo\/","title":{"rendered":"Z\u00f6ld csepp alak\u00fa fonal f\u00fclbeval\u00f3 ,textil egyedi f\u00fclbeval\u00f3, fonal f\u00fclbeval\u00f3, faf\u00fclbeval\u00f3"},"content":{"rendered":"<p>Csepp alak\u00fa faalapra k\u00e9sz\u00fclt sz\u00ednes fonal f\u00fclbeval\u00f3 . K\u0151ris f\u00e1b\u00f3l k\u00e9sz\u00fclt a faalap..<\/p>\n<p>Egyedi darab. Bib f\u00fclbeval\u00f3. T\u00f6bb darabot is el tudok k\u00e9sz\u00edteni rendel\u00e9sre m\u00e1s sz\u00ednvil\u00e1gban is .<\/p>\n<p>Z\u00f6ld \u00e1rnyalatban k\u00e9sz\u00fclt. Azoknak aj\u00e1nlom, akik szeretnek kit\u0171nni a t\u00f6megb\u0151l egyedi, sz\u00ednes kieg\u00e9sz\u00edt\u0151kkel.<\/p>\n<p>K\u00e9r\u00e9sre tudok nyakl\u00e1ncot is k\u00e9sz\u00edteni hozz\u00e1. K\u00f6nny\u0171 viselet.<\/p>\n<p>M\u00e9rete: F\u00fclbeval\u00f3 teljes hossza: 8.8 cm<\/p>\n<p>Facsepp hossza: 6.4 cm<\/p>\n<p>Facsepp legnagyobb sz\u00e9less\u00e9ge 4.5 cm<\/p>\n<p>&nbsp;<\/p>\n<p>&nbsp;<\/p>\n<p>&nbsp;<\/p>\n<p>&nbsp;<\/p>","protected":false},"excerpt":{"rendered":"<p>Csepp alak\u00fa f\u00fclbeval\u00f3<\/p>\n<p>Drop-shaped textile jewellery, unique fabric boho necklace<\/p>","protected":false},"featured_media":5028,"template":"","meta":{"_monsterinsights_skip_tracking":false,"_monsterinsights_sitenote_active":false,"_monsterinsights_sitenote_note":"","_monsterinsights_sitenote_category":0,"kt_blocks_editor_width":""},"product_cat":[749],"product_tag":[1301,1300,1302,1421,1463,1417,1413,1412,1295,1291,1298,1299,1292,1294,1296,1303],"_links":{"self":[{"href":"https:\/\/textilbogyo.hu\/en_gb\/wp-json\/wp\/v2\/product\/4642"}],"collection":[{"href":"https:\/\/textilbogyo.hu\/en_gb\/wp-json\/wp\/v2\/product"}],"about":[{"href":"https:\/\/textilbogyo.hu\/en_gb\/wp-json\/wp\/v2\/types\/product"}],"wp:featuredmedia":[{"embeddable":true,"href":"https:\/\/textilbogyo.hu\/en_gb\/wp-json\/wp\/v2\/media\/5028"}],"wp:attachment":[{"href":"https:\/\/textilbogyo.hu\/en_gb\/wp-json\/wp\/v2\/media?parent=4642"}],"wp:term":[{"taxonomy":"product_cat","embeddable":true,"href":"https:\/\/textilbogyo.hu\/en_gb\/wp-json\/wp\/v2\/product_cat?post=4642"},{"taxonomy":"product_tag","embeddable":true,"href":"https:\/\/textilbogyo.hu\/en_gb\/wp-json\/wp\/v2\/product_tag?post=4642"}],"curies":[{"name":"wp","href":"https:\/\/api.w.org\/{rel}","templated":true}]}}