{"id":4668,"date":"2025-02-21T07:05:52","date_gmt":"2025-02-21T06:05:52","guid":{"rendered":"https:\/\/textilbogyo.hu\/?post_type=product&#038;p=4668"},"modified":"2025-09-30T20:11:28","modified_gmt":"2025-09-30T19:11:28","slug":"narancsos-felhold-fa-es-fonalnyaklanc-egyedi-ekszer-bohem-nyaklanc-textilekszer","status":"publish","type":"product","link":"https:\/\/textilbogyo.hu\/en_gb\/shop\/fa-ekszerek\/narancsos-felhold-fa-es-fonalnyaklanc-egyedi-ekszer-bohem-nyaklanc-textilekszer\/","title":{"rendered":"Narancsos F\u00e9lhold fa \u00e9s fonalnyakl\u00e1nc, egyedi \u00e9kszer, boh\u00e9m nyakl\u00e1nc, textil\u00e9kszer"},"content":{"rendered":"<p>F\u00e9lhold alak\u00fa nyakl\u00e1nc narancss\u00e1rga, s\u00e1rga, z\u00f6ld sz\u00ednekben faalapon . Saj\u00e1t tervez\u00e9s \u00e9s kivitelez\u00e9s. Divatos,k\u00fcl\u00f6nleges kieg\u00e9sz\u00edt\u0151 minden n\u0151 sz\u00e1m\u00e1ra. Minden alkot\u00e1som k\u00e9zzel, szeretettel \u00e9s a r\u00e9szletekre val\u00f3 odafigyel\u00e9ssel k\u00e9sz\u00fclt, kiv\u00e1l\u00f3 min\u0151s\u00e9g\u0171 fonalak \u00e9s anyagok felhaszn\u00e1l\u00e1s\u00e1val. Egyedi darab.<\/p>\n<p>A nyakl\u00e1nc selyemszalagos kapoccsal k\u00f6thet\u0151 meg T\u00f6bb darabot is tudok k\u00e9sz\u00edteni rendel\u00e9sre.<\/p>\n<p>M\u00e9rete: Hossz\u00fas\u00e1g: 13.5 cm<\/p>","protected":false},"excerpt":{"rendered":"<p>F\u00e9lhold fa\u00e9kszer<\/p>","protected":false},"featured_media":4669,"template":"","meta":{"_monsterinsights_skip_tracking":false,"_monsterinsights_sitenote_active":false,"_monsterinsights_sitenote_note":"","_monsterinsights_sitenote_category":0,"kt_blocks_editor_width":""},"product_cat":[749],"product_tag":[1301,1300,1302,1305,1407,1414,1295,1291,1298,1299,1294,1296,1303],"_links":{"self":[{"href":"https:\/\/textilbogyo.hu\/en_gb\/wp-json\/wp\/v2\/product\/4668"}],"collection":[{"href":"https:\/\/textilbogyo.hu\/en_gb\/wp-json\/wp\/v2\/product"}],"about":[{"href":"https:\/\/textilbogyo.hu\/en_gb\/wp-json\/wp\/v2\/types\/product"}],"wp:featuredmedia":[{"embeddable":true,"href":"https:\/\/textilbogyo.hu\/en_gb\/wp-json\/wp\/v2\/media\/4669"}],"wp:attachment":[{"href":"https:\/\/textilbogyo.hu\/en_gb\/wp-json\/wp\/v2\/media?parent=4668"}],"wp:term":[{"taxonomy":"product_cat","embeddable":true,"href":"https:\/\/textilbogyo.hu\/en_gb\/wp-json\/wp\/v2\/product_cat?post=4668"},{"taxonomy":"product_tag","embeddable":true,"href":"https:\/\/textilbogyo.hu\/en_gb\/wp-json\/wp\/v2\/product_tag?post=4668"}],"curies":[{"name":"wp","href":"https:\/\/api.w.org\/{rel}","templated":true}]}}